{"id":99,"date":"2017-06-24T22:04:48","date_gmt":"2017-06-24T22:04:48","guid":{"rendered":"http:\/\/blogs.oregonstate.edu\/shiellab\/?page_id=99"},"modified":"2026-02-15T23:44:15","modified_gmt":"2026-02-15T23:44:15","slug":"publications","status":"publish","type":"page","link":"https:\/\/blogs.oregonstate.edu\/shiellab\/publications\/","title":{"rendered":"PUBLICATIONS"},"content":{"rendered":"\n<p>Find an up to date list on <a href=\"https:\/\/scholar.google.com\/citations?hl=en&amp;user=x9HpZxgAAAAJ&amp;view_op=list_works\" data-type=\"URL\" data-id=\"https:\/\/scholar.google.com\/citations?hl=en&amp;user=x9HpZxgAAAAJ&amp;view_op=list_works\" target=\"_blank\" rel=\"noreferrer noopener\">Google Scholar<\/a>.<\/p>\n\n\n\n<p> Wensman, S., <strong>A.E. Shiel<\/strong>, C.J. Russo, and A.J.R. Kent (2025) Evaluating use of laser ablation quadrupole inductively coupled plasma mass spectrometry for low concentration lead isotope measurements. <em>International Journal of Mass Spectrometry<\/em>, 511: 117429. <a href=\"https:\/\/doi.org\/10.1016\/j.ijms.2025.117429\">https:\/\/doi.org\/10.1016\/j.ijms.2025.117429<\/a><\/p>\n\n\n\n<p><strong>Shiel, A.E.,<\/strong>\u00a0S. Jovan, and C.J. Murphy (2024)\u00a0Lead-sheathed telecom cables and historic leaded gasoline emissions substantially raise environmental lead levels in Portland, Oregon.\u00a0<em>Communications Earth &amp; Environment 5: 384<\/em>.<a href=\"https:\/\/doi.org\/10.1038\/s43247-024-01534-0\"> https:\/\/doi.org\/10.1038\/s43247-024-01534-0<\/a><\/p>\n\n\n\n<p>Neitlich, P.N., W. Wright,&nbsp;E. Di Meglio,&nbsp;<strong>A.E. Shiel<\/strong>, C.J. Hampton-Miller and M.B. Hooten (2024) Mixed trends in heavy metal-enriched fugitive dust on National Park Service lands along the Red Dog Mine haul road, Alaska, 2006\u20132017.&nbsp;<em>PLoS ONE&nbsp;<\/em>19(2): e0297777.&nbsp;<a href=\"https:\/\/doi.org\/10.1371\/journal.pone.0297777\">https:\/\/doi.org\/10.1371\/journal.pone.0297777<\/a><\/p>\n\n\n<p>Griffore, M.P., <strong>A.E. Shiel<\/strong>, <u>E. Rutila<\/u>, A.L. Hillman, F. Barreiro-Lostres, B.L. Valero-Garc\u00e9s, M. Morell\u00f3n and M.B. Abbott (2023) A 4,000-Year Pb Isotope Record from Laguna Roya in Northwestern Spain Reveals Mines in the Southwest as the Primary Source of Anthropogenic Lead. <em>Anthropocene\u00a0<\/em>42: 100375. <a href=\"https:\/\/doi.org\/10.1016\/j.ancene.2023.100375\">https:\/\/doi.org\/10.1016\/j.ancene.2023.100375<\/a><\/p>\n<p style=\"font-weight: 400\">Wright, W.J., P.N. Neitlich, <strong>A.E. Shiel<\/strong> and M.B. Hooten (2022) Mechanistic spatial models for heavy metal pollution. <em>Environmentrics <\/em>33: e2760. <a href=\"https:\/\/doi.org\/10.1002\/env.2760\">https:\/\/doi.org\/10.1002\/env.2760<\/a><\/p>\n<p style=\"font-weight: 400\"><u>Wensman, S.<\/u>, <strong>A.E.<\/strong> <strong>Shiel <\/strong>and J.R. McConnell (2022) Lead isotopic fingerprinting of 250-years of Industrial Era pollution in Greenland Ice. <em>Anthropocene<\/em><em> 38: 100340. <\/em><a href=\"https:\/\/doi.org\/10.1016\/j.ancene.2022.100340\">https:\/\/doi.org\/10.1016\/j.ancene.2022.100340<\/a><\/p>\n<p style=\"font-weight: 400\">Neitlich, P.N., S. Berryman, J.M. Ver Hoef, L.H. Geiser, A. Mines, B. McCune and <strong>A.E. Shiel<\/strong> (2022) Impacts to tundra vegetation from heavy metal-enriched fugitive dust on National Park Service lands along the Red Dog Mine haul road, Alaska. <em>PLoS ONE: 17(6): e0269801. <\/em><a href=\"https:\/\/doi.org\/10.1371\/journal.pone.0269801\"><em>https:\/\/doi.org\/10.1371\/journal.pone.0269801<\/em><\/a><\/p>\n<p style=\"font-weight: 400\">Li, M., D. Weis, K.E. Smith, <strong>A.E. Shiel<\/strong>, W.D. Smith, B.P.V. Hunt, <u>A. Torchinsky<\/u> and E.A. Pakhomov (2020) Assessing Lead Sources in Fishes of Northeast Pacific Ocean. <em>Anthropocene<\/em> 29: 100234. <a href=\"https:\/\/doi.org\/10.1016\/j.ancene.2019.100234\">https:\/\/doi.org\/10.1016\/j.ancene.2019.100234<\/a><\/p>\n<p style=\"font-weight: 400\">Herring, G., C.A. Eagles-Smith, J. Buck, <strong>A.E. Shiel<\/strong>, C.R. Vennum, C. Emery, B. Johnson, D. Leal, J.A. Heath, B.M. Dudek, C.R. Preston and B. Woodbridge (2020) There are no free meals: agriculture-related subsidies improve growth rates but expose nestling Golden Eagles to lead. <em>Ecosphere<\/em> 11(1): e03006. <a href=\"https:\/\/doi.org\/10.1002\/ecs2.3006\">https:\/\/doi.org\/10.1002\/ecs2.3006<\/a><\/p>\n<p style=\"font-weight: 400\">Smith, K.E., D. Weis, M. Amini, <strong>A.E. Shiel<\/strong>, V. Lai and K. Gordon (2019) Honey as a biomonitor for a changing world. <em>Nature Sustainability <\/em>2: 223\u2013232. <a href=\"https:\/\/doi.org\/10.1038\/s41893-019-0243-0\">https:\/\/doi.org\/10.1038\/s41893-019-0243-0<\/a><\/p>\n<p style=\"font-weight: 400\">Christensen, J.N., B. Dafflon, <strong>A.E. Shiel<\/strong>, T. Tokunaga, J. Wan, B. Faybishenko, W. Dong, K.H. Williams, C. Hobson, S.T. Brown and S.S. Hubbard. (2018) Using strontium isotopes to evaluate the spatial variation of groundwater recharge. <em>Science of the Total Environment<\/em> 637\u2013638: 672\u2013685. <a href=\"https:\/\/doi.org\/10.1016\/j.scitotenv.2018.05.019\">https:\/\/doi.org\/10.1016\/j.scitotenv.2018.05.019<\/a><\/p>\n<p style=\"font-weight: 400\"><strong>Shiel, A<\/strong><strong>.E.<\/strong>, D. Weis and N. Mattielli (2018) Geochemistry of heavy metal isotopes: tracers of anthropogenic source and environmental footprint. In: Applied Isotopic Geochemistry Topics in Mineral Sciences, Ed. Eglington, B., M. Fayek and K. Kyser, Mineralogical Association of Canada, 48. ISBN: 978-0-921294-62-7. <a href=\"https:\/\/doi.org\/10.3749\/9780921294702.ch07\">https:\/\/doi.org\/10.3749\/9780921294702.ch07<\/a><\/p>\n<p style=\"font-weight: 400\"><strong style=\"font-weight: 400\">Jemison, N.E., \u00a0<\/strong><strong>A.E. Shiel<\/strong>, T.M. Johnson, C.C. Lundstrom, P.E. Long and K.H. Williams (2018) Field application of <sup style=\"font-weight: 400\">238<\/sup>U\/<sup style=\"font-weight: 400\">235<\/sup>U measurements to detect reoxidation and mobilization of U(IV). <em style=\"font-weight: 400\">Environmental Science and Technology <\/em>52: 3422\u20133430. <a href=\"https:\/\/doi.org\/10.1021\/acs.est.7b05162\">https:\/\/doi.org\/10.1021\/acs.est.7b05162<\/a><\/p>\n<p><strong>Neitlich,<\/strong> P. N., J. M. VerHoef, S. D. Berryman, A. Mnes, L. H. Geiser, L. M. Hasselbach and A.E. Shiel (2017) Trends in Spatial Patterns of Heavy Metal Deposition on National Park Service Lands along the Red Dog Mine Haul Road, Alaska, 2001-2006. PLoS ONE 12(5): e0177936. <a href=\"https:\/\/doi.org\/10.1371\/journal.pone.0177936\">https:\/\/doi.org\/10.1371\/journal.pone.0177936<\/a><\/p>\n<p>Jemison, N.E., T.M. Johnson, <strong>A.E. Shiel<\/strong> and C.C. Lundstrom (2016) Uranium isotopic fractionation induced by U(VI) Adsorption onto common aquifer minerals. Environmental Science &amp; Technology 50: 12232\u201312240. <a href=\"https:\/\/doi.org\/10.1021\/acs.est.6b03488\">https:\/\/doi.org\/10.1021\/acs.est.6b03488<\/a><\/p>\n<p><strong>Shiel, A.E.<\/strong>, T.M. Johnson, C.C.Lundstrom, P.G. Laubach, P.E. Long and K.H. Williams (2016) Reactive transport of uranium in a groundwater bioreduction study: Insights from high-temporal resolution 238U\/235U data. Geochimica Cosmochimica Acta 187: 218\u2013236. <a href=\"https:\/\/doi.org\/10.1016\/j.gca.2016.05.020\">https:\/\/doi.org\/10.1016\/j.gca.2016.05.020<\/a><\/p>\n<p style=\"font-weight: 400\"><strong>Shiel, A.E.<\/strong>, P.G. Laubach, T.M. Johnson, C.C. Lundstrom, P.E. Long and K.H. Williams (2013) No measurable changes in <sup>238<\/sup>U\/<sup>235<\/sup>U due to the adsorption of U(VI) from groundwater at the Rifle, Colorado IFRC Site. <em>Environmental Science and Technology<\/em> 47: 2535\u20132541. <a href=\"https:\/\/doi.org\/10.1021\/es303913y\">https:\/\/doi.org\/10.1021\/es303913y<\/a><\/p>\n<p><strong>Shiel, A.E.<\/strong>, D. Weis, D. Cossa and K.J. Orians (2013) Determining provenance of marine metal pollution in French bivalves using Cd, Zn and Pb isotopes. Geochimica Cosmochimica Acta 121: 155\u2013167. <a href=\"https:\/\/doi.org\/10.1016\/j.gca.2013.07.005\">https:\/\/doi.org\/10.1016\/j.gca.2013.07.005<\/a><\/p>\n<p>Abouchami, W., S.J.G. Galer, T.J. Horner, M. Rehk\u00e4mper, F. Wombacher, Z. Xue, M. Lambelet, M. Gault-Ringold, C. Stirling, M. Sch\u00f6nb\u00e4chler, <strong>A.E. Shiel<\/strong>, D. Weis and P.F. Holdship (2012) A common reference material for cadmium isotope studies\u2014NIST SRM 3108 Cd. Geostandards and Geoanalytical Research, <a href=\"https:\/\/doi.org\/10.1111\/j.1751-908X.2012.00175.x\">https:\/\/doi.org\/10.1111\/j.1751-908X.2012.00175.x<\/a><\/p>\n<p><strong>Shiel, A.E.<\/strong>, D. Weis and K.J. Orians (2012) Tracing cadmium, zinc and lead sources in bivalves from the coasts of western Canada and the USA using isotopes. Geochimica et Cosmochimica Acta 76: 175\u2013190. <a href=\"https:\/\/doi.org\/10.1016\/j.gca.2011.10.005\">https:\/\/doi.org\/10.1016\/j.gca.2011.10.005<\/a><\/p>\n<p><strong>Shiel, A.E.<\/strong>, D. Weis and K.J. Orians (2010) Evaluation of zinc, cadmium and lead isotope fractionation during smelting and refining. Science of the Total Environment 408: 2357\u20132368. <a href=\"https:\/\/doi.org\/10.1016\/j.scitotenv.2010.02.016\">https:\/\/doi.org\/10.1016\/j.scitotenv.2010.02.016<\/a><\/p>\n<p><strong>Shiel, A.E.<\/strong>, J. Barling, K.J. Orians and D. Weis (2009) Matrix effects on the multi-collector inductively coupled plasma mass spectrometric analysis of high-precision cadmium and zinc isotope ratios. Analytica Chimica Acta 633: 29\u201337. <a href=\"https:\/\/doi.org\/10.1016\/j.aca.2008.11.026\">https:\/\/doi.org\/10.1016\/j.aca.2008.11.026<\/a><\/p>","protected":false},"excerpt":{"rendered":"<p>Find an up to date list on Google Scholar. Wensman, S., A.E. Shiel, C.J. Russo, and A.J.R. Kent (2025) Evaluating use of laser ablation quadrupole inductively coupled plasma mass spectrometry for low concentration lead isotope measurements. International Journal of Mass Spectrometry, 511: 117429. https:\/\/doi.org\/10.1016\/j.ijms.2025.117429 Shiel, A.E.,\u00a0S. Jovan, and C.J. Murphy (2024)\u00a0Lead-sheathed telecom cables and historic &hellip; <a href=\"https:\/\/blogs.oregonstate.edu\/shiellab\/publications\/\" class=\"more-link\">Continue reading <span class=\"screen-reader-text\">PUBLICATIONS<\/span> <span class=\"meta-nav\">&rarr;<\/span><\/a><\/p>\n","protected":false},"author":8542,"featured_media":0,"parent":0,"menu_order":3,"comment_status":"closed","ping_status":"closed","template":"","meta":{"jetpack_post_was_ever_published":false,"footnotes":""},"class_list":["post-99","page","type-page","status-publish","hentry"],"jetpack_sharing_enabled":true,"jetpack_shortlink":"https:\/\/wp.me\/P8ZHDw-1B","jetpack-related-posts":[],"_links":{"self":[{"href":"https:\/\/blogs.oregonstate.edu\/shiellab\/wp-json\/wp\/v2\/pages\/99","targetHints":{"allow":["GET"]}}],"collection":[{"href":"https:\/\/blogs.oregonstate.edu\/shiellab\/wp-json\/wp\/v2\/pages"}],"about":[{"href":"https:\/\/blogs.oregonstate.edu\/shiellab\/wp-json\/wp\/v2\/types\/page"}],"author":[{"embeddable":true,"href":"https:\/\/blogs.oregonstate.edu\/shiellab\/wp-json\/wp\/v2\/users\/8542"}],"replies":[{"embeddable":true,"href":"https:\/\/blogs.oregonstate.edu\/shiellab\/wp-json\/wp\/v2\/comments?post=99"}],"version-history":[{"count":4,"href":"https:\/\/blogs.oregonstate.edu\/shiellab\/wp-json\/wp\/v2\/pages\/99\/revisions"}],"predecessor-version":[{"id":593,"href":"https:\/\/blogs.oregonstate.edu\/shiellab\/wp-json\/wp\/v2\/pages\/99\/revisions\/593"}],"wp:attachment":[{"href":"https:\/\/blogs.oregonstate.edu\/shiellab\/wp-json\/wp\/v2\/media?parent=99"}],"curies":[{"name":"wp","href":"https:\/\/api.w.org\/{rel}","templated":true}]}}