{"id":54,"date":"2025-10-27T21:35:24","date_gmt":"2025-10-27T21:35:24","guid":{"rendered":"https:\/\/blogs.oregonstate.edu\/sareknationalparktral\/?page_id=54"},"modified":"2025-11-17T17:15:48","modified_gmt":"2025-11-17T17:15:48","slug":"references","status":"publish","type":"page","link":"https:\/\/blogs.oregonstate.edu\/sareknationalparktral\/references\/","title":{"rendered":"References"},"content":{"rendered":"\n<p>A, S. (2010a). Alggavagge, in Sarek National Park [Photo]. In <em>Wikimedia Commons<\/em>. https:\/\/commons.wikimedia.org\/w\/index.php?curid=10632675<\/p>\n\n\n\n<p>A, S. (2010b). Rapaselet set from Piellorieppe [Photo]. In <em>Wikimedia Commons<\/em>. https:\/\/commons.wikimedia.org\/w\/index.php?curid=3518865<\/p>\n\n\n\n<p><em>About Sarek National Park<\/em>. (n.d.). Sarek National Park. Retrieved October 3, 2025, from https:\/\/www.sverigesnationalparker.se\/en\/choose-park&#8212;list\/sarek-national-park\/national-park-facts\/<\/p>\n\n\n\n<p>Aktiebolag, G. N. (2008). Nordic Sami [Photo]. In <em>Wikimedia Commons<\/em>. https:\/\/commons.wikimedia.org\/w\/index.php?curid=4558053<\/p>\n\n\n\n<p>Aurora Nights. (2023, December 2). <em>School Manager by Family Zone<\/em>. Aurora-Nights.co.uk. https:\/\/aurora-nights.co.uk\/aurora-academy\/what-are-the-northern-lights\/sami-view-of-the-northern-lights\/<\/p>\n\n\n\n<p>Bird Life. (2024). <em>Snowy Owl Bubo Scandiacus Species | BirdLife DataZone<\/em>. BirdLife DataZone. https:\/\/datazone.birdlife.org\/species\/factsheet\/snowy-owl-bubo-scandiacus<\/p>\n\n\n\n<p>BISE. (n.d.). <em>Green infrastructure<\/em>. Biodiversity.europa.eu. Retrieved November 10, 2025, from https:\/\/biodiversity.europa.eu\/countries\/sweden\/green-infrastructure<\/p>\n\n\n\n<p>Caninest. (2017). Wolf [Photo]. In <em>Wikimedia Commons<\/em>. https:\/\/commons.wikimedia.org\/wiki\/File:Wolf_(4394675343).jpg<\/p>\n\n\n\n<p>Djossa, C. (2018, September 12). <em>The World\u2019s First National Parks Are Conservation Role Models<\/em>. National Geographic. https:\/\/www.nationalgeographic.com\/travel\/national-parks\/article\/worlds-first-protected-lands-conservation-yellowstone<\/p>\n\n\n\n<p>Earth Data. (2017). <em>Axel Hamberg\u2019s Sarek research 1895-1933: Use of Invisible S\u00c3\u00a1mi Assistants<\/em>. Nasa.gov. https:\/\/cmr.earthdata.nasa.gov\/search\/concepts\/C1214595321-SCIOPS#<\/p>\n\n\n\n<p>Emma. (2011). Arctic fox. [Photo]. In <em>Wikimedia Commons<\/em>. https:\/\/commons.wikimedia.org\/wiki\/File:Arctic_fox_(6375702297).jpg<\/p>\n\n\n\n<p>European Commission . (2024). <em>LIFE 3.0 &#8211; LIFE Project Public Page<\/em>. Europa.eu. https:\/\/webgate.ec.europa.eu\/life\/publicWebsite\/project\/LIFE98-NAT-S-005371\/preservation-of-the-arctic-fox-alopex-lagopus-in-sweden-and-finland<\/p>\n\n\n\n<p><em>F\u00f6rvaltningen &#8211; Laponia<\/em>. (2023, May 2). Laponia. https:\/\/laponia.nu\/forvaltningen\/<\/p>\n\n\n\n<p>Gabrielwennstig . (2019). View over the Sarvesvagge valley in Sarek national park, in the far north of Sweden. [Photo]. In <em>Wikimedia Commons<\/em>. https:\/\/commons.wikimedia.org\/wiki\/File:Sarvesvagge_Sarek_national_park_Sweden.jpg<\/p>\n\n\n\n<p>Gabrielwennstig . (2021). Sarvesvagge Sarek National Park March [Photo]. In <em>Wikimedia Commons<\/em>. https:\/\/commons.wikimedia.org\/wiki\/File:Sarvesvagge_Sarek_National_Park_March.jpg<\/p>\n\n\n\n<p>Gregory, A. (2016, November 7). Cold Comfort at the Edge of the World. <em>The New York Times<\/em>. https:\/\/www.nytimes.com\/interactive\/2016\/11\/07\/t-magazine\/jokkmokk-sweden-travel.html<\/p>\n\n\n\n<p>Iggy . (2018). Lesser white-fronted goose [Photo]. In <em>Wikimedia Commons<\/em>. https:\/\/commons.wikimedia.org\/wiki\/File:Oie_Naine_-_Anser_erythropus.jpg<\/p>\n\n\n\n<p>Laponia. (2023, August 18). <em>The management &#8211; Laponia<\/em>. Laponia. https:\/\/laponia.nu\/en\/the-management\/<\/p>\n\n\n\n<p>Lundmark, L., Fredman, P., &amp; Sandell, K. (2010). National Parks and Protected Areas and the Role for Employment in Tourism and Forest Sectors: a Swedish Case. <em>Ecology and Society<\/em>, <em>15<\/em>(1). JSTOR. https:\/\/doi.org\/10.2307\/26268103<\/p>\n\n\n\n<p>Marttinen , A. (2016). Sarek National Park, Jokkmokk, Sweden [Photo]. In <em>Wikimedia Commons<\/em>. https:\/\/commons.wikimedia.org\/wiki\/File:Sarek_National_Park,_Jokkmokk,_Sweden_%28Unsplash%29.jpg<\/p>\n\n\n\n<p><em>National Park Facts, History<\/em>. (2025). Sverigesnationalparker.se; Laponia. https:\/\/www.sverigesnationalparker.se\/en\/choose-park&#8212;list\/sarek-national-park\/national-park-facts\/history\/<\/p>\n\n\n\n<p>OBrien, K. R. (2025, January 4). <em>Sweden allows nearly 10% of wolf population to be killed. The government wants an even more drastic cull<\/em>. CNN. https:\/\/edition.cnn.com\/2025\/01\/04\/europe\/sweden-wolf-hunt-controversy-intl<\/p>\n\n\n\n<p>\u00d6kologix. (2011). A Sami home near P\u00e5rek [Photo]. In <em>Wikimedia Commons<\/em>. https:\/\/commons.wikimedia.org\/w\/index.php?curid=16527521<\/p>\n\n\n\n<p>Olson, I. (2025a). Sarek Management Flow Map [Photo]. In <em>Canva<\/em>.<\/p>\n\n\n\n<p>Olson, I. (2025). <em>Sarek National Park<\/em> (No. f92a789e2a0140aeb074aac44c6f2239) [Map]. https:\/\/arcg.is\/1mCruH1<\/p>\n\n\n\n<p>Pickett, C. (2016). Northern Lights In Iceland [Photo]. In <em>Wikimedia Commons<\/em>. https:\/\/commons.wikimedia.org\/wiki\/File:Northern_Lights_In_Iceland_%28139789399%29.jpeg<\/p>\n\n\n\n<p>PROJEKT FJ\u00c4LLG\u00c5S. (2024). <em>English<\/em>. Jagareforbundet.se. https:\/\/jagareforbundet.se\/Projekt-fjallgas\/english\/<\/p>\n\n\n\n<p><em>Sarek &#8211; Laponia<\/em>. (2016, February 24). Laponia. https:\/\/laponia.nu\/nationalparker-och-naturreservat\/sarek\/<\/p>\n\n\n\n<p><em>Sarek &#8211; Laponia<\/em>. (2021, July 6). Laponia. https:\/\/laponia.nu\/en\/nationalparks-and-nature-reserves\/high-mountains-and-deep-valleys\/<\/p>\n\n\n\n<p><em>Sarek National Park | Arctic Circle, Lapland, Wilderness<\/em>. (1998, July 20). Encyclopedia Britannica. https:\/\/www.britannica.com\/place\/Sarek-National-Park<\/p>\n\n\n\n<p>Sondrekv. (2007). Snow and skiing on Hardangervidda, near Vegglifjell, Norway. [Photo]. In <em>Wikimedia Commons<\/em>. https:\/\/commons.wikimedia.org\/w\/index.php?curid=3192150<\/p>\n\n\n\n<p>Sveriges National Parker. (n.d.-a). <em>History<\/em>. Www.sverigesnationalparker.se. Retrieved October 20, 2025, from https:\/\/www.sverigesnationalparker.se\/en\/national-park-facts\/history\/<\/p>\n\n\n\n<p>Sveriges National Parker. (n.d.-b). <em>Sarek national park | Choose National Park | Sweden\u2019s national parks<\/em>. Sveriges Nationalparker. Retrieved October 30, 2025, from https:\/\/www.sverigesnationalparker.se\/en\/choose-park&#8212;list\/sarek-national-park\/<\/p>\n\n\n\n<p>Sveriges National Parker. (2025a). <em>\u00c1lggav\u00e1rre<\/em>. Sverigesnationalparker.se. https:\/\/www.sverigesnationalparker.se\/en\/choose-park&#8212;list\/sarek-national-park\/experience\/alggavarre\/<\/p>\n\n\n\n<p>Sveriges National Parker. (2025b). <em>B\u00e5rddetj\u00e5hkk\u00e5<\/em>. Sverigesnationalparker.se. https:\/\/www.sverigesnationalparker.se\/en\/choose-park&#8212;list\/sarek-national-park\/experience\/barddetjahkka\/<\/p>\n\n\n\n<p>Sveriges National Parker. (2025c). <em>Hambergstugorna<\/em>. Sverigesnationalparker.se. https:\/\/www.sverigesnationalparker.se\/en\/choose-park&#8212;list\/sarek-national-park\/experience\/hambergstugorna\/<\/p>\n\n\n\n<p>Swedish Institute. (2019, February 22). <em>Sami in Sweden<\/em>. Sweden. https:\/\/sweden.se\/life\/people\/sami-in-sweden<\/p>\n\n\n\n<p>Swedish National Audit Office. (2024). <em>Neglected management of national parks and nature reserves<\/em>. Riksrevisionen.se. https:\/\/www.riksrevisionen.se\/en\/news-archive\/nyhetsarkiv-eng\/2024-06-27-neglected-management-of-national-parks-and-nature-reserves.html<\/p>\n\n\n\n<p>Swedish Tourist Association. (2024, November 15). <em>Sarek national park<\/em>. Swedish Tourist Association. https:\/\/www.swedishtouristassociation.com\/guides\/sarek\/<\/p>\n\n\n\n<p><em>The Swedish environmental code (Departementsserien 2000:61)<\/em>. (2025). Riksdagen.se. https:\/\/www.riksdagen.se\/sv\/dokument-och-lagar\/dokument\/departementsserien\/the-swedish-environmental-code_gob461\/html\/<\/p>\n\n\n\n<p>Tilly, B. de . (2011). Snowy owl (Bubo Scandiacus) [Photo]. In <em>Wikimedia Commons<\/em>. https:\/\/commons.wikimedia.org\/wiki\/File:Snowy-Owl.1.jpg<\/p>\n\n\n\n<p>Tjuottjuduspl\u00e1na. (2014). Tjuottjuduspl\u00e1na Management plan Regulations and Maintenance Plan for the National Parks Regulations and Maintenance Plan for the Nature Reserves Sj\u00e1vnja\/Sjaunja Stubb\u00e1. In <em>whc.unesco.org<\/em>. https:\/\/whc.unesco.org\/en\/list\/774\/documents<\/p>\n\n\n\n<p><em>Wildlife<\/em>. (2025). Sverigesnationalparker.se. https:\/\/www.sverigesnationalparker.se\/en\/choose-park&#8212;list\/sarek-national-park\/national-park-facts\/wildlife\/<\/p>\n\n\n\n<p>Word Wildlife Fund. (n.d.). <em>Will climate change push gyrfalcons out of Sweden?<\/em> WWF Arctic. Retrieved November 4, 2025, from https:\/\/www.arcticwwf.org\/the-circle\/stories\/will-climate-change-push-gyrfalcons-out-of-sweden\/<\/p>\n\n\n\n<p>World, U. (2018). <em>Laponian Area<\/em>. Unesco.org; Unesco World Heritage . https:\/\/whc.unesco.org\/en\/list\/774\/maps\/<\/p>\n","protected":false},"excerpt":{"rendered":"<p>A, S. (2010a). Alggavagge, in Sarek National Park [Photo]. In Wikimedia Commons. https:\/\/commons.wikimedia.org\/w\/index.php?curid=10632675 A, S. (2010b). Rapaselet set from Piellorieppe [Photo]. In Wikimedia Commons. https:\/\/commons.wikimedia.org\/w\/index.php?curid=3518865 About Sarek National Park. (n.d.). Sarek National Park. Retrieved October 3, 2025, from https:\/\/www.sverigesnationalparker.se\/en\/choose-park&#8212;list\/sarek-national-park\/national-park-facts\/ Aktiebolag, G. N. (2008). Nordic Sami [Photo]. In Wikimedia Commons. https:\/\/commons.wikimedia.org\/w\/index.php?curid=4558053 Aurora Nights. (2023, December 2). [&hellip;]<\/p>\n","protected":false},"author":14419,"featured_media":0,"parent":0,"menu_order":0,"comment_status":"closed","ping_status":"closed","template":"","meta":{"footnotes":""},"class_list":["post-54","page","type-page","status-publish","hentry"],"_links":{"self":[{"href":"https:\/\/blogs.oregonstate.edu\/sareknationalparktral\/wp-json\/wp\/v2\/pages\/54","targetHints":{"allow":["GET"]}}],"collection":[{"href":"https:\/\/blogs.oregonstate.edu\/sareknationalparktral\/wp-json\/wp\/v2\/pages"}],"about":[{"href":"https:\/\/blogs.oregonstate.edu\/sareknationalparktral\/wp-json\/wp\/v2\/types\/page"}],"author":[{"embeddable":true,"href":"https:\/\/blogs.oregonstate.edu\/sareknationalparktral\/wp-json\/wp\/v2\/users\/14419"}],"replies":[{"embeddable":true,"href":"https:\/\/blogs.oregonstate.edu\/sareknationalparktral\/wp-json\/wp\/v2\/comments?post=54"}],"version-history":[{"count":5,"href":"https:\/\/blogs.oregonstate.edu\/sareknationalparktral\/wp-json\/wp\/v2\/pages\/54\/revisions"}],"predecessor-version":[{"id":192,"href":"https:\/\/blogs.oregonstate.edu\/sareknationalparktral\/wp-json\/wp\/v2\/pages\/54\/revisions\/192"}],"wp:attachment":[{"href":"https:\/\/blogs.oregonstate.edu\/sareknationalparktral\/wp-json\/wp\/v2\/media?parent=54"}],"curies":[{"name":"wp","href":"https:\/\/api.w.org\/{rel}","templated":true}]}}