{"id":38,"date":"2026-03-05T20:07:35","date_gmt":"2026-03-05T20:07:35","guid":{"rendered":"https:\/\/blogs.oregonstate.edu\/pmaglab\/?page_id=38"},"modified":"2026-03-05T20:07:35","modified_gmt":"2026-03-05T20:07:35","slug":"magnetic-stratigraphy","status":"publish","type":"page","link":"https:\/\/blogs.oregonstate.edu\/pmaglab\/magnetic-stratigraphy\/","title":{"rendered":"Magnetic Stratigraphy"},"content":{"rendered":"\n<p><br>The power of magnetic stratigraphy was recognized in the early 1960s when researchers began to pair K\/Ar radiometric dates with paleomagnetic measurements of volcanic rocks from around the world, developing the first Geomagnetic Polarity Timescale.&nbsp;&nbsp;The Geomagnetic Polarity Timescale assigned age ranges for periods of \u2018Normal\u2019 or \u2018Reversed\u2019 polarity, or when the magnetic field was oriented like today (Magnetic North Pole near the Geographic North Pole) or opposite to how it is today (Magnetic North Pole near the Geographic South Pole).&nbsp; The earliest applications showed this new timescale could be used to assign spreading rates to mid-ocean ridges through comparison of oceanic crust magnetic anomalies and ages to sediment cores, through comparison to the sediment\u2019s natural remanent magnetization (Figure 1).&nbsp; These&nbsp;studies provided new insight to the emerging fields of plate tectonics and paleoceanography by allowing more direct comparison between what had previously been considered disparate geologic archives.<\/p>\n\n\n\n<p>The OSU P-mag lab uses magnetic stratigraphy on a range of timescales to assess the stratigraphy of and assign chronology to sedimentary archives.&nbsp; We have highlighted a few examples of our work in the following sections.<\/p>\n\n\n\n<hr class=\"wp-block-separator aligncenter has-alpha-channel-opacity is-style-wide\" \/>\n\n\n\n<h2 class=\"wp-block-heading\"><strong>Reversal Stratigraphy<\/strong><\/h2>\n\n\n\n<p>The OSU P-mag lab frequently sails with the International Ocean Discovery Program (IODP) on the JOIDES Resolution.&nbsp; The JOIDES Resolution is equipped with a long-core Superconducting Rock Magnetometer (SRM), which allows for paleomagnetic measurements of sediment cores soon after they are recovered while at sea.&nbsp; As the shipboard paleomagnetists, OSU P-mag members are responsible for contributing magnetic stratigraphy constraints to the initial age-depth models by identifying magnetic reversals and assigning ages based on the Geomagnetic Polarity Timescale (Figure 2).&nbsp; OSU P-mag lab members have served as shipboard paleomagnetists for the following ODP\/IODP expeditions:<\/p>\n\n\n\n<p><a href=\"http:\/\/www-odp.tamu.edu\/publications\/leg_ndx\/160ndex.htm\">ODP Leg 160: Mediterranean Evolution<\/a>&nbsp;(Stoner)<\/p>\n\n\n\n<p><a href=\"http:\/\/www-odp.tamu.edu\/publications\/leg_ndx\/177ndex.htm\">ODP Leg 177: Southern Ocean Paleoceanography&nbsp;<\/a>(Stoner)<\/p>\n\n\n\n<p><a href=\"http:\/\/www-odp.tamu.edu\/publications\/leg_ndx\/202ndex.htm\">ODP Leg 202: Southeast Pacific Paleoceanography<\/a>&nbsp;(Stoner)<\/p>\n\n\n\n<p><a href=\"https:\/\/iodp.tamu.edu\/scienceops\/expeditions\/exp303.html\">IODP Exp. 303: North Atlantic Climate 1<\/a>&nbsp;(Stoner)<\/p>\n\n\n\n<p><a href=\"https:\/\/iodp.tamu.edu\/scienceops\/expeditions\/mediterranean_outflow.html\">IODP Exp. 339: Mediterranean Outflow<\/a>&nbsp;(Xuan)<\/p>\n\n\n\n<p><a href=\"https:\/\/iodp.tamu.edu\/scienceops\/expeditions\/antilles_volcanism_landslides.html\">IODP Exp. 340 Lesser Antilles Volcanism and Landslides<\/a>&nbsp;(Hatfield)<\/p>\n\n\n\n<p><a href=\"https:\/\/iodp.tamu.edu\/scienceops\/expeditions\/alaska_tectonics_climate.html\">IODP Exp. 341 South Alaska Margin<\/a>&nbsp;(Stoner)<\/p>\n\n\n\n<p><a href=\"https:\/\/iodp.tamu.edu\/scienceops\/expeditions\/bengal_fan.html\">IODP Exp. 354: Bengal Fan<\/a>&nbsp;(Reilly)<\/p>\n\n\n\n<p><a href=\"https:\/\/iodp.tamu.edu\/scienceops\/expeditions\/pacific_warm_pool.html\">IODP Exp. 363: West Pacific Warm Pool<\/a>&nbsp;(Hatfield)<\/p>\n\n\n\n<p><a href=\"https:\/\/iodp.tamu.edu\/scienceops\/expeditions\/iceberg_alley_paleoceanography.html\">IODP Exp. 382: Iceberg Alley and South Falkland Slope Ice and Ocean Dynamics<\/a>&nbsp;(Reilly)<\/p>\n\n\n\n<hr class=\"wp-block-separator has-alpha-channel-opacity\" \/>\n\n\n\n<h2 class=\"wp-block-heading\"><strong>Relative Paleointensity (RPI) Stratigraphy<\/strong><\/h2>\n\n\n\n<p>geomagnetic field has experienced considerable change since then in its intensity and morphology.&nbsp; Proxies for Relative Paleointensity (RPI)&nbsp;to estimate past relative changes in field strength can be created through the normalization of a sediment\u2019s NRM intensity (sensitive to field intensity and lithologic variations) by a laboratory induced magnetization intensity (sensitive to lithologic variations only).&nbsp; RPI stratigraphy can be used to make regional or global correlations of sediment cores depending on the timescales of interest and data quality.<\/p>\n\n\n\n<p>RPI is particularly useful for sediment cores that are challenging to date with more commonly used stratigraphic methods, like oxygen isotopes, or can be used in tandem with other stratigraphic methods to provide an additional constraint.&nbsp; For example, in 2016 Rob Hatfield, Joe Stoner, and colleagues used RPI stratigraphy to better constrain the timing of Marine Isotope Stages 9 and 10 in the Eirik Ridge core MD99-2227 in the Northern North Atlantic (Figure 3).&nbsp; Around this transition foraminifera are scarce and a continuous oxygen isotope record cannot be created.&nbsp; The RPI signal reconstructed from MD99-2227 was compared to the better dated ODP Site 983 to establish a stronger chronology through this interval.<\/p>\n\n\n\n<hr class=\"wp-block-separator has-alpha-channel-opacity\" \/>\n\n\n\n<h2 class=\"wp-block-heading\"><strong><br>Paleosecular Variation (PSV) Stratigraphy<\/strong><\/h2>\n\n\n\n<p>In addition to intensity changes, sediments can record past directional changes in Earth\u2019s magnetic\u2019s field, or Paleosecular Variation (PSV).&nbsp; &nbsp;These changes are described by the declination and inclination of the magnetic vector.&nbsp; In high accumulation rate sediments, PSV stratigraphy can be useful for regional stratigraphic correlation using their common geomagnetic signal.<\/p>\n\n\n\n<p>In 2013, S\u00e6d\u00eds \u00d3lafsd\u00f3ttir, Joe Stoner, and colleagues used PSV Stratigraphy to synchronize Holocene lacustrine and marine sediment cores from Iceland.&nbsp; Very high resolution marine core MD99-2269 from the North Iceland Shelf has a strong chronology based on 44 radiocarbon dates with marine reservoir ages assessed through tephra correlations.&nbsp; Comparison of declination changes with sediment cores from two Icelandic Lakes, Haukadalsvatn and&nbsp;Hv\u00edt\u00e1rvatn, allowed for a detailed reconstruction of sediment accumulation rates at each site.&nbsp; The results indicate a similar history of high sediment accumulation rate periods in the two lake basins, suggesting changes in the depositional history of each basin were driven by common changes in the regional paleoenvironmental conditions.<\/p>\n\n\n\n<figure class=\"wp-block-image\"><img loading=\"lazy\" decoding=\"async\" width=\"1024\" height=\"826\" src=\"https:\/\/osu-wams-blogs-uploads.s3.amazonaws.com\/blogs.dir\/8342\/files\/2026\/03\/MagStrat_F1-1024x826.jpeg\" alt=\"\" class=\"wp-image-40\" srcset=\"https:\/\/osu-wams-blogs-uploads.s3.amazonaws.com\/blogs.dir\/8342\/files\/2026\/03\/MagStrat_F1-1024x826.jpeg 1024w, https:\/\/osu-wams-blogs-uploads.s3.amazonaws.com\/blogs.dir\/8342\/files\/2026\/03\/MagStrat_F1-300x242.jpeg 300w, https:\/\/osu-wams-blogs-uploads.s3.amazonaws.com\/blogs.dir\/8342\/files\/2026\/03\/MagStrat_F1-768x619.jpeg 768w, https:\/\/osu-wams-blogs-uploads.s3.amazonaws.com\/blogs.dir\/8342\/files\/2026\/03\/MagStrat_F1-1536x1239.jpeg 1536w, https:\/\/osu-wams-blogs-uploads.s3.amazonaws.com\/blogs.dir\/8342\/files\/2026\/03\/MagStrat_F1-1200x968.jpeg 1200w, https:\/\/osu-wams-blogs-uploads.s3.amazonaws.com\/blogs.dir\/8342\/files\/2026\/03\/MagStrat_F1.jpeg 1711w\" sizes=\"auto, (max-width: 1024px) 100vw, 1024px\" \/><\/figure>\n\n\n\n<p style=\"font-size:12px\">Figure 1. In 1966, Neil\u00a0Opdyke and colleagues published a study where they measured the Natural Remanent Magnetization (NRM) of sediment cores from the Southern Ocean.\u00a0 They found the magnetic polarity pattern of the sediment cores closely matched the pattern recently reconstructed from volcanic rocks used to create the Geomagnetic Polarity Timescale.\u00a0 This allowed them to import the K\/Ar radiometric age estimates of each reversal to the deep sea and make connections between past environmental changes in different sectors of the Southern Ocean.\u00a0 The original study was published in Science and\u00a0<a href=\"http:\/\/science.sciencemag.org\/content\/154\/3747\/349\">can be found here<\/a>.<br><\/p>\n\n\n\n<figure class=\"wp-block-image size-full\"><img loading=\"lazy\" decoding=\"async\" width=\"738\" height=\"653\" src=\"https:\/\/osu-wams-blogs-uploads.s3.amazonaws.com\/blogs.dir\/8342\/files\/2026\/03\/MagStrat_F2.gif\" alt=\"\" class=\"wp-image-41\" \/><\/figure>\n\n\n\n<p style=\"font-size:12px\">Figure 2. Inclination of sediment cores recovered during IODP Expedition 303 at Site U1306 measured using the JOIDES Resolution long-core Superconducting Rock Magnetometer (SRM).\u00a0 (Left) Sediment cores were recovered by offset Advanced Piston Coring in four different holes.\u00a0 Each core is about 9.5 m in length and offset coring allows for complete recovery of the stratigraphy.\u00a0 (Right) Inclination variations are used to assign ages through comparison to the Geomagnetic Polarity Timescale (GPTS).\u00a0 Positive inclinations indicate periods of normal polarity (black shading on GPTS) and negative inclinations indicate periods of reversed polarity (white shading on GPTS).<br><\/p>\n\n\n\n<figure class=\"wp-block-image size-large\"><img loading=\"lazy\" decoding=\"async\" width=\"705\" height=\"1024\" src=\"https:\/\/osu-wams-blogs-uploads.s3.amazonaws.com\/blogs.dir\/8342\/files\/2026\/03\/MagStrat_F3-705x1024.jpeg\" alt=\"\" class=\"wp-image-42\" srcset=\"https:\/\/osu-wams-blogs-uploads.s3.amazonaws.com\/blogs.dir\/8342\/files\/2026\/03\/MagStrat_F3-705x1024.jpeg 705w, https:\/\/osu-wams-blogs-uploads.s3.amazonaws.com\/blogs.dir\/8342\/files\/2026\/03\/MagStrat_F3-206x300.jpeg 206w, https:\/\/osu-wams-blogs-uploads.s3.amazonaws.com\/blogs.dir\/8342\/files\/2026\/03\/MagStrat_F3-768x1116.jpeg 768w, https:\/\/osu-wams-blogs-uploads.s3.amazonaws.com\/blogs.dir\/8342\/files\/2026\/03\/MagStrat_F3.jpeg 1006w\" sizes=\"auto, (max-width: 705px) 100vw, 705px\" \/><\/figure>\n\n\n\n<p style=\"font-size:11px\">Figure 3. Relative Paleointensity (RPI) stratigraphy was used by Rob Hatfield and colleagues in 2016 to improve the age model of MD99-2227 on the Eirik Ridge, Northern North Atlantic during the transition from glacial MIS10 to interglacial MIS9 through comparison to ODP Site 983.\u00a0 Foraminifera are scare during this transition, so it would be impossible to used oxygen isotopes alone to define this transition.\u00a0 The study was published in Earth and Planetary Science Letters and\u00a0<a href=\"https:\/\/www.sciencedirect.com\/science\/article\/pii\/S0012821X16304940\">can be found here<\/a>.<\/p>\n\n\n\n<figure class=\"wp-block-image size-large\"><img loading=\"lazy\" decoding=\"async\" width=\"1024\" height=\"575\" src=\"https:\/\/osu-wams-blogs-uploads.s3.amazonaws.com\/blogs.dir\/8342\/files\/2026\/03\/MagStrat_F4-1024x575.png\" alt=\"\" class=\"wp-image-43\" srcset=\"https:\/\/osu-wams-blogs-uploads.s3.amazonaws.com\/blogs.dir\/8342\/files\/2026\/03\/MagStrat_F4-1024x575.png 1024w, https:\/\/osu-wams-blogs-uploads.s3.amazonaws.com\/blogs.dir\/8342\/files\/2026\/03\/MagStrat_F4-300x168.png 300w, https:\/\/osu-wams-blogs-uploads.s3.amazonaws.com\/blogs.dir\/8342\/files\/2026\/03\/MagStrat_F4-768x431.png 768w, https:\/\/osu-wams-blogs-uploads.s3.amazonaws.com\/blogs.dir\/8342\/files\/2026\/03\/MagStrat_F4-1200x674.png 1200w, https:\/\/osu-wams-blogs-uploads.s3.amazonaws.com\/blogs.dir\/8342\/files\/2026\/03\/MagStrat_F4.png 1350w\" sizes=\"auto, (max-width: 1024px) 100vw, 1024px\" \/><\/figure>\n\n\n\n<p style=\"font-size:12px\">Figure 4.\u00a0Synchronizing two Icelandic lake sediment cores to high resolution and well-dated marine core MD99-2269 using declination changes.\u00a0\u00a0S\u00e6d\u00eds \u00d3lafsd\u00f3ttir and colleagues in 2013 were able to use these correlations to reconstruct sediment accumulation rate histories in each lake basin at higher resolution than would be possible using the tephra age-control points available in the lake sediments alone.\u00a0 The study was published in Geology and\u00a0<a href=\"https:\/\/pubs.geoscienceworld.org\/gsa\/geology\/article-abstract\/41\/5\/535\/131158\/synchronizing-holocene-lacustrine-and-marine?redirectedFrom=fulltext\">can be found here<\/a>.<\/p>\n","protected":false},"excerpt":{"rendered":"<p>The power of magnetic stratigraphy was recognized in the early 1960s when researchers began to pair K\/Ar radiometric dates with paleomagnetic measurements of volcanic rocks from around the world, developing the first Geomagnetic Polarity Timescale.&nbsp;&nbsp;The Geomagnetic Polarity Timescale assigned age ranges for periods of \u2018Normal\u2019 or \u2018Reversed\u2019 polarity, or when the magnetic field was oriented [&hellip;]<\/p>\n","protected":false},"author":10851,"featured_media":0,"parent":0,"menu_order":0,"comment_status":"closed","ping_status":"closed","template":"","meta":{"footnotes":""},"class_list":["post-38","page","type-page","status-publish","hentry"],"_links":{"self":[{"href":"https:\/\/blogs.oregonstate.edu\/pmaglab\/wp-json\/wp\/v2\/pages\/38","targetHints":{"allow":["GET"]}}],"collection":[{"href":"https:\/\/blogs.oregonstate.edu\/pmaglab\/wp-json\/wp\/v2\/pages"}],"about":[{"href":"https:\/\/blogs.oregonstate.edu\/pmaglab\/wp-json\/wp\/v2\/types\/page"}],"author":[{"embeddable":true,"href":"https:\/\/blogs.oregonstate.edu\/pmaglab\/wp-json\/wp\/v2\/users\/10851"}],"replies":[{"embeddable":true,"href":"https:\/\/blogs.oregonstate.edu\/pmaglab\/wp-json\/wp\/v2\/comments?post=38"}],"version-history":[{"count":2,"href":"https:\/\/blogs.oregonstate.edu\/pmaglab\/wp-json\/wp\/v2\/pages\/38\/revisions"}],"predecessor-version":[{"id":44,"href":"https:\/\/blogs.oregonstate.edu\/pmaglab\/wp-json\/wp\/v2\/pages\/38\/revisions\/44"}],"wp:attachment":[{"href":"https:\/\/blogs.oregonstate.edu\/pmaglab\/wp-json\/wp\/v2\/media?parent=38"}],"curies":[{"name":"wp","href":"https:\/\/api.w.org\/{rel}","templated":true}]}}