{"id":933,"date":"2025-09-10T14:51:53","date_gmt":"2025-09-10T21:51:53","guid":{"rendered":"https:\/\/blogs.oregonstate.edu\/opecenespanol\/?page_id=933"},"modified":"2026-03-10T15:19:42","modified_gmt":"2026-03-10T22:19:42","slug":"boletin-informativo","status":"publish","type":"page","link":"https:\/\/blogs.oregonstate.edu\/opecenespanol\/boletin-informativo\/","title":{"rendered":"Bolet\u00edn informativo | OPEC en espa\u00f1ol"},"content":{"rendered":"\n<h2 class=\"wp-block-heading has-text-align-center has-white-color has-text-color has-background has-link-color has-medium-font-size wp-elements-3ec53f86aa7982e1ee6fc6f51302e872\" style=\"background-color:#53688c\">Reciba en su correo informaci\u00f3n, recursos y capacitaciones de OPEC para apoyar la educaci\u00f3n para padres y familias y fortalecer el liderazgo de padres. <\/h2>\n\n\n\n<div class=\"wp-block-buttons has-custom-font-size has-medium-font-size is-layout-flex wp-block-buttons-is-layout-flex\">\n<div class=\"wp-block-button has-custom-width wp-block-button__width-100 is-style-outline is-style-outline--1\"><a class=\"wp-block-button__link has-white-color has-black-background-color has-text-color has-background has-link-color has-medium-font-size has-custom-font-size wp-element-button\" href=\"https:\/\/oregonstate.qualtrics.com\/jfe\/form\/SV_9ZdkmgtfAUPnUnc\"><strong>\u00a1Suscr\u00edbase hoy! <\/strong><\/a><\/div>\n<\/div>\n\n\n\n<p class=\"has-text-align-center has-light-gray-background-color has-background has-small-font-size\"><strong>A continuaci\u00f3n usted encontrar\u00e1 la colecci\u00f3n de ediciones de nuestro bolet\u00edn informativo de OPEC en espa\u00f1ol. Disponibles en ingl\u00e9s y espa\u00f1ol.<\/strong><\/p>\n\n\n\n<div class=\"wp-block-media-text is-stacked-on-mobile is-vertically-aligned-top has-light-gray-background-color has-background has-small-font-size\" style=\"grid-template-columns:31% auto\"><figure class=\"wp-block-media-text__media\"><img loading=\"lazy\" decoding=\"async\" width=\"300\" height=\"225\" src=\"https:\/\/osu-wams-blogs-uploads.s3.amazonaws.com\/blogs.dir\/7986\/files\/2026\/03\/Boletin-Barnner-800x1200px-300x225.png\" alt=\"\" class=\"wp-image-1043 size-medium\" srcset=\"https:\/\/osu-wams-blogs-uploads.s3.amazonaws.com\/blogs.dir\/7986\/files\/2026\/03\/Boletin-Barnner-800x1200px-300x225.png 300w, https:\/\/osu-wams-blogs-uploads.s3.amazonaws.com\/blogs.dir\/7986\/files\/2026\/03\/Boletin-Barnner-800x1200px-768x576.png 768w, https:\/\/osu-wams-blogs-uploads.s3.amazonaws.com\/blogs.dir\/7986\/files\/2026\/03\/Boletin-Barnner-800x1200px-400x300.png 400w, https:\/\/osu-wams-blogs-uploads.s3.amazonaws.com\/blogs.dir\/7986\/files\/2026\/03\/Boletin-Barnner-800x1200px.png 1024w\" sizes=\"auto, (max-width: 300px) 100vw, 300px\" \/><\/figure><div class=\"wp-block-media-text__content\">\n<h2 class=\"wp-block-heading\">Cuando la comunidad se construye pieza por pieza<\/h2>\n\n\n\n<p class=\"has-small-font-size\"><strong>Marzo<\/strong>&nbsp;llega como esos momentos en que todo parece estar en movimiento: agendas llenas, decisiones importantes y conversaciones que nos hacen crecer. En OPEC en espa\u00f1ol creemos que acompa\u00f1ar a otros no es una tarea solitaria, sino un camino compartido.<\/p>\n\n\n\n<p>Este bolet\u00edn le ofrece herramientas pr\u00e1cticas para fortalecer su bienestar, su liderazgo y los v\u00ednculos en su familia y comunidad.<\/p>\n\n\n\n<p class=\"has-text-align-left\"><strong>En esta edici\u00f3n encontrar\u00e1:<\/strong><\/p>\n\n\n\n<ul class=\"wp-block-list\">\n<li><strong>Nuevo episodio de OPEC podcast: Charlas Sinceras\u00a0<\/strong><\/li>\n\n\n\n<li><strong>Recursos breves para liderazgo consciente<\/strong><\/li>\n\n\n\n<li><strong>Actividades familiares para fortalecer la inteligencia emocional<\/strong><\/li>\n\n\n\n<li><strong>Libros que abren conversaciones con ni\u00f1os<\/strong><\/li>\n\n\n\n<li><strong>Talleres y eventos de la Academia de Formaci\u00f3n de OPEC y comunitarios<\/strong><\/li>\n<\/ul>\n\n\n\n<div class=\"wp-block-buttons is-layout-flex wp-block-buttons-is-layout-flex\">\n<div class=\"wp-block-button has-custom-width wp-block-button__width-100 is-style-outline is-style-outline--2\" id=\"https:\/\/us8.campaign-archive.com\/?e=[UNIQID]&amp;u=b29a392c703d363fc5bd424b8&amp;id=44da40df41\"><a class=\"wp-block-button__link has-blue-color has-white-background-color has-text-color has-background has-link-color has-medium-font-size has-custom-font-size wp-element-button\" href=\"https:\/\/us8.campaign-archive.com\/?e=[UNIQID]&amp;u=b29a392c703d363fc5bd424b8&amp;id=44da40df41\" style=\"border-radius:37px\"><strong>Vea el bolet\u00edn de marzo de 2026 en su navegador<\/strong><\/a><\/div>\n<\/div>\n<\/div><\/div>\n\n\n\n<div class=\"wp-block-cover\" style=\"min-height:222px;aspect-ratio:unset;\"><img loading=\"lazy\" decoding=\"async\" width=\"1024\" height=\"256\" class=\"wp-block-cover__image-background wp-image-783\" alt=\"\" src=\"https:\/\/osu-wams-blogs-uploads.s3.amazonaws.com\/blogs.dir\/7986\/files\/2025\/08\/Boletin-1-1024x256.png\" data-object-fit=\"cover\" srcset=\"https:\/\/osu-wams-blogs-uploads.s3.amazonaws.com\/blogs.dir\/7986\/files\/2025\/08\/Boletin-1-1024x256.png 1024w, https:\/\/osu-wams-blogs-uploads.s3.amazonaws.com\/blogs.dir\/7986\/files\/2025\/08\/Boletin-1-300x75.png 300w, https:\/\/osu-wams-blogs-uploads.s3.amazonaws.com\/blogs.dir\/7986\/files\/2025\/08\/Boletin-1-768x192.png 768w, https:\/\/osu-wams-blogs-uploads.s3.amazonaws.com\/blogs.dir\/7986\/files\/2025\/08\/Boletin-1-1536x384.png 1536w, https:\/\/osu-wams-blogs-uploads.s3.amazonaws.com\/blogs.dir\/7986\/files\/2025\/08\/Boletin-1-500x125.png 500w, https:\/\/osu-wams-blogs-uploads.s3.amazonaws.com\/blogs.dir\/7986\/files\/2025\/08\/Boletin-1.png 1920w\" sizes=\"auto, (max-width: 1024px) 100vw, 1024px\" \/><span aria-hidden=\"true\" class=\"wp-block-cover__background has-background-dim\"><\/span><div class=\"wp-block-cover__inner-container is-layout-flow wp-block-cover-is-layout-flow\">\n<p class=\"has-text-align-center has-large-font-size\"><strong>Bolet\u00edn informativo anteriores<\/strong><\/p>\n<\/div><\/div>\n\n\n\n<div class=\"wp-block-buttons has-custom-font-size has-medium-font-size is-horizontal is-content-justification-space-between is-layout-flex wp-container-core-buttons-is-layout-ed49b07a wp-block-buttons-is-layout-flex\">\n<div class=\"wp-block-button\"><a class=\"wp-block-button__link wp-element-button\" href=\"https:\/\/drive.google.com\/file\/d\/1UYvmeurCZyAnbiJcxgw0CHoMGljKUbjM\/view?usp=drive_link\">13. Febrero 2026. Bolet\u00edn|Newsletter OPEC en espa\u00f1ol EN\/ES<\/a><\/div>\n\n\n\n<div class=\"wp-block-button has-custom-width wp-block-button__width-100\"><a class=\"wp-block-button__link has-medium-font-size has-text-align-center has-custom-font-size wp-element-button\" href=\"https:\/\/drive.google.com\/file\/d\/1wfvjitN1Vw0DP9Xd_WxdjxaA8N6o1eQi\/view?usp=drive_link\" target=\"_blank\" rel=\"noreferrer noopener nofollow\">12. Enero 2026. Boleti\u0301nNewsletter OPEC en espan\u0303ol ENES<\/a><\/div>\n\n\n\n<div class=\"wp-block-button\"><a class=\"wp-block-button__link wp-element-button\" href=\"https:\/\/drive.google.com\/file\/d\/1QSzaOKJXez27pNxieRve5DMRaZILuBr4\/view?usp=drive_link\" target=\"_blank\" rel=\"noreferrer noopener nofollow\">11. Diciembre 2025. Boleti\u0301nNewsletter OPEC en espan\u0303ol ENES<\/a><\/div>\n\n\n\n<div class=\"wp-block-button has-custom-width wp-block-button__width-100 is-style-fill\"><a class=\"wp-block-button__link has-white-color has-black-background-color has-text-color has-background has-link-color has-medium-font-size has-custom-font-size wp-element-button\" href=\"https:\/\/drive.google.com\/file\/d\/1Wogz78pvlSIBbCHAPAwKD3uJVLyaK02c\/view?usp=drive_link\" style=\"border-radius:44px\" target=\"_blank\" rel=\"noreferrer noopener nofollow\"><mark class=\"has-inline-color has-black-color\">10. Noviembre 2025. Boleti\u0301nNewsletter OPEC en espan\u0303ol ENES<\/mark><\/a><\/div>\n\n\n\n<div class=\"wp-block-button is-style-fill\"><a class=\"wp-block-button__link wp-element-button\" href=\"https:\/\/drive.google.com\/file\/d\/1mScvSSHuj4CClCkehdC073tnbx1aWT8m\/view?usp=drive_link\" target=\"_blank\" rel=\"noreferrer noopener nofollow\">9. Octubre  2025. Boleti\u0301nNewsletter OPEC en espan\u0303ol ENES<\/a><\/div>\n\n\n\n<div class=\"wp-block-button\"><a class=\"wp-block-button__link wp-element-button\" href=\"https:\/\/drive.google.com\/file\/d\/1kIwbgUW87fbNHm3rHvIVy1QTWbYcWxyt\/view?usp=drive_link\" target=\"_blank\" rel=\"noreferrer noopener nofollow\">8. Septiembre 2025 Boleti\u0301nNewsletter OPEC en espan\u0303ol ENES<\/a><\/div>\n\n\n\n<div class=\"wp-block-button\"><a class=\"wp-block-button__link wp-element-button\" href=\"https:\/\/drive.google.com\/file\/d\/1RthBdJIqUyY7hSI2DEQiZ2IpANRuZtaU\/view?usp=drive_link\" target=\"_blank\" rel=\"noreferrer noopener nofollow\">7, Verano Jul-Ago 2025 Boleti\u0301nNewsletter OPEC en espan\u0303ol ENES.pdf<\/a><\/div>\n\n\n\n<div class=\"wp-block-button\"><a class=\"wp-block-button__link wp-element-button\" href=\"https:\/\/osu-wams-blogs-uploads.s3.amazonaws.com\/blogs.dir\/7986\/files\/2025\/09\/7.2025-Recursos.-Resources.BoletinNewsletter-OPEC-en-espanol-ENES.pdf\" target=\"_blank\" rel=\"noreferrer noopener\">7. Verano 2025 Recursos. Resources.Bolet\u00edn\/Newsletter OPEC en espa\u00f1ol EN\/ES<\/a><\/div>\n\n\n\n<div class=\"wp-block-button\"><a class=\"wp-block-button__link wp-element-button\" href=\"https:\/\/drive.google.com\/file\/d\/1qGmQ18dEmrjrwPuLE3ZVNVQwqkdoYfqS\/view?usp=drive_link\" target=\"_blank\" rel=\"noreferrer noopener nofollow\">06.Junio.2025 Boleti\u0301nNewsletter OPEC en espan\u0303ol ENES (1).pdf<\/a><\/div>\n\n\n\n<div class=\"wp-block-button\"><a class=\"wp-block-button__link wp-element-button\" href=\"https:\/\/drive.google.com\/file\/d\/1agl6sXjD-d8w8LWaWNyxwotZguxVpp__\/view?usp=drive_link\" target=\"_blank\" rel=\"noreferrer noopener nofollow\">05. Mayo 2025 Boleti\u0301nNewsletter OPEC en espan\u0303ol ENES<\/a><\/div>\n\n\n\n<div class=\"wp-block-button\"><a class=\"wp-block-button__link wp-element-button\" href=\"https:\/\/drive.google.com\/file\/d\/1BmagHWNTu07uSoBA2bDiQ9dN3-c64n_-\/view?usp=drive_link\" target=\"_blank\" rel=\"noreferrer noopener nofollow\">04 Abril 2025 Boleti\u0301nNewsletter OPEC en espan\u0303ol ENES.pdf<\/a><\/div>\n\n\n\n<div class=\"wp-block-button\"><a class=\"wp-block-button__link wp-element-button\" href=\"https:\/\/drive.google.com\/file\/d\/1IbBXjtPn82NFj9IUK0lHCUm_xKa3fRWr\/view?usp=drive_link\" target=\"_blank\" rel=\"noreferrer noopener nofollow\">03. Marzo 2025 Boleti\u0301nNewsletter OPEC en espan\u0303ol ENES 3.2025.pdf<\/a><\/div>\n\n\n\n<div class=\"wp-block-button\"><a class=\"wp-block-button__link wp-element-button\" href=\"https:\/\/drive.google.com\/file\/d\/1qeq0xxIhIbLQqzNZ3lhPGtUQXpWc5s2f\/view?usp=drive_link\" target=\"_blank\" rel=\"noreferrer noopener nofollow\">02. Febrero 2025 Boleti\u0301nNewsletter OPEC en espan\u0303ol ENES 12.2024.pdf<\/a><\/div>\n\n\n\n<div class=\"wp-block-button is-style-fill\"><a class=\"wp-block-button__link wp-element-button\" href=\"https:\/\/drive.google.com\/file\/d\/1_K9bCdAg-URj-Kw4UQbHvFZuzOObMJmm\/view?usp=drive_link\" target=\"_blank\" rel=\"noreferrer noopener nofollow\">1.Diciembre- 2024 Bolet\u00edn\/Newsletter OPEC en espa\u00f1ol EN\/ES 12.2024<\/a><\/div>\n<\/div>\n\n\n\n<p><\/p>\n\n\n\n<p><\/p>\n","protected":false},"excerpt":{"rendered":"<p>Reciba en su correo informaci\u00f3n, recursos y capacitaciones de OPEC para apoyar la educaci\u00f3n para padres y familias y fortalecer el liderazgo de padres. A continuaci\u00f3n usted encontrar\u00e1 la colecci\u00f3n de ediciones de nuestro bolet\u00edn informativo de OPEC en espa\u00f1ol. &hellip; <a href=\"https:\/\/blogs.oregonstate.edu\/opecenespanol\/boletin-informativo\/\">Continue reading <span class=\"meta-nav\">&rarr;<\/span><\/a><\/p>\n","protected":false},"author":14320,"featured_media":783,"parent":0,"menu_order":0,"comment_status":"closed","ping_status":"closed","template":"","meta":{"footnotes":""},"class_list":["post-933","page","type-page","status-publish","has-post-thumbnail","hentry"],"yoast_head":"<!-- This site is optimized with the Yoast SEO plugin v27.2 - https:\/\/yoast.com\/product\/yoast-seo-wordpress\/ -->\n<title>Bolet\u00edn informativo | OPEC en espa\u00f1ol - OPEC<\/title>\n<meta name=\"description\" content=\"El bolet\u00edn de OPEC en espa\u00f1ol conecta a educadores de padres, l\u00edderes de padres y familias, l\u00edderes comunitarios y familias con recursos, informaci\u00f3n y capacitaciones que apoyan la educaci\u00f3n para padres y promueven el liderazgo de los padres. Suscr\u00edbase para mantenerse informado.\" \/>\n<meta name=\"robots\" content=\"index, follow, max-snippet:-1, max-image-preview:large, max-video-preview:-1\" \/>\n<link rel=\"canonical\" href=\"https:\/\/blogs.oregonstate.edu\/opecenespanol\/boletin-informativo\/\" \/>\n<meta property=\"og:locale\" content=\"en_US\" \/>\n<meta property=\"og:type\" content=\"article\" \/>\n<meta property=\"og:title\" content=\"Bolet\u00edn informativo | OPEC en espa\u00f1ol - OPEC\" \/>\n<meta property=\"og:description\" content=\"El bolet\u00edn de OPEC en espa\u00f1ol conecta a educadores de padres, l\u00edderes de padres y familias, l\u00edderes comunitarios y familias con recursos, informaci\u00f3n y capacitaciones que apoyan la educaci\u00f3n para padres y promueven el liderazgo de los padres. Suscr\u00edbase para mantenerse informado.\" \/>\n<meta property=\"og:url\" content=\"https:\/\/blogs.oregonstate.edu\/opecenespanol\/boletin-informativo\/\" \/>\n<meta property=\"og:site_name\" content=\"OPEC\" \/>\n<meta property=\"article:publisher\" content=\"https:\/\/www.facebook.com\/OPECParentingEd\/about\/\" \/>\n<meta property=\"article:modified_time\" content=\"2026-03-10T22:19:42+00:00\" \/>\n<meta property=\"og:image\" content=\"https:\/\/osu-wams-blogs-uploads.s3.amazonaws.com\/blogs.dir\/7986\/files\/2025\/08\/Boletin-1.png\" \/>\n\t<meta property=\"og:image:width\" content=\"1920\" \/>\n\t<meta property=\"og:image:height\" content=\"480\" \/>\n\t<meta property=\"og:image:type\" content=\"image\/png\" \/>\n<meta name=\"twitter:card\" content=\"summary_large_image\" \/>\n<meta name=\"twitter:label1\" content=\"Est. reading time\" \/>\n\t<meta name=\"twitter:data1\" content=\"2 minutes\" \/>\n<script type=\"application\/ld+json\" class=\"yoast-schema-graph\">{\"@context\":\"https:\/\/schema.org\",\"@graph\":[{\"@type\":\"WebPage\",\"@id\":\"https:\/\/blogs.oregonstate.edu\/opecenespanol\/boletin-informativo\/\",\"url\":\"https:\/\/blogs.oregonstate.edu\/opecenespanol\/boletin-informativo\/\",\"name\":\"Bolet\u00edn informativo | OPEC en espa\u00f1ol - OPEC\",\"isPartOf\":{\"@id\":\"https:\/\/blogs.oregonstate.edu\/opecenespanol\/#website\"},\"primaryImageOfPage\":{\"@id\":\"https:\/\/blogs.oregonstate.edu\/opecenespanol\/boletin-informativo\/#primaryimage\"},\"image\":{\"@id\":\"https:\/\/blogs.oregonstate.edu\/opecenespanol\/boletin-informativo\/#primaryimage\"},\"thumbnailUrl\":\"https:\/\/osu-wams-blogs-uploads.s3.amazonaws.com\/blogs.dir\/7986\/files\/2025\/08\/Boletin-1.png\",\"datePublished\":\"2025-09-10T21:51:53+00:00\",\"dateModified\":\"2026-03-10T22:19:42+00:00\",\"description\":\"El bolet\u00edn de OPEC en espa\u00f1ol conecta a educadores de padres, l\u00edderes de padres y familias, l\u00edderes comunitarios y familias con recursos, informaci\u00f3n y capacitaciones que apoyan la educaci\u00f3n para padres y promueven el liderazgo de los padres. Suscr\u00edbase para mantenerse informado.\",\"breadcrumb\":{\"@id\":\"https:\/\/blogs.oregonstate.edu\/opecenespanol\/boletin-informativo\/#breadcrumb\"},\"inLanguage\":\"en-US\",\"potentialAction\":[{\"@type\":\"ReadAction\",\"target\":[\"https:\/\/blogs.oregonstate.edu\/opecenespanol\/boletin-informativo\/\"]}]},{\"@type\":\"ImageObject\",\"inLanguage\":\"en-US\",\"@id\":\"https:\/\/blogs.oregonstate.edu\/opecenespanol\/boletin-informativo\/#primaryimage\",\"url\":\"https:\/\/osu-wams-blogs-uploads.s3.amazonaws.com\/blogs.dir\/7986\/files\/2025\/08\/Boletin-1.png\",\"contentUrl\":\"https:\/\/osu-wams-blogs-uploads.s3.amazonaws.com\/blogs.dir\/7986\/files\/2025\/08\/Boletin-1.png\",\"width\":1920,\"height\":480},{\"@type\":\"BreadcrumbList\",\"@id\":\"https:\/\/blogs.oregonstate.edu\/opecenespanol\/boletin-informativo\/#breadcrumb\",\"itemListElement\":[{\"@type\":\"ListItem\",\"position\":1,\"name\":\"Home\",\"item\":\"https:\/\/blogs.oregonstate.edu\/opecenespanol\/\"},{\"@type\":\"ListItem\",\"position\":2,\"name\":\"Bolet\u00edn informativo | OPEC en espa\u00f1ol\"}]},{\"@type\":\"WebSite\",\"@id\":\"https:\/\/blogs.oregonstate.edu\/opecenespanol\/#website\",\"url\":\"https:\/\/blogs.oregonstate.edu\/opecenespanol\/\",\"name\":\"OPEC\",\"description\":\"Colaborativo de educaci\u00f3n para padres de Oregon (OPEC por sus siglas en ingl\u00e9s) \",\"publisher\":{\"@id\":\"https:\/\/blogs.oregonstate.edu\/opecenespanol\/#organization\"},\"potentialAction\":[{\"@type\":\"SearchAction\",\"target\":{\"@type\":\"EntryPoint\",\"urlTemplate\":\"https:\/\/blogs.oregonstate.edu\/opecenespanol\/?s={search_term_string}\"},\"query-input\":{\"@type\":\"PropertyValueSpecification\",\"valueRequired\":true,\"valueName\":\"search_term_string\"}}],\"inLanguage\":\"en-US\"},{\"@type\":\"Organization\",\"@id\":\"https:\/\/blogs.oregonstate.edu\/opecenespanol\/#organization\",\"name\":\"OPEC\",\"url\":\"https:\/\/blogs.oregonstate.edu\/opecenespanol\/\",\"logo\":{\"@type\":\"ImageObject\",\"inLanguage\":\"en-US\",\"@id\":\"https:\/\/blogs.oregonstate.edu\/opecenespanol\/#\/schema\/logo\/image\/\",\"url\":\"https:\/\/osu-wams-blogs-uploads.s3.amazonaws.com\/blogs.dir\/7986\/files\/2024\/09\/OPEC-Horizontal-BW-1.png\",\"contentUrl\":\"https:\/\/osu-wams-blogs-uploads.s3.amazonaws.com\/blogs.dir\/7986\/files\/2024\/09\/OPEC-Horizontal-BW-1.png\",\"width\":838,\"height\":332,\"caption\":\"OPEC\"},\"image\":{\"@id\":\"https:\/\/blogs.oregonstate.edu\/opecenespanol\/#\/schema\/logo\/image\/\"},\"sameAs\":[\"https:\/\/www.facebook.com\/OPECParentingEd\/about\/\"]}]}<\/script>\n<!-- \/ Yoast SEO plugin. -->","yoast_head_json":{"title":"Bolet\u00edn informativo | OPEC en espa\u00f1ol - OPEC","description":"El bolet\u00edn de OPEC en espa\u00f1ol conecta a educadores de padres, l\u00edderes de padres y familias, l\u00edderes comunitarios y familias con recursos, informaci\u00f3n y capacitaciones que apoyan la educaci\u00f3n para padres y promueven el liderazgo de los padres. Suscr\u00edbase para mantenerse informado.","robots":{"index":"index","follow":"follow","max-snippet":"max-snippet:-1","max-image-preview":"max-image-preview:large","max-video-preview":"max-video-preview:-1"},"canonical":"https:\/\/blogs.oregonstate.edu\/opecenespanol\/boletin-informativo\/","og_locale":"en_US","og_type":"article","og_title":"Bolet\u00edn informativo | OPEC en espa\u00f1ol - OPEC","og_description":"El bolet\u00edn de OPEC en espa\u00f1ol conecta a educadores de padres, l\u00edderes de padres y familias, l\u00edderes comunitarios y familias con recursos, informaci\u00f3n y capacitaciones que apoyan la educaci\u00f3n para padres y promueven el liderazgo de los padres. Suscr\u00edbase para mantenerse informado.","og_url":"https:\/\/blogs.oregonstate.edu\/opecenespanol\/boletin-informativo\/","og_site_name":"OPEC","article_publisher":"https:\/\/www.facebook.com\/OPECParentingEd\/about\/","article_modified_time":"2026-03-10T22:19:42+00:00","og_image":[{"width":1920,"height":480,"url":"https:\/\/osu-wams-blogs-uploads.s3.amazonaws.com\/blogs.dir\/7986\/files\/2025\/08\/Boletin-1.png","type":"image\/png"}],"twitter_card":"summary_large_image","twitter_misc":{"Est. reading time":"2 minutes"},"schema":{"@context":"https:\/\/schema.org","@graph":[{"@type":"WebPage","@id":"https:\/\/blogs.oregonstate.edu\/opecenespanol\/boletin-informativo\/","url":"https:\/\/blogs.oregonstate.edu\/opecenespanol\/boletin-informativo\/","name":"Bolet\u00edn informativo | OPEC en espa\u00f1ol - OPEC","isPartOf":{"@id":"https:\/\/blogs.oregonstate.edu\/opecenespanol\/#website"},"primaryImageOfPage":{"@id":"https:\/\/blogs.oregonstate.edu\/opecenespanol\/boletin-informativo\/#primaryimage"},"image":{"@id":"https:\/\/blogs.oregonstate.edu\/opecenespanol\/boletin-informativo\/#primaryimage"},"thumbnailUrl":"https:\/\/osu-wams-blogs-uploads.s3.amazonaws.com\/blogs.dir\/7986\/files\/2025\/08\/Boletin-1.png","datePublished":"2025-09-10T21:51:53+00:00","dateModified":"2026-03-10T22:19:42+00:00","description":"El bolet\u00edn de OPEC en espa\u00f1ol conecta a educadores de padres, l\u00edderes de padres y familias, l\u00edderes comunitarios y familias con recursos, informaci\u00f3n y capacitaciones que apoyan la educaci\u00f3n para padres y promueven el liderazgo de los padres. Suscr\u00edbase para mantenerse informado.","breadcrumb":{"@id":"https:\/\/blogs.oregonstate.edu\/opecenespanol\/boletin-informativo\/#breadcrumb"},"inLanguage":"en-US","potentialAction":[{"@type":"ReadAction","target":["https:\/\/blogs.oregonstate.edu\/opecenespanol\/boletin-informativo\/"]}]},{"@type":"ImageObject","inLanguage":"en-US","@id":"https:\/\/blogs.oregonstate.edu\/opecenespanol\/boletin-informativo\/#primaryimage","url":"https:\/\/osu-wams-blogs-uploads.s3.amazonaws.com\/blogs.dir\/7986\/files\/2025\/08\/Boletin-1.png","contentUrl":"https:\/\/osu-wams-blogs-uploads.s3.amazonaws.com\/blogs.dir\/7986\/files\/2025\/08\/Boletin-1.png","width":1920,"height":480},{"@type":"BreadcrumbList","@id":"https:\/\/blogs.oregonstate.edu\/opecenespanol\/boletin-informativo\/#breadcrumb","itemListElement":[{"@type":"ListItem","position":1,"name":"Home","item":"https:\/\/blogs.oregonstate.edu\/opecenespanol\/"},{"@type":"ListItem","position":2,"name":"Bolet\u00edn informativo | OPEC en espa\u00f1ol"}]},{"@type":"WebSite","@id":"https:\/\/blogs.oregonstate.edu\/opecenespanol\/#website","url":"https:\/\/blogs.oregonstate.edu\/opecenespanol\/","name":"OPEC","description":"Colaborativo de educaci\u00f3n para padres de Oregon (OPEC por sus siglas en ingl\u00e9s) ","publisher":{"@id":"https:\/\/blogs.oregonstate.edu\/opecenespanol\/#organization"},"potentialAction":[{"@type":"SearchAction","target":{"@type":"EntryPoint","urlTemplate":"https:\/\/blogs.oregonstate.edu\/opecenespanol\/?s={search_term_string}"},"query-input":{"@type":"PropertyValueSpecification","valueRequired":true,"valueName":"search_term_string"}}],"inLanguage":"en-US"},{"@type":"Organization","@id":"https:\/\/blogs.oregonstate.edu\/opecenespanol\/#organization","name":"OPEC","url":"https:\/\/blogs.oregonstate.edu\/opecenespanol\/","logo":{"@type":"ImageObject","inLanguage":"en-US","@id":"https:\/\/blogs.oregonstate.edu\/opecenespanol\/#\/schema\/logo\/image\/","url":"https:\/\/osu-wams-blogs-uploads.s3.amazonaws.com\/blogs.dir\/7986\/files\/2024\/09\/OPEC-Horizontal-BW-1.png","contentUrl":"https:\/\/osu-wams-blogs-uploads.s3.amazonaws.com\/blogs.dir\/7986\/files\/2024\/09\/OPEC-Horizontal-BW-1.png","width":838,"height":332,"caption":"OPEC"},"image":{"@id":"https:\/\/blogs.oregonstate.edu\/opecenespanol\/#\/schema\/logo\/image\/"},"sameAs":["https:\/\/www.facebook.com\/OPECParentingEd\/about\/"]}]}},"post_mailing_queue_ids":[],"_links":{"self":[{"href":"https:\/\/blogs.oregonstate.edu\/opecenespanol\/wp-json\/wp\/v2\/pages\/933","targetHints":{"allow":["GET"]}}],"collection":[{"href":"https:\/\/blogs.oregonstate.edu\/opecenespanol\/wp-json\/wp\/v2\/pages"}],"about":[{"href":"https:\/\/blogs.oregonstate.edu\/opecenespanol\/wp-json\/wp\/v2\/types\/page"}],"author":[{"embeddable":true,"href":"https:\/\/blogs.oregonstate.edu\/opecenespanol\/wp-json\/wp\/v2\/users\/14320"}],"replies":[{"embeddable":true,"href":"https:\/\/blogs.oregonstate.edu\/opecenespanol\/wp-json\/wp\/v2\/comments?post=933"}],"version-history":[{"count":5,"href":"https:\/\/blogs.oregonstate.edu\/opecenespanol\/wp-json\/wp\/v2\/pages\/933\/revisions"}],"predecessor-version":[{"id":1058,"href":"https:\/\/blogs.oregonstate.edu\/opecenespanol\/wp-json\/wp\/v2\/pages\/933\/revisions\/1058"}],"wp:featuredmedia":[{"embeddable":true,"href":"https:\/\/blogs.oregonstate.edu\/opecenespanol\/wp-json\/wp\/v2\/media\/783"}],"wp:attachment":[{"href":"https:\/\/blogs.oregonstate.edu\/opecenespanol\/wp-json\/wp\/v2\/media?parent=933"}],"curies":[{"name":"wp","href":"https:\/\/api.w.org\/{rel}","templated":true}]}}