{"id":657,"date":"2025-08-07T17:07:22","date_gmt":"2025-08-08T00:07:22","guid":{"rendered":"https:\/\/blogs.oregonstate.edu\/opecenespanol\/?page_id=657"},"modified":"2026-03-10T15:20:58","modified_gmt":"2026-03-10T22:20:58","slug":"recursos","status":"publish","type":"page","link":"https:\/\/blogs.oregonstate.edu\/opecenespanol\/recursos\/","title":{"rendered":"Recursos"},"content":{"rendered":"\n<p class=\"has-small-font-size\" style=\"font-style:normal;font-weight:400\"><strong>Bienvenido a nuestra comunidad en l\u00ednea<\/strong><\/p>\n\n\n\n<p class=\"has-small-font-size\" style=\"font-style:normal;font-weight:400\">En esta p\u00e1gina, nos dedicamos a informar y empoderar a la audiencia de OPEC en espa\u00f1ol a trav\u00e9s de recursos y apoyo que fomentan conexiones m\u00e1s fuertes entre comunidades. Nuestro objetivo es ofrecer informaci\u00f3n valiosa y herramientas \u00fatiles para educadores de padres, l\u00edderes comunitarios y familias participantes.<\/p>\n\n\n\n<p class=\"has-small-font-size\" style=\"font-style:normal;font-weight:400\">En esta secci\u00f3n, encontrar\u00e1 recursos dise\u00f1ados para apoyar a quienes sirven y apoyan a las familias. Aqu\u00ed podr\u00e1 explorar:<\/p>\n\n\n\n<ul class=\"wp-block-list\">\n<li class=\"has-small-font-size\" style=\"font-style:normal;font-weight:400\"><strong>OPEC Blog:<\/strong> Aqu\u00ed encontrar\u00e1s consejos pr\u00e1cticos basados en la investigaci\u00f3n sobre la crianza de ni\u00f1os de todas las edades. Encontrar\u00e1 informaci\u00f3n sobre la primera infancia, la crianza de los adolescentes, recursos para necesidades culturales y de identidad espec\u00edficas, y mucho m\u00e1s. Explore nuevos art\u00edculos, busque un tema o vea todos los art\u00edculos en&nbsp;<a href=\"https:\/\/blogs.oregonstate.edu\/opec\/category\/english\/\">ingl\u00e9s&nbsp;<\/a>o&nbsp;<a href=\"https:\/\/blogs.oregonstate.edu\/opec\/category\/espanol\/\">espa\u00f1ol.<\/a> <\/li>\n\n\n\n<li class=\"has-small-font-size\" style=\"font-style:normal;font-weight:400\"><strong>Gu\u00edas pr\u00e1cticas<\/strong>: Le ofrecemos estrategias y herramientas efectivas que pueden implementar en grupos de padres y familias, en el hogar u otros espacios de educacion para padres y apoyos comunitarios promoviendo as\u00ed un aprendizaje colaborativo. <\/li>\n\n\n\n<li class=\"has-small-font-size\" style=\"font-style:normal;font-weight:400\"><strong>Bolet\u00edn informativo:<\/strong> Sea parte de nuestra comunidad y enterese de todo lo que ofrecemos, registr\u00e1ndose a nuestro boletin infimativo. <a href=\"https:\/\/oregonstate.qualtrics.com\/jfe\/form\/SV_9ZdkmgtfAUPnUnc\">\u00a1Suscr\u00edbete gratis al bolet\u00edn!<\/a><\/li>\n\n\n\n<li class=\"has-small-font-size\" style=\"font-style:normal;font-weight:400\"><strong>Talleres y eventos<\/strong>: Mant\u00e9ngase al tanto de nuestras pr\u00f3ximas capacitaciones y eventos, donde podr\u00e1 participar y aprender junto a otros miembros de la comunidad. <a href=\"https:\/\/health.oregonstate.edu\/opec\/educators\/training-academy\"><strong>\u00a1Inscr\u00edbase en nuestros eventos gratuitos en la academia de formaci\u00f3n<\/strong> <strong>de OPEC!<\/strong><\/a><\/li>\n<\/ul>\n\n\n\n<p style=\"font-style:normal;font-weight:400\">Juntos, construimos un espacio donde la sabidur\u00eda colectiva y cultura, el apoyo mutuo enriquecen el camino de la crianza y la educaci\u00f3n. \u00a1Le invitamos a explorar, aprender y conectar!<\/p>\n\n\n\n<hr class=\"wp-block-separator has-alpha-channel-opacity\" \/>\n\n\n\n<div style=\"height:9px\" aria-hidden=\"true\" class=\"wp-block-spacer\"><\/div>\n\n\n\n<p style=\"font-style:normal;font-weight:400\"><strong><\/strong><strong>Libros infantiles sobre deportaciones y detenciones\u00a0<\/strong><\/p>\n\n\n\n<figure class=\"wp-block-gallery has-nested-images columns-default is-cropped wp-block-gallery-1 is-layout-flex wp-block-gallery-is-layout-flex\">\n<figure class=\"wp-block-image size-large\"><img loading=\"lazy\" decoding=\"async\" width=\"200\" height=\"200\" data-id=\"990\" src=\"https:\/\/osu-wams-blogs-uploads.s3.amazonaws.com\/blogs.dir\/7986\/files\/2025\/12\/Image-1.jpeg\" alt=\"\" class=\"wp-image-990\" srcset=\"https:\/\/osu-wams-blogs-uploads.s3.amazonaws.com\/blogs.dir\/7986\/files\/2025\/12\/Image-1.jpeg 200w, https:\/\/osu-wams-blogs-uploads.s3.amazonaws.com\/blogs.dir\/7986\/files\/2025\/12\/Image-1-150x150.jpeg 150w\" sizes=\"auto, (max-width: 200px) 100vw, 200px\" \/><figcaption class=\"wp-element-caption\">Hasta que alguien me escuche\/ Until someone listens por Estela Juarez <\/figcaption><\/figure>\n\n\n\n<figure class=\"wp-block-image size-large\"><img loading=\"lazy\" decoding=\"async\" width=\"300\" height=\"296\" data-id=\"986\" src=\"https:\/\/osu-wams-blogs-uploads.s3.amazonaws.com\/blogs.dir\/7986\/files\/2025\/12\/Image-5.jpeg\" alt=\"\" class=\"wp-image-986\" \/><figcaption class=\"wp-element-caption\">Hasta que alguien me escuche\/ Until someone listens por Estela Juarez <\/figcaption><\/figure>\n\n\n\n<figure class=\"wp-block-image size-large\"><img loading=\"lazy\" decoding=\"async\" width=\"218\" height=\"218\" data-id=\"985\" src=\"https:\/\/osu-wams-blogs-uploads.s3.amazonaws.com\/blogs.dir\/7986\/files\/2025\/12\/Image-6.jpeg\" alt=\"\" class=\"wp-image-985\" srcset=\"https:\/\/osu-wams-blogs-uploads.s3.amazonaws.com\/blogs.dir\/7986\/files\/2025\/12\/Image-6.jpeg 218w, https:\/\/osu-wams-blogs-uploads.s3.amazonaws.com\/blogs.dir\/7986\/files\/2025\/12\/Image-6-150x150.jpeg 150w\" sizes=\"auto, (max-width: 218px) 100vw, 218px\" \/><figcaption class=\"wp-element-caption\">Mama\u2019s nightingale: A story of immigration and separation por Edwidge Danticat <\/figcaption><\/figure>\n\n\n\n<figure class=\"wp-block-image size-large\"><img loading=\"lazy\" decoding=\"async\" width=\"342\" height=\"441\" data-id=\"989\" src=\"https:\/\/osu-wams-blogs-uploads.s3.amazonaws.com\/blogs.dir\/7986\/files\/2025\/12\/Image.jpeg\" alt=\"\" class=\"wp-image-989\" srcset=\"https:\/\/osu-wams-blogs-uploads.s3.amazonaws.com\/blogs.dir\/7986\/files\/2025\/12\/Image.jpeg 342w, https:\/\/osu-wams-blogs-uploads.s3.amazonaws.com\/blogs.dir\/7986\/files\/2025\/12\/Image-233x300.jpeg 233w\" sizes=\"auto, (max-width: 342px) 100vw, 342px\" \/><figcaption class=\"wp-element-caption\">Ojal\u00e1 supieras \/ I wish you knew   por Jackie Azua Kramer<\/figcaption><\/figure>\n\n\n\n<figure class=\"wp-block-image size-large\"><img loading=\"lazy\" decoding=\"async\" width=\"300\" height=\"389\" data-id=\"988\" src=\"https:\/\/osu-wams-blogs-uploads.s3.amazonaws.com\/blogs.dir\/7986\/files\/2025\/12\/Image-3.jpeg\" alt=\"\" class=\"wp-image-988\" srcset=\"https:\/\/osu-wams-blogs-uploads.s3.amazonaws.com\/blogs.dir\/7986\/files\/2025\/12\/Image-3.jpeg 300w, https:\/\/osu-wams-blogs-uploads.s3.amazonaws.com\/blogs.dir\/7986\/files\/2025\/12\/Image-3-231x300.jpeg 231w\" sizes=\"auto, (max-width: 300px) 100vw, 300px\" \/><figcaption class=\"wp-element-caption\">Ojal\u00e1 supieras \/ I wish you knew   por Jackie Azua Kramer<\/figcaption><\/figure>\n\n\n\n<figure class=\"wp-block-image size-large\"><img loading=\"lazy\" decoding=\"async\" width=\"200\" height=\"200\" data-id=\"987\" src=\"https:\/\/osu-wams-blogs-uploads.s3.amazonaws.com\/blogs.dir\/7986\/files\/2025\/12\/Image-2.jpeg\" alt=\"\" class=\"wp-image-987\" srcset=\"https:\/\/osu-wams-blogs-uploads.s3.amazonaws.com\/blogs.dir\/7986\/files\/2025\/12\/Image-2.jpeg 200w, https:\/\/osu-wams-blogs-uploads.s3.amazonaws.com\/blogs.dir\/7986\/files\/2025\/12\/Image-2-150x150.jpeg 150w\" sizes=\"auto, (max-width: 200px) 100vw, 200px\" \/><figcaption class=\"wp-element-caption\">Algo le pas\u00f3 a mi pap\u00e1\/ Something happened to my dad \/  por Vivianne Aponte Rivera y Ann Hazzard <\/figcaption><\/figure>\n\n\n\n<figure class=\"wp-block-image size-large\"><img loading=\"lazy\" decoding=\"async\" width=\"211\" height=\"267\" data-id=\"977\" src=\"https:\/\/osu-wams-blogs-uploads.s3.amazonaws.com\/blogs.dir\/7986\/files\/2025\/12\/image-3.png\" alt=\"\" class=\"wp-image-977\" \/><figcaption class=\"wp-element-caption\">Algo le pas\u00f3 a mi pap\u00e1\/ Something happened to my dad \/  por Vivianne Aponte Rivera y Ann Hazzard <\/figcaption><\/figure>\n\n\n\n<figure class=\"wp-block-image size-large\"><img loading=\"lazy\" decoding=\"async\" width=\"440\" height=\"342\" data-id=\"984\" src=\"https:\/\/osu-wams-blogs-uploads.s3.amazonaws.com\/blogs.dir\/7986\/files\/2025\/12\/Image-7.jpeg\" alt=\"\" class=\"wp-image-984\" srcset=\"https:\/\/osu-wams-blogs-uploads.s3.amazonaws.com\/blogs.dir\/7986\/files\/2025\/12\/Image-7.jpeg 440w, https:\/\/osu-wams-blogs-uploads.s3.amazonaws.com\/blogs.dir\/7986\/files\/2025\/12\/Image-7-300x233.jpeg 300w, https:\/\/osu-wams-blogs-uploads.s3.amazonaws.com\/blogs.dir\/7986\/files\/2025\/12\/Image-7-386x300.jpeg 386w\" sizes=\"auto, (max-width: 440px) 100vw, 440px\" \/><figcaption class=\"wp-element-caption\">Escucha mi voz \/ Hear my voice compilado por Warren Binford para Project Amplify<\/figcaption><\/figure>\n\n\n\n<figure class=\"wp-block-image size-large\"><img loading=\"lazy\" decoding=\"async\" width=\"315\" height=\"260\" data-id=\"978\" src=\"https:\/\/osu-wams-blogs-uploads.s3.amazonaws.com\/blogs.dir\/7986\/files\/2025\/12\/image-4.png\" alt=\"\" class=\"wp-image-978\" srcset=\"https:\/\/osu-wams-blogs-uploads.s3.amazonaws.com\/blogs.dir\/7986\/files\/2025\/12\/image-4.png 315w, https:\/\/osu-wams-blogs-uploads.s3.amazonaws.com\/blogs.dir\/7986\/files\/2025\/12\/image-4-300x248.png 300w\" sizes=\"auto, (max-width: 315px) 100vw, 315px\" \/><figcaption class=\"wp-element-caption\">Escucha mi voz \/ Hear my voice compilado por Warren Binford para Project Amplify<\/figcaption><\/figure>\n<\/figure>\n","protected":false},"excerpt":{"rendered":"<p>Bienvenido a nuestra comunidad en l\u00ednea En esta p\u00e1gina, nos dedicamos a informar y empoderar a la audiencia de OPEC en espa\u00f1ol a trav\u00e9s de recursos y apoyo que fomentan conexiones m\u00e1s fuertes entre comunidades. Nuestro objetivo es ofrecer informaci\u00f3n &hellip; <a href=\"https:\/\/blogs.oregonstate.edu\/opecenespanol\/recursos\/\">Continue reading <span class=\"meta-nav\">&rarr;<\/span><\/a><\/p>\n","protected":false},"author":14320,"featured_media":821,"parent":0,"menu_order":0,"comment_status":"closed","ping_status":"closed","template":"showcase.php","meta":{"footnotes":""},"class_list":["post-657","page","type-page","status-publish","has-post-thumbnail","hentry"],"yoast_head":"<!-- This site is optimized with the Yoast SEO plugin v27.4 - https:\/\/yoast.com\/product\/yoast-seo-wordpress\/ -->\n<title>Recursos - OPEC<\/title>\n<meta name=\"robots\" content=\"index, follow, max-snippet:-1, max-image-preview:large, max-video-preview:-1\" \/>\n<link rel=\"canonical\" href=\"https:\/\/blogs.oregonstate.edu\/opecenespanol\/recursos\/\" \/>\n<meta property=\"og:locale\" content=\"en_US\" \/>\n<meta property=\"og:type\" content=\"article\" \/>\n<meta property=\"og:title\" content=\"Recursos - OPEC\" \/>\n<meta property=\"og:description\" content=\"Bienvenido a nuestra comunidad en l\u00ednea En esta p\u00e1gina, nos dedicamos a informar y empoderar a la audiencia de OPEC en espa\u00f1ol a trav\u00e9s de recursos y apoyo que fomentan conexiones m\u00e1s fuertes entre comunidades. Nuestro objetivo es ofrecer informaci\u00f3n &hellip; Continue reading &rarr;\" \/>\n<meta property=\"og:url\" content=\"https:\/\/blogs.oregonstate.edu\/opecenespanol\/recursos\/\" \/>\n<meta property=\"og:site_name\" content=\"OPEC\" \/>\n<meta property=\"article:publisher\" content=\"https:\/\/www.facebook.com\/OPECParentingEd\/about\/\" \/>\n<meta property=\"article:modified_time\" content=\"2026-03-10T22:20:58+00:00\" \/>\n<meta property=\"og:image\" content=\"https:\/\/osu-wams-blogs-uploads.s3.amazonaws.com\/blogs.dir\/7986\/files\/2025\/08\/Recursos-1.png\" \/>\n\t<meta property=\"og:image:width\" content=\"1920\" \/>\n\t<meta property=\"og:image:height\" content=\"480\" \/>\n\t<meta property=\"og:image:type\" content=\"image\/png\" \/>\n<meta name=\"twitter:card\" content=\"summary_large_image\" \/>\n<meta name=\"twitter:label1\" content=\"Est. reading time\" \/>\n\t<meta name=\"twitter:data1\" content=\"4 minutes\" \/>\n<script type=\"application\/ld+json\" class=\"yoast-schema-graph\">{\"@context\":\"https:\\\/\\\/schema.org\",\"@graph\":[{\"@type\":\"WebPage\",\"@id\":\"https:\\\/\\\/blogs.oregonstate.edu\\\/opecenespanol\\\/recursos\\\/\",\"url\":\"https:\\\/\\\/blogs.oregonstate.edu\\\/opecenespanol\\\/recursos\\\/\",\"name\":\"Recursos - OPEC\",\"isPartOf\":{\"@id\":\"https:\\\/\\\/blogs.oregonstate.edu\\\/opecenespanol\\\/#website\"},\"primaryImageOfPage\":{\"@id\":\"https:\\\/\\\/blogs.oregonstate.edu\\\/opecenespanol\\\/recursos\\\/#primaryimage\"},\"image\":{\"@id\":\"https:\\\/\\\/blogs.oregonstate.edu\\\/opecenespanol\\\/recursos\\\/#primaryimage\"},\"thumbnailUrl\":\"https:\\\/\\\/osu-wams-blogs-uploads.s3.amazonaws.com\\\/blogs.dir\\\/7986\\\/files\\\/2025\\\/08\\\/Recursos-1.png\",\"datePublished\":\"2025-08-08T00:07:22+00:00\",\"dateModified\":\"2026-03-10T22:20:58+00:00\",\"breadcrumb\":{\"@id\":\"https:\\\/\\\/blogs.oregonstate.edu\\\/opecenespanol\\\/recursos\\\/#breadcrumb\"},\"inLanguage\":\"en-US\",\"potentialAction\":[{\"@type\":\"ReadAction\",\"target\":[\"https:\\\/\\\/blogs.oregonstate.edu\\\/opecenespanol\\\/recursos\\\/\"]}]},{\"@type\":\"ImageObject\",\"inLanguage\":\"en-US\",\"@id\":\"https:\\\/\\\/blogs.oregonstate.edu\\\/opecenespanol\\\/recursos\\\/#primaryimage\",\"url\":\"https:\\\/\\\/osu-wams-blogs-uploads.s3.amazonaws.com\\\/blogs.dir\\\/7986\\\/files\\\/2025\\\/08\\\/Recursos-1.png\",\"contentUrl\":\"https:\\\/\\\/osu-wams-blogs-uploads.s3.amazonaws.com\\\/blogs.dir\\\/7986\\\/files\\\/2025\\\/08\\\/Recursos-1.png\",\"width\":1920,\"height\":480},{\"@type\":\"BreadcrumbList\",\"@id\":\"https:\\\/\\\/blogs.oregonstate.edu\\\/opecenespanol\\\/recursos\\\/#breadcrumb\",\"itemListElement\":[{\"@type\":\"ListItem\",\"position\":1,\"name\":\"Home\",\"item\":\"https:\\\/\\\/blogs.oregonstate.edu\\\/opecenespanol\\\/\"},{\"@type\":\"ListItem\",\"position\":2,\"name\":\"Recursos\"}]},{\"@type\":\"WebSite\",\"@id\":\"https:\\\/\\\/blogs.oregonstate.edu\\\/opecenespanol\\\/#website\",\"url\":\"https:\\\/\\\/blogs.oregonstate.edu\\\/opecenespanol\\\/\",\"name\":\"OPEC\",\"description\":\"Colaborativo de educaci\u00f3n para padres de Oregon (OPEC por sus siglas en ingl\u00e9s) \",\"publisher\":{\"@id\":\"https:\\\/\\\/blogs.oregonstate.edu\\\/opecenespanol\\\/#organization\"},\"potentialAction\":[{\"@type\":\"SearchAction\",\"target\":{\"@type\":\"EntryPoint\",\"urlTemplate\":\"https:\\\/\\\/blogs.oregonstate.edu\\\/opecenespanol\\\/?s={search_term_string}\"},\"query-input\":{\"@type\":\"PropertyValueSpecification\",\"valueRequired\":true,\"valueName\":\"search_term_string\"}}],\"inLanguage\":\"en-US\"},{\"@type\":\"Organization\",\"@id\":\"https:\\\/\\\/blogs.oregonstate.edu\\\/opecenespanol\\\/#organization\",\"name\":\"OPEC\",\"url\":\"https:\\\/\\\/blogs.oregonstate.edu\\\/opecenespanol\\\/\",\"logo\":{\"@type\":\"ImageObject\",\"inLanguage\":\"en-US\",\"@id\":\"https:\\\/\\\/blogs.oregonstate.edu\\\/opecenespanol\\\/#\\\/schema\\\/logo\\\/image\\\/\",\"url\":\"https:\\\/\\\/osu-wams-blogs-uploads.s3.amazonaws.com\\\/blogs.dir\\\/7986\\\/files\\\/2024\\\/09\\\/OPEC-Horizontal-BW-1.png\",\"contentUrl\":\"https:\\\/\\\/osu-wams-blogs-uploads.s3.amazonaws.com\\\/blogs.dir\\\/7986\\\/files\\\/2024\\\/09\\\/OPEC-Horizontal-BW-1.png\",\"width\":838,\"height\":332,\"caption\":\"OPEC\"},\"image\":{\"@id\":\"https:\\\/\\\/blogs.oregonstate.edu\\\/opecenespanol\\\/#\\\/schema\\\/logo\\\/image\\\/\"},\"sameAs\":[\"https:\\\/\\\/www.facebook.com\\\/OPECParentingEd\\\/about\\\/\"]}]}<\/script>\n<!-- \/ Yoast SEO plugin. -->","yoast_head_json":{"title":"Recursos - OPEC","robots":{"index":"index","follow":"follow","max-snippet":"max-snippet:-1","max-image-preview":"max-image-preview:large","max-video-preview":"max-video-preview:-1"},"canonical":"https:\/\/blogs.oregonstate.edu\/opecenespanol\/recursos\/","og_locale":"en_US","og_type":"article","og_title":"Recursos - OPEC","og_description":"Bienvenido a nuestra comunidad en l\u00ednea En esta p\u00e1gina, nos dedicamos a informar y empoderar a la audiencia de OPEC en espa\u00f1ol a trav\u00e9s de recursos y apoyo que fomentan conexiones m\u00e1s fuertes entre comunidades. Nuestro objetivo es ofrecer informaci\u00f3n &hellip; Continue reading &rarr;","og_url":"https:\/\/blogs.oregonstate.edu\/opecenespanol\/recursos\/","og_site_name":"OPEC","article_publisher":"https:\/\/www.facebook.com\/OPECParentingEd\/about\/","article_modified_time":"2026-03-10T22:20:58+00:00","og_image":[{"width":1920,"height":480,"url":"https:\/\/osu-wams-blogs-uploads.s3.amazonaws.com\/blogs.dir\/7986\/files\/2025\/08\/Recursos-1.png","type":"image\/png"}],"twitter_card":"summary_large_image","twitter_misc":{"Est. reading time":"4 minutes"},"schema":{"@context":"https:\/\/schema.org","@graph":[{"@type":"WebPage","@id":"https:\/\/blogs.oregonstate.edu\/opecenespanol\/recursos\/","url":"https:\/\/blogs.oregonstate.edu\/opecenespanol\/recursos\/","name":"Recursos - OPEC","isPartOf":{"@id":"https:\/\/blogs.oregonstate.edu\/opecenespanol\/#website"},"primaryImageOfPage":{"@id":"https:\/\/blogs.oregonstate.edu\/opecenespanol\/recursos\/#primaryimage"},"image":{"@id":"https:\/\/blogs.oregonstate.edu\/opecenespanol\/recursos\/#primaryimage"},"thumbnailUrl":"https:\/\/osu-wams-blogs-uploads.s3.amazonaws.com\/blogs.dir\/7986\/files\/2025\/08\/Recursos-1.png","datePublished":"2025-08-08T00:07:22+00:00","dateModified":"2026-03-10T22:20:58+00:00","breadcrumb":{"@id":"https:\/\/blogs.oregonstate.edu\/opecenespanol\/recursos\/#breadcrumb"},"inLanguage":"en-US","potentialAction":[{"@type":"ReadAction","target":["https:\/\/blogs.oregonstate.edu\/opecenespanol\/recursos\/"]}]},{"@type":"ImageObject","inLanguage":"en-US","@id":"https:\/\/blogs.oregonstate.edu\/opecenespanol\/recursos\/#primaryimage","url":"https:\/\/osu-wams-blogs-uploads.s3.amazonaws.com\/blogs.dir\/7986\/files\/2025\/08\/Recursos-1.png","contentUrl":"https:\/\/osu-wams-blogs-uploads.s3.amazonaws.com\/blogs.dir\/7986\/files\/2025\/08\/Recursos-1.png","width":1920,"height":480},{"@type":"BreadcrumbList","@id":"https:\/\/blogs.oregonstate.edu\/opecenespanol\/recursos\/#breadcrumb","itemListElement":[{"@type":"ListItem","position":1,"name":"Home","item":"https:\/\/blogs.oregonstate.edu\/opecenespanol\/"},{"@type":"ListItem","position":2,"name":"Recursos"}]},{"@type":"WebSite","@id":"https:\/\/blogs.oregonstate.edu\/opecenespanol\/#website","url":"https:\/\/blogs.oregonstate.edu\/opecenespanol\/","name":"OPEC","description":"Colaborativo de educaci\u00f3n para padres de Oregon (OPEC por sus siglas en ingl\u00e9s) ","publisher":{"@id":"https:\/\/blogs.oregonstate.edu\/opecenespanol\/#organization"},"potentialAction":[{"@type":"SearchAction","target":{"@type":"EntryPoint","urlTemplate":"https:\/\/blogs.oregonstate.edu\/opecenespanol\/?s={search_term_string}"},"query-input":{"@type":"PropertyValueSpecification","valueRequired":true,"valueName":"search_term_string"}}],"inLanguage":"en-US"},{"@type":"Organization","@id":"https:\/\/blogs.oregonstate.edu\/opecenespanol\/#organization","name":"OPEC","url":"https:\/\/blogs.oregonstate.edu\/opecenespanol\/","logo":{"@type":"ImageObject","inLanguage":"en-US","@id":"https:\/\/blogs.oregonstate.edu\/opecenespanol\/#\/schema\/logo\/image\/","url":"https:\/\/osu-wams-blogs-uploads.s3.amazonaws.com\/blogs.dir\/7986\/files\/2024\/09\/OPEC-Horizontal-BW-1.png","contentUrl":"https:\/\/osu-wams-blogs-uploads.s3.amazonaws.com\/blogs.dir\/7986\/files\/2024\/09\/OPEC-Horizontal-BW-1.png","width":838,"height":332,"caption":"OPEC"},"image":{"@id":"https:\/\/blogs.oregonstate.edu\/opecenespanol\/#\/schema\/logo\/image\/"},"sameAs":["https:\/\/www.facebook.com\/OPECParentingEd\/about\/"]}]}},"post_mailing_queue_ids":[],"_links":{"self":[{"href":"https:\/\/blogs.oregonstate.edu\/opecenespanol\/wp-json\/wp\/v2\/pages\/657","targetHints":{"allow":["GET"]}}],"collection":[{"href":"https:\/\/blogs.oregonstate.edu\/opecenespanol\/wp-json\/wp\/v2\/pages"}],"about":[{"href":"https:\/\/blogs.oregonstate.edu\/opecenespanol\/wp-json\/wp\/v2\/types\/page"}],"author":[{"embeddable":true,"href":"https:\/\/blogs.oregonstate.edu\/opecenespanol\/wp-json\/wp\/v2\/users\/14320"}],"replies":[{"embeddable":true,"href":"https:\/\/blogs.oregonstate.edu\/opecenespanol\/wp-json\/wp\/v2\/comments?post=657"}],"version-history":[{"count":4,"href":"https:\/\/blogs.oregonstate.edu\/opecenespanol\/wp-json\/wp\/v2\/pages\/657\/revisions"}],"predecessor-version":[{"id":996,"href":"https:\/\/blogs.oregonstate.edu\/opecenespanol\/wp-json\/wp\/v2\/pages\/657\/revisions\/996"}],"wp:featuredmedia":[{"embeddable":true,"href":"https:\/\/blogs.oregonstate.edu\/opecenespanol\/wp-json\/wp\/v2\/media\/821"}],"wp:attachment":[{"href":"https:\/\/blogs.oregonstate.edu\/opecenespanol\/wp-json\/wp\/v2\/media?parent=657"}],"curies":[{"name":"wp","href":"https:\/\/api.w.org\/{rel}","templated":true}]}}