{"id":641,"date":"2025-08-07T16:46:55","date_gmt":"2025-08-07T23:46:55","guid":{"rendered":"https:\/\/blogs.oregonstate.edu\/opecenespanol\/?page_id=641"},"modified":"2025-08-13T14:30:03","modified_gmt":"2025-08-13T21:30:03","slug":"podcast-2","status":"publish","type":"page","link":"https:\/\/blogs.oregonstate.edu\/opecenespanol\/podcast-2\/","title":{"rendered":"Podcast"},"content":{"rendered":"\n<div class=\"wp-block-columns is-layout-flex wp-container-core-columns-is-layout-9d6595d7 wp-block-columns-is-layout-flex\">\n<div class=\"wp-block-column is-layout-flow wp-block-column-is-layout-flow\" style=\"flex-basis:100%\"><\/div>\n<\/div>\n\n\n<div class=\"wp-block-image is-style-default\">\n<figure class=\"alignleft size-large is-resized\"><img decoding=\"async\" src=\"https:\/\/osu-wams-blogs-uploads.s3.amazonaws.com\/blogs.dir\/7986\/files\/2024\/09\/Draft-OPEC-podcast-cover-3-1024x1024.png\" alt=\"\" class=\"wp-image-122\" style=\"width:113px;height:auto\" \/><\/figure>\n<\/div>\n\n\n<p class=\"has-small-font-size\" style=\"font-style:normal;font-weight:400\"><strong>Bienvenido al Podcast OPEC en espa\u00f1ol<\/strong>: Le invitamos a explorar nuestra colecci\u00f3n de podcasts dise\u00f1ados especialmente para padres y familias, educadores de padres y l\u00edderes comunitarios. Aqu\u00ed encontrar\u00e1 charlas inspiradoras, entrevistas con expertos y discusiones significativas sobre temas relevantes para la crianza y la educaci\u00f3n de padres y familias. <\/p>\n\n\n\n<p class=\"has-small-font-size\" style=\"font-style:normal;font-weight:400\">En cada episodio brindamos informaci\u00f3n valiosa y recursos pr\u00e1cticos, con un toque de cultura, honramos la rica herencia latina e hispana que nos une, celebrando la diversidad y la belleza de nuestra identidad. <\/p>\n\n\n\n<p class=\"has-small-font-size\" style=\"font-style:normal;font-weight:400\">Le animamos a sumergirse en este viaje de aprendizaje y descubrimiento. Juntos, podemos enfrentar los retos y celebrar las maravillas de la educaci\u00f3n de los hijos e hijas \u00a1No se pierda los nuevos episodios en desarrollo y \u00fanase a nuestra comunidad comprometida con el bienestar y el crecimiento de las familias!<br \/><br \/>Charlas Sinceras de OPEC Podcast est\u00e1 disponible en las plataformas de OSU-OPEC y Spotify.<\/p>\n\n\n\n<hr class=\"wp-block-separator has-alpha-channel-opacity\" \/>\n\n\n\n<div class=\"wp-block-media-text has-media-on-the-right is-stacked-on-mobile is-image-fill-element\" style=\"grid-template-columns:auto 40%\"><div class=\"wp-block-media-text__content\">\n<p class=\"has-small-font-size\" style=\"font-style:normal;font-weight:400\">Ver Charlas Sinceras Podcast en nuestro canal de OSU-OPEC <\/p>\n\n\n\n<p><a href=\"https:\/\/media.oregonstate.edu\/channel\/Charlas+Sinceras.+OPEC+en+espa%C3%B1ol\/364192652\">https:\/\/media.oregonstate.edu\/channel\/Charlas+Sinceras.+OPEC+en+espa%C3%B1ol\/364192652<\/a><\/p>\n<\/div><figure class=\"wp-block-media-text__media\"><a class=\"https:\/\/media.oregonstate.edu\/channel\/Charlas+Sinceras.+OPEC+en+espa%C3%B1ol\/364192652\" href=\"https:\/\/media.oregonstate.edu\/channel\/Charlas+Sinceras.+OPEC+en+espa%C3%B1ol\/364192652\" target=\"_blank\" rel=\" noreferrer noopener\"><img loading=\"lazy\" decoding=\"async\" width=\"1024\" height=\"1024\" src=\"https:\/\/osu-wams-blogs-uploads.s3.amazonaws.com\/blogs.dir\/7986\/files\/2024\/09\/Draft-OPEC-podcast-cover-1-1024x1024.png\" alt=\"\" class=\"wp-image-115 size-full\" style=\"object-position:50% 50%\" srcset=\"https:\/\/osu-wams-blogs-uploads.s3.amazonaws.com\/blogs.dir\/7986\/files\/2024\/09\/Draft-OPEC-podcast-cover-1-1024x1024.png 1024w, https:\/\/osu-wams-blogs-uploads.s3.amazonaws.com\/blogs.dir\/7986\/files\/2024\/09\/Draft-OPEC-podcast-cover-1-300x300.png 300w, https:\/\/osu-wams-blogs-uploads.s3.amazonaws.com\/blogs.dir\/7986\/files\/2024\/09\/Draft-OPEC-podcast-cover-1-150x150.png 150w, https:\/\/osu-wams-blogs-uploads.s3.amazonaws.com\/blogs.dir\/7986\/files\/2024\/09\/Draft-OPEC-podcast-cover-1-768x768.png 768w, https:\/\/osu-wams-blogs-uploads.s3.amazonaws.com\/blogs.dir\/7986\/files\/2024\/09\/Draft-OPEC-podcast-cover-1-1536x1536.png 1536w, https:\/\/osu-wams-blogs-uploads.s3.amazonaws.com\/blogs.dir\/7986\/files\/2024\/09\/Draft-OPEC-podcast-cover-1-2048x2048.png 2048w\" sizes=\"auto, (max-width: 1024px) 100vw, 1024px\" \/><\/a><\/figure><\/div>\n\n\n\n<figure class=\"wp-block-embed is-type-video is-provider-spotify wp-block-embed-spotify wp-embed-aspect-16-9 wp-has-aspect-ratio\"><div class=\"wp-block-embed__wrapper\">\n<iframe title=\"Spotify Embed: Liderazgo inclusivo y asesor\u00eda transformadora: claves para acompa\u00f1ar con conciencia y equidad T1 #6\" style=\"border-radius: 12px\" width=\"624\" height=\"351\" frameborder=\"0\" allowfullscreen allow=\"autoplay; clipboard-write; encrypted-media; fullscreen; picture-in-picture\" loading=\"lazy\" src=\"https:\/\/open.spotify.com\/embed\/show\/6V52FPq1vUX0EdRTR2mMgt\/video?si=b2f4bc1bf762407a&#038;nd=1&#038;dlsi=df5c40d929f04497&#038;utm_source=oembed\"><\/iframe>\n<\/div><\/figure>\n\n\n\n<p class=\"has-text-align-center has-small-font-size\" style=\"font-style:normal;font-weight:400\"><strong>Ver Charlas Sinceras Podcast en nuestro canal de Spotify <\/strong><\/p>\n\n\n\n<div class=\"wp-block-group alignfull has-text-color has-background\" style=\"color:#000000;background-color:#ffffff\"><div class=\"wp-block-group__inner-container is-layout-flow wp-block-group-is-layout-flow\">\n<p class=\"has-text-align-center\">&nbsp;<strong><em><mark class=\"has-inline-color has-black-color\">\u00a1Queremos escucharle en OPEC Charlas Sinceras!<\/mark><\/em><\/strong><\/p>\n\n\n\n<p class=\"has-text-align-center has-small-font-size\" style=\"line-height:.9\"><strong><\/strong><strong>Participar es simple, gratuito y 100% virtual.<\/strong><\/p>\n\n\n\n<h2 class=\"wp-block-heading has-text-align-center\" id=\"schedule-a-visit\" style=\"font-size:59px;line-height:1.15\"><strong><\/strong><strong><\/strong><strong>Conecta y comparte<\/strong><\/h2>\n\n\n\n<div class=\"wp-block-buttons is-horizontal is-content-justification-center is-layout-flex wp-container-core-buttons-is-layout-499968f5 wp-block-buttons-is-layout-flex\">\n<div class=\"wp-block-button has-custom-width wp-block-button__width-50\"><a class=\"wp-block-button__link has-text-color has-background wp-element-button\" href=\"https:\/\/oregonstate.qualtrics.com\/jfe\/form\/SV_22Yi7zw1WaeKVTw\" style=\"border-radius:50px;color:#ffffff;background-color:#000000\" target=\"_blank\" rel=\"noreferrer noopener\"><strong>Solic\u00edtelo aqu\u00ed<\/strong><\/a><\/div>\n<\/div>\n\n\n\n<p>Estamos buscando l\u00edderes comunitarios, educadores\/as, investigadores y profesionales que trabajen con familias para compartir su experiencia en nuestro podcast.<\/p>\n\n\n\n<p>Este es un espacio voluntario, colaborativo y comprometido con la transformaci\u00f3n social para las comunidades.<\/p>\n\n\n\n<p><strong>\u00a1Gracias por ser parte de esta red que transforma comunidades!<\/strong><\/p>\n\n\n\n<div style=\"height:11px\" aria-hidden=\"true\" class=\"wp-block-spacer\"><\/div>\n<\/div><\/div>\n\n\n\n<div class=\"wp-block-columns is-layout-flex wp-container-core-columns-is-layout-9d6595d7 wp-block-columns-is-layout-flex\">\n<div class=\"wp-block-column is-layout-flow wp-block-column-is-layout-flow\" style=\"flex-basis:100%\">\n<h1 style=\"text-align: left\"><strong><a href=\"https:\/\/blogs.oregonstate.edu\/opecenespanol\/mso0\" rel=\"nofollow \">OPEC &#8220;Charlas Sinceras&#8221;<\/a><br \/><\/strong><strong>Un espacio para dialogar, compartir y construir comunidad<\/strong><\/h1>\n<h1 style=\"text-align: center\"><img loading=\"lazy\" decoding=\"async\" class=\"wp-image-250 alignleft\" src=\"https:\/\/osu-wams-blogs-uploads.s3.amazonaws.com\/blogs.dir\/7986\/files\/2025\/02\/36-e1755100947786-300x197.jpg\" alt=\"\" width=\"369\" height=\"249\" \/><\/h1>\n\n\n\n<p><em>OPEC Charlas Sinceras<\/em> es un podcast dedicado a abrir espacios de di\u00e1logo con l\u00edderes comunitarios, profesionales en educaci\u00f3n para padres, investigadores, organizaciones y personas comprometidas con el bienestar de las familias.<\/p>\n\n\n\n<p>Nuestro objetivo es crear un espacio din\u00e1mico y accesible donde las voces se encuentren para inspirar, informar y empoderar. Buscamos aportar a la experiencia del aprendizaje en comunidad, abordando temas relevantes que impactan directamente la vida cotidiana de nuestras audiencias. A trav\u00e9s de conversaciones aut\u00e9nticas y contenido pr\u00e1ctico, fomentamos el intercambio de conocimientos, el fortalecimiento de v\u00ednculos familiares y el desarrollo de comunidades m\u00e1s informadas, conectadas y resilientes.<\/p>\n\n\n\n<p>Creemos en el poder de la palabra compartida, del conocimiento comunitario y de las experiencias que transforman. Nuestra misi\u00f3n es conectar, visibilizar y fortalecer el trabajo de quienes acompa\u00f1an a madres, padres y cuidadores en su camino de crianza positiva.<\/p>\n<\/div>\n<\/div>\n","protected":false},"excerpt":{"rendered":"<p>Bienvenido al Podcast OPEC en espa\u00f1ol: Le invitamos a explorar nuestra colecci\u00f3n de podcasts dise\u00f1ados especialmente para padres y familias, educadores de padres y l\u00edderes comunitarios. Aqu\u00ed encontrar\u00e1 charlas inspiradoras, entrevistas con expertos y discusiones significativas sobre temas relevantes para &hellip; <a href=\"https:\/\/blogs.oregonstate.edu\/opecenespanol\/podcast-2\/\">Continue reading <span class=\"meta-nav\">&rarr;<\/span><\/a><\/p>\n","protected":false},"author":14320,"featured_media":195,"parent":0,"menu_order":0,"comment_status":"closed","ping_status":"closed","template":"showcase.php","meta":{"footnotes":""},"class_list":["post-641","page","type-page","status-publish","has-post-thumbnail","hentry"],"yoast_head":"<!-- This site is optimized with the Yoast SEO plugin v27.4 - https:\/\/yoast.com\/product\/yoast-seo-wordpress\/ -->\n<title>Podcast - OPEC<\/title>\n<meta name=\"robots\" content=\"index, follow, max-snippet:-1, max-image-preview:large, max-video-preview:-1\" \/>\n<link rel=\"canonical\" href=\"https:\/\/blogs.oregonstate.edu\/opecenespanol\/podcast-2\/\" \/>\n<meta property=\"og:locale\" content=\"en_US\" \/>\n<meta property=\"og:type\" content=\"article\" \/>\n<meta property=\"og:title\" content=\"Podcast - OPEC\" \/>\n<meta property=\"og:description\" content=\"Bienvenido al Podcast OPEC en espa\u00f1ol: Le invitamos a explorar nuestra colecci\u00f3n de podcasts dise\u00f1ados especialmente para padres y familias, educadores de padres y l\u00edderes comunitarios. Aqu\u00ed encontrar\u00e1 charlas inspiradoras, entrevistas con expertos y discusiones significativas sobre temas relevantes para &hellip; Continue reading &rarr;\" \/>\n<meta property=\"og:url\" content=\"https:\/\/blogs.oregonstate.edu\/opecenespanol\/podcast-2\/\" \/>\n<meta property=\"og:site_name\" content=\"OPEC\" \/>\n<meta property=\"article:publisher\" content=\"https:\/\/www.facebook.com\/OPECParentingEd\/about\/\" \/>\n<meta property=\"article:modified_time\" content=\"2025-08-13T21:30:03+00:00\" \/>\n<meta property=\"og:image\" content=\"https:\/\/osu-wams-blogs-uploads.s3.amazonaws.com\/blogs.dir\/7986\/files\/2025\/01\/Podcast-Charlas-Sinceras.png\" \/>\n\t<meta property=\"og:image:width\" content=\"1920\" \/>\n\t<meta property=\"og:image:height\" content=\"480\" \/>\n\t<meta property=\"og:image:type\" content=\"image\/png\" \/>\n<meta name=\"twitter:card\" content=\"summary_large_image\" \/>\n<meta name=\"twitter:label1\" content=\"Est. reading time\" \/>\n\t<meta name=\"twitter:data1\" content=\"3 minutes\" \/>\n<script type=\"application\/ld+json\" class=\"yoast-schema-graph\">{\"@context\":\"https:\\\/\\\/schema.org\",\"@graph\":[{\"@type\":\"WebPage\",\"@id\":\"https:\\\/\\\/blogs.oregonstate.edu\\\/opecenespanol\\\/podcast-2\\\/\",\"url\":\"https:\\\/\\\/blogs.oregonstate.edu\\\/opecenespanol\\\/podcast-2\\\/\",\"name\":\"Podcast - OPEC\",\"isPartOf\":{\"@id\":\"https:\\\/\\\/blogs.oregonstate.edu\\\/opecenespanol\\\/#website\"},\"primaryImageOfPage\":{\"@id\":\"https:\\\/\\\/blogs.oregonstate.edu\\\/opecenespanol\\\/podcast-2\\\/#primaryimage\"},\"image\":{\"@id\":\"https:\\\/\\\/blogs.oregonstate.edu\\\/opecenespanol\\\/podcast-2\\\/#primaryimage\"},\"thumbnailUrl\":\"https:\\\/\\\/osu-wams-blogs-uploads.s3.amazonaws.com\\\/blogs.dir\\\/7986\\\/files\\\/2025\\\/01\\\/Podcast-Charlas-Sinceras.png\",\"datePublished\":\"2025-08-07T23:46:55+00:00\",\"dateModified\":\"2025-08-13T21:30:03+00:00\",\"breadcrumb\":{\"@id\":\"https:\\\/\\\/blogs.oregonstate.edu\\\/opecenespanol\\\/podcast-2\\\/#breadcrumb\"},\"inLanguage\":\"en-US\",\"potentialAction\":[{\"@type\":\"ReadAction\",\"target\":[\"https:\\\/\\\/blogs.oregonstate.edu\\\/opecenespanol\\\/podcast-2\\\/\"]}]},{\"@type\":\"ImageObject\",\"inLanguage\":\"en-US\",\"@id\":\"https:\\\/\\\/blogs.oregonstate.edu\\\/opecenespanol\\\/podcast-2\\\/#primaryimage\",\"url\":\"https:\\\/\\\/osu-wams-blogs-uploads.s3.amazonaws.com\\\/blogs.dir\\\/7986\\\/files\\\/2025\\\/01\\\/Podcast-Charlas-Sinceras.png\",\"contentUrl\":\"https:\\\/\\\/osu-wams-blogs-uploads.s3.amazonaws.com\\\/blogs.dir\\\/7986\\\/files\\\/2025\\\/01\\\/Podcast-Charlas-Sinceras.png\",\"width\":1920,\"height\":480},{\"@type\":\"BreadcrumbList\",\"@id\":\"https:\\\/\\\/blogs.oregonstate.edu\\\/opecenespanol\\\/podcast-2\\\/#breadcrumb\",\"itemListElement\":[{\"@type\":\"ListItem\",\"position\":1,\"name\":\"Home\",\"item\":\"https:\\\/\\\/blogs.oregonstate.edu\\\/opecenespanol\\\/\"},{\"@type\":\"ListItem\",\"position\":2,\"name\":\"Podcast\"}]},{\"@type\":\"WebSite\",\"@id\":\"https:\\\/\\\/blogs.oregonstate.edu\\\/opecenespanol\\\/#website\",\"url\":\"https:\\\/\\\/blogs.oregonstate.edu\\\/opecenespanol\\\/\",\"name\":\"OPEC\",\"description\":\"Colaborativo de educaci\u00f3n para padres de Oregon (OPEC por sus siglas en ingl\u00e9s) \",\"publisher\":{\"@id\":\"https:\\\/\\\/blogs.oregonstate.edu\\\/opecenespanol\\\/#organization\"},\"potentialAction\":[{\"@type\":\"SearchAction\",\"target\":{\"@type\":\"EntryPoint\",\"urlTemplate\":\"https:\\\/\\\/blogs.oregonstate.edu\\\/opecenespanol\\\/?s={search_term_string}\"},\"query-input\":{\"@type\":\"PropertyValueSpecification\",\"valueRequired\":true,\"valueName\":\"search_term_string\"}}],\"inLanguage\":\"en-US\"},{\"@type\":\"Organization\",\"@id\":\"https:\\\/\\\/blogs.oregonstate.edu\\\/opecenespanol\\\/#organization\",\"name\":\"OPEC\",\"url\":\"https:\\\/\\\/blogs.oregonstate.edu\\\/opecenespanol\\\/\",\"logo\":{\"@type\":\"ImageObject\",\"inLanguage\":\"en-US\",\"@id\":\"https:\\\/\\\/blogs.oregonstate.edu\\\/opecenespanol\\\/#\\\/schema\\\/logo\\\/image\\\/\",\"url\":\"https:\\\/\\\/osu-wams-blogs-uploads.s3.amazonaws.com\\\/blogs.dir\\\/7986\\\/files\\\/2024\\\/09\\\/OPEC-Horizontal-BW-1.png\",\"contentUrl\":\"https:\\\/\\\/osu-wams-blogs-uploads.s3.amazonaws.com\\\/blogs.dir\\\/7986\\\/files\\\/2024\\\/09\\\/OPEC-Horizontal-BW-1.png\",\"width\":838,\"height\":332,\"caption\":\"OPEC\"},\"image\":{\"@id\":\"https:\\\/\\\/blogs.oregonstate.edu\\\/opecenespanol\\\/#\\\/schema\\\/logo\\\/image\\\/\"},\"sameAs\":[\"https:\\\/\\\/www.facebook.com\\\/OPECParentingEd\\\/about\\\/\"]}]}<\/script>\n<!-- \/ Yoast SEO plugin. -->","yoast_head_json":{"title":"Podcast - OPEC","robots":{"index":"index","follow":"follow","max-snippet":"max-snippet:-1","max-image-preview":"max-image-preview:large","max-video-preview":"max-video-preview:-1"},"canonical":"https:\/\/blogs.oregonstate.edu\/opecenespanol\/podcast-2\/","og_locale":"en_US","og_type":"article","og_title":"Podcast - OPEC","og_description":"Bienvenido al Podcast OPEC en espa\u00f1ol: Le invitamos a explorar nuestra colecci\u00f3n de podcasts dise\u00f1ados especialmente para padres y familias, educadores de padres y l\u00edderes comunitarios. Aqu\u00ed encontrar\u00e1 charlas inspiradoras, entrevistas con expertos y discusiones significativas sobre temas relevantes para &hellip; Continue reading &rarr;","og_url":"https:\/\/blogs.oregonstate.edu\/opecenespanol\/podcast-2\/","og_site_name":"OPEC","article_publisher":"https:\/\/www.facebook.com\/OPECParentingEd\/about\/","article_modified_time":"2025-08-13T21:30:03+00:00","og_image":[{"width":1920,"height":480,"url":"https:\/\/osu-wams-blogs-uploads.s3.amazonaws.com\/blogs.dir\/7986\/files\/2025\/01\/Podcast-Charlas-Sinceras.png","type":"image\/png"}],"twitter_card":"summary_large_image","twitter_misc":{"Est. reading time":"3 minutes"},"schema":{"@context":"https:\/\/schema.org","@graph":[{"@type":"WebPage","@id":"https:\/\/blogs.oregonstate.edu\/opecenespanol\/podcast-2\/","url":"https:\/\/blogs.oregonstate.edu\/opecenespanol\/podcast-2\/","name":"Podcast - OPEC","isPartOf":{"@id":"https:\/\/blogs.oregonstate.edu\/opecenespanol\/#website"},"primaryImageOfPage":{"@id":"https:\/\/blogs.oregonstate.edu\/opecenespanol\/podcast-2\/#primaryimage"},"image":{"@id":"https:\/\/blogs.oregonstate.edu\/opecenespanol\/podcast-2\/#primaryimage"},"thumbnailUrl":"https:\/\/osu-wams-blogs-uploads.s3.amazonaws.com\/blogs.dir\/7986\/files\/2025\/01\/Podcast-Charlas-Sinceras.png","datePublished":"2025-08-07T23:46:55+00:00","dateModified":"2025-08-13T21:30:03+00:00","breadcrumb":{"@id":"https:\/\/blogs.oregonstate.edu\/opecenespanol\/podcast-2\/#breadcrumb"},"inLanguage":"en-US","potentialAction":[{"@type":"ReadAction","target":["https:\/\/blogs.oregonstate.edu\/opecenespanol\/podcast-2\/"]}]},{"@type":"ImageObject","inLanguage":"en-US","@id":"https:\/\/blogs.oregonstate.edu\/opecenespanol\/podcast-2\/#primaryimage","url":"https:\/\/osu-wams-blogs-uploads.s3.amazonaws.com\/blogs.dir\/7986\/files\/2025\/01\/Podcast-Charlas-Sinceras.png","contentUrl":"https:\/\/osu-wams-blogs-uploads.s3.amazonaws.com\/blogs.dir\/7986\/files\/2025\/01\/Podcast-Charlas-Sinceras.png","width":1920,"height":480},{"@type":"BreadcrumbList","@id":"https:\/\/blogs.oregonstate.edu\/opecenespanol\/podcast-2\/#breadcrumb","itemListElement":[{"@type":"ListItem","position":1,"name":"Home","item":"https:\/\/blogs.oregonstate.edu\/opecenespanol\/"},{"@type":"ListItem","position":2,"name":"Podcast"}]},{"@type":"WebSite","@id":"https:\/\/blogs.oregonstate.edu\/opecenespanol\/#website","url":"https:\/\/blogs.oregonstate.edu\/opecenespanol\/","name":"OPEC","description":"Colaborativo de educaci\u00f3n para padres de Oregon (OPEC por sus siglas en ingl\u00e9s) ","publisher":{"@id":"https:\/\/blogs.oregonstate.edu\/opecenespanol\/#organization"},"potentialAction":[{"@type":"SearchAction","target":{"@type":"EntryPoint","urlTemplate":"https:\/\/blogs.oregonstate.edu\/opecenespanol\/?s={search_term_string}"},"query-input":{"@type":"PropertyValueSpecification","valueRequired":true,"valueName":"search_term_string"}}],"inLanguage":"en-US"},{"@type":"Organization","@id":"https:\/\/blogs.oregonstate.edu\/opecenespanol\/#organization","name":"OPEC","url":"https:\/\/blogs.oregonstate.edu\/opecenespanol\/","logo":{"@type":"ImageObject","inLanguage":"en-US","@id":"https:\/\/blogs.oregonstate.edu\/opecenespanol\/#\/schema\/logo\/image\/","url":"https:\/\/osu-wams-blogs-uploads.s3.amazonaws.com\/blogs.dir\/7986\/files\/2024\/09\/OPEC-Horizontal-BW-1.png","contentUrl":"https:\/\/osu-wams-blogs-uploads.s3.amazonaws.com\/blogs.dir\/7986\/files\/2024\/09\/OPEC-Horizontal-BW-1.png","width":838,"height":332,"caption":"OPEC"},"image":{"@id":"https:\/\/blogs.oregonstate.edu\/opecenespanol\/#\/schema\/logo\/image\/"},"sameAs":["https:\/\/www.facebook.com\/OPECParentingEd\/about\/"]}]}},"post_mailing_queue_ids":[],"_links":{"self":[{"href":"https:\/\/blogs.oregonstate.edu\/opecenespanol\/wp-json\/wp\/v2\/pages\/641","targetHints":{"allow":["GET"]}}],"collection":[{"href":"https:\/\/blogs.oregonstate.edu\/opecenespanol\/wp-json\/wp\/v2\/pages"}],"about":[{"href":"https:\/\/blogs.oregonstate.edu\/opecenespanol\/wp-json\/wp\/v2\/types\/page"}],"author":[{"embeddable":true,"href":"https:\/\/blogs.oregonstate.edu\/opecenespanol\/wp-json\/wp\/v2\/users\/14320"}],"replies":[{"embeddable":true,"href":"https:\/\/blogs.oregonstate.edu\/opecenespanol\/wp-json\/wp\/v2\/comments?post=641"}],"version-history":[{"count":16,"href":"https:\/\/blogs.oregonstate.edu\/opecenespanol\/wp-json\/wp\/v2\/pages\/641\/revisions"}],"predecessor-version":[{"id":894,"href":"https:\/\/blogs.oregonstate.edu\/opecenespanol\/wp-json\/wp\/v2\/pages\/641\/revisions\/894"}],"wp:featuredmedia":[{"embeddable":true,"href":"https:\/\/blogs.oregonstate.edu\/opecenespanol\/wp-json\/wp\/v2\/media\/195"}],"wp:attachment":[{"href":"https:\/\/blogs.oregonstate.edu\/opecenespanol\/wp-json\/wp\/v2\/media?parent=641"}],"curies":[{"name":"wp","href":"https:\/\/api.w.org\/{rel}","templated":true}]}}