{"id":633,"date":"2025-08-07T16:37:34","date_gmt":"2025-08-07T23:37:34","guid":{"rendered":"https:\/\/blogs.oregonstate.edu\/opecenespanol\/?page_id=633"},"modified":"2025-09-29T11:42:47","modified_gmt":"2025-09-29T18:42:47","slug":"academia-de-formacion-de-opec-page","status":"publish","type":"page","link":"https:\/\/blogs.oregonstate.edu\/opecenespanol\/academia-de-formacion-de-opec-page\/","title":{"rendered":"Academia de formaci\u00f3n de OPEC"},"content":{"rendered":"\n<figure class=\"wp-block-image is-resized is-style-rounded\"><img loading=\"lazy\" decoding=\"async\" width=\"1024\" height=\"256\" src=\"https:\/\/osu-wams-blogs-uploads.s3.amazonaws.com\/blogs.dir\/7986\/files\/2025\/02\/38-1024x256.jpg\" alt=\"\" class=\"wp-image-252\" style=\"width:559px;height:auto\" srcset=\"https:\/\/osu-wams-blogs-uploads.s3.amazonaws.com\/blogs.dir\/7986\/files\/2025\/02\/38-1024x256.jpg 1024w, https:\/\/osu-wams-blogs-uploads.s3.amazonaws.com\/blogs.dir\/7986\/files\/2025\/02\/38-300x75.jpg 300w, https:\/\/osu-wams-blogs-uploads.s3.amazonaws.com\/blogs.dir\/7986\/files\/2025\/02\/38-768x192.jpg 768w, https:\/\/osu-wams-blogs-uploads.s3.amazonaws.com\/blogs.dir\/7986\/files\/2025\/02\/38-1536x384.jpg 1536w, https:\/\/osu-wams-blogs-uploads.s3.amazonaws.com\/blogs.dir\/7986\/files\/2025\/02\/38-500x125.jpg 500w, https:\/\/osu-wams-blogs-uploads.s3.amazonaws.com\/blogs.dir\/7986\/files\/2025\/02\/38.jpg 1584w\" sizes=\"auto, (max-width: 1024px) 100vw, 1024px\" \/><\/figure>\n\n\n\n<p>El colaborativo de educaci\u00f3n para padres de Oregon (OPEC por sus siglas en ingl\u00e9s)<\/p>\n\n\n\n<p class=\"has-light-gray-background-color has-background\"><strong><em>Sobre nosotros<\/em><\/strong><\/p>\n\n\n\n<p>La Academia de formaci\u00f3n de OPEC ofrece capacitaciones virtuales gratuitas para profesionales de la educaci\u00f3n padres y familias sobre diversos temas, como el desarrollo de habilidades de facilitaci\u00f3n; antirracismo, equidad e inclusi\u00f3n; resiliencia y atenci\u00f3n adaptada al trauma; planes de estudio para la educaci\u00f3n de padres; y otros temas emergentes. La Academia de formaci\u00f3n de OPEC ofrece numerosas oportunidades, entre ellas:<\/p>\n\n\n\n<div class=\"wp-block-buttons is-layout-flex wp-block-buttons-is-layout-flex\">\n<div class=\"wp-block-button\"><a class=\"wp-block-button__link wp-element-button\" href=\"https:\/\/beav.es\/training-academy\" target=\"_blank\" rel=\"noreferrer noopener\">Ir a la Academia de formaci\u00f3n de OPEC<\/a><\/div>\n<\/div>\n\n\n\n<p>Para inscribirse en las capacitaciones, es necesario tener una cuenta en el sistema de <a href=\"https:\/\/apps.ideal-logic.com\/opec?key=F3T9-25VWY_K9KH-5PTF_7d34c2544f3c\">Desarrollo Profesional de OPEC<\/a>. Las cuentas son gratuitas y son una herramienta \u00fatil no s\u00f3lo para inscribirse en las capacitaciones, sino tambi\u00e9n para acceder a grabaciones y materiales, consultar las ofertas de empleo actuales y, mucho m\u00e1s. Para obtener ayuda con su cuenta, escriba a <a href=\"mailto:opec@oregonstate.edu\">opec@oregonstate.edu<\/a>.<\/p>\n\n\n\n<p>Las solicitudes de adaptaciones relacionadas con una discapacidad deben realizarse dos semanas antes de un evento con Linse Sullivan, Coordinador del Programa OPEC: 541-737-3465 o Linse.Sullivan@oregonstate.edu.<\/p>\n\n\n\n<div class=\"wp-block-cover aligncenter\" style=\"min-height:227px;aspect-ratio:unset;\"><img loading=\"lazy\" decoding=\"async\" width=\"1024\" height=\"256\" class=\"wp-block-cover__image-background wp-image-267\" alt=\"\" src=\"https:\/\/osu-wams-blogs-uploads.s3.amazonaws.com\/blogs.dir\/7986\/files\/2025\/02\/53-1024x256.jpg\" data-object-fit=\"cover\" srcset=\"https:\/\/osu-wams-blogs-uploads.s3.amazonaws.com\/blogs.dir\/7986\/files\/2025\/02\/53-1024x256.jpg 1024w, https:\/\/osu-wams-blogs-uploads.s3.amazonaws.com\/blogs.dir\/7986\/files\/2025\/02\/53-300x75.jpg 300w, https:\/\/osu-wams-blogs-uploads.s3.amazonaws.com\/blogs.dir\/7986\/files\/2025\/02\/53-768x192.jpg 768w, https:\/\/osu-wams-blogs-uploads.s3.amazonaws.com\/blogs.dir\/7986\/files\/2025\/02\/53-1536x384.jpg 1536w, https:\/\/osu-wams-blogs-uploads.s3.amazonaws.com\/blogs.dir\/7986\/files\/2025\/02\/53-500x125.jpg 500w, https:\/\/osu-wams-blogs-uploads.s3.amazonaws.com\/blogs.dir\/7986\/files\/2025\/02\/53.jpg 1584w\" sizes=\"auto, (max-width: 1024px) 100vw, 1024px\" \/><span aria-hidden=\"true\" class=\"wp-block-cover__background has-background-dim\"><\/span><div class=\"wp-block-cover__inner-container is-layout-flow wp-block-cover-is-layout-flow\">\n<div class=\"wp-block-columns are-vertically-aligned-center is-layout-flex wp-container-core-columns-is-layout-9d6595d7 wp-block-columns-is-layout-flex\">\n<div class=\"wp-block-column is-vertically-aligned-center is-layout-flow wp-block-column-is-layout-flow\" style=\"flex-basis:100%\">\n<div class=\"wp-block-group\"><div class=\"wp-block-group__inner-container is-layout-constrained wp-block-group-is-layout-constrained\">\n<ul class=\"wp-block-list\">\n<li><strong>T<bdo lang=\"Spanish\" dir=\"ltr\">alleres de la Academia de Formaci\u00f3n de OPEC<\/bdo><\/strong><\/li>\n<\/ul>\n\n\n\n<ul class=\"wp-block-list\">\n<li><strong>Cohortes de Conecta y Aprende<\/strong><\/li>\n<\/ul>\n\n\n\n<ul class=\"wp-block-list\">\n<li><strong>Otras capacitaciones regionales y en l\u00ednea<\/strong><\/li>\n<\/ul>\n<\/div><\/div>\n<\/div>\n<\/div>\n<\/div><\/div>\n\n\n\n<h2 class=\"wp-block-heading\">Talleres de la Academia de Formaci\u00f3n<\/h2>\n\n\n\n<p>Los talleres de la Academia de Formaci\u00f3n son seminarios web gratuitos impartidos por formadores, educadores y otros profesionales expertos en sus respectivos campos. Estos talleres mensuales ofrecen interpretaci\u00f3n al espa\u00f1ol o versiones en espa\u00f1ol. Al asistir a estos talleres en directo, los participantes reciben horas de formaci\u00f3n y un certificado de finalizaci\u00f3n. Los talleres de la Academia de Formaci\u00f3n se imparten cada a\u00f1o desde oto\u00f1o hasta primavera.&nbsp;<\/p>\n\n\n\n<p>Aunque no pueda asistir a estos talleres en directo, las grabaciones y los materiales de cada taller se comparten en el sistema de desarrollo profesional de OPEC durante los tres meses posteriores al evento. En este momento, OPEC no puede conceder horas de formaci\u00f3n ni certificados a quienes solo vean las grabaciones o asistan a una parte del taller en directo.<br \/><\/p>\n\n\n\n<p>Disponible en ingl\u00e9s. Si necesita ayuda en espa\u00f1ol, env\u00edenos un correo electr\u00f3nico a <a href=\"mailto:opec@oregonstate.edu\">opec@oregonstate.edu<\/a>.<\/p>\n\n\n\n<h2 class=\"wp-block-heading\">Grupos de Conecta y Aprende<\/h2>\n\n\n\n<p>Los grupos de Conecta y Aprende (Connect &amp; Learn por su nombre en ingl\u00e9s) son comunidades de aprendizaje dise\u00f1adas y facilitadas por <a href=\"https:\/\/health.oregonstate.edu\/opec\/about\/team\">facilitadores de OSU-OPEC<\/a>. Estos grupos proporcionan un espacio para que los miembros de comunidades espec\u00edficas compartan y aprendan unos de otros sobre temas identificados por la comunidad. Es necesario registrarse para participar en los cohortes Conecta y Aprende a trav\u00e9s del Sistema de Desarrollo Profesional de OPEC. En este momento, estos cohortes no se graban y no ofrecen horas de formaci\u00f3n ni certificados.&nbsp;<\/p>\n\n\n\n<p>Conecta y Aprende tiene tres p\u00fablicos objetivo:<\/p>\n\n\n\n<ul class=\"wp-block-list\">\n<li>Educadores de padres y familias<\/li>\n\n\n\n<li>OPEC\/Early Learning Hub\/educadores parentales que apoyan el liderazgo de padres y familias<\/li>\n\n\n\n<li>L\u00edderes de OPEC Hub<\/li>\n<\/ul>\n\n\n\n<p>\u00bfNecesita ayuda con la inscripci\u00f3n? Env\u00ede un correo electr\u00f3nico directamente al facilitador del grupo o p\u00f3ngase en contacto con opec@oregonstate.edu.&nbsp;<\/p>\n\n\n\n<p><strong>Entrenamientos de formaci\u00f3n regionales y en l\u00ednea<\/strong><\/p>\n\n\n\n<p>En base a las necesidades de la red OPEC, OPEC imparte ocasionalmente cursos de formaci\u00f3n adicionales, tanto presenciales como en l\u00ednea. Entre los ejemplos de cursos ofrecidos se incluyen Fundamentos de la facilitaci\u00f3n y <a href=\"https:\/\/www.extension.iastate.edu\/sfp10-14\/\">Programa de familias fuertes: para padres y j\u00f3venes de 10 a 14 a\u00f1os<\/a>. Estos cursos suelen estar dirigidos espec\u00edficamente a los centros y socios de OPEC.<br \/><\/p>\n\n\n\n<div class=\"wp-block-buttons is-layout-flex wp-block-buttons-is-layout-flex\">\n<div class=\"wp-block-button\"><a class=\"wp-block-button__link wp-element-button\" href=\"https:\/\/health.oregonstate.edu\/opec\/educators\/training-academy\" target=\"_blank\" rel=\"noreferrer noopener\">Ir a la Academia de formaci\u00f3n de OPEC<\/a><\/div>\n<\/div>\n\n\n\n<p><\/p>\n","protected":false},"excerpt":{"rendered":"<p>El colaborativo de educaci\u00f3n para padres de Oregon (OPEC por sus siglas en ingl\u00e9s) Sobre nosotros La Academia de formaci\u00f3n de OPEC ofrece capacitaciones virtuales gratuitas para profesionales de la educaci\u00f3n padres y familias sobre diversos temas, como el desarrollo &hellip; <a href=\"https:\/\/blogs.oregonstate.edu\/opecenespanol\/academia-de-formacion-de-opec-page\/\">Continue reading <span class=\"meta-nav\">&rarr;<\/span><\/a><\/p>\n","protected":false},"author":14320,"featured_media":822,"parent":0,"menu_order":0,"comment_status":"closed","ping_status":"closed","template":"showcase.php","meta":{"footnotes":""},"class_list":["post-633","page","type-page","status-publish","has-post-thumbnail","hentry"],"yoast_head":"<!-- This site is optimized with the Yoast SEO plugin v27.4 - https:\/\/yoast.com\/product\/yoast-seo-wordpress\/ -->\n<title>Academia de formaci\u00f3n de OPEC - OPEC<\/title>\n<meta name=\"robots\" content=\"index, follow, max-snippet:-1, max-image-preview:large, max-video-preview:-1\" \/>\n<link rel=\"canonical\" href=\"https:\/\/blogs.oregonstate.edu\/opecenespanol\/academia-de-formacion-de-opec-page\/\" \/>\n<meta property=\"og:locale\" content=\"en_US\" \/>\n<meta property=\"og:type\" content=\"article\" \/>\n<meta property=\"og:title\" content=\"Academia de formaci\u00f3n de OPEC - OPEC\" \/>\n<meta property=\"og:description\" content=\"El colaborativo de educaci\u00f3n para padres de Oregon (OPEC por sus siglas en ingl\u00e9s) Sobre nosotros La Academia de formaci\u00f3n de OPEC ofrece capacitaciones virtuales gratuitas para profesionales de la educaci\u00f3n padres y familias sobre diversos temas, como el desarrollo &hellip; Continue reading &rarr;\" \/>\n<meta property=\"og:url\" content=\"https:\/\/blogs.oregonstate.edu\/opecenespanol\/academia-de-formacion-de-opec-page\/\" \/>\n<meta property=\"og:site_name\" content=\"OPEC\" \/>\n<meta property=\"article:publisher\" content=\"https:\/\/www.facebook.com\/OPECParentingEd\/about\/\" \/>\n<meta property=\"article:modified_time\" content=\"2025-09-29T18:42:47+00:00\" \/>\n<meta property=\"og:image\" content=\"https:\/\/osu-wams-blogs-uploads.s3.amazonaws.com\/blogs.dir\/7986\/files\/2025\/08\/Academia-.png\" \/>\n\t<meta property=\"og:image:width\" content=\"1920\" \/>\n\t<meta property=\"og:image:height\" content=\"480\" \/>\n\t<meta property=\"og:image:type\" content=\"image\/png\" \/>\n<meta name=\"twitter:card\" content=\"summary_large_image\" \/>\n<meta name=\"twitter:label1\" content=\"Est. reading time\" \/>\n\t<meta name=\"twitter:data1\" content=\"4 minutes\" \/>\n<script type=\"application\/ld+json\" class=\"yoast-schema-graph\">{\"@context\":\"https:\\\/\\\/schema.org\",\"@graph\":[{\"@type\":\"WebPage\",\"@id\":\"https:\\\/\\\/blogs.oregonstate.edu\\\/opecenespanol\\\/academia-de-formacion-de-opec-page\\\/\",\"url\":\"https:\\\/\\\/blogs.oregonstate.edu\\\/opecenespanol\\\/academia-de-formacion-de-opec-page\\\/\",\"name\":\"Academia de formaci\u00f3n de OPEC - OPEC\",\"isPartOf\":{\"@id\":\"https:\\\/\\\/blogs.oregonstate.edu\\\/opecenespanol\\\/#website\"},\"primaryImageOfPage\":{\"@id\":\"https:\\\/\\\/blogs.oregonstate.edu\\\/opecenespanol\\\/academia-de-formacion-de-opec-page\\\/#primaryimage\"},\"image\":{\"@id\":\"https:\\\/\\\/blogs.oregonstate.edu\\\/opecenespanol\\\/academia-de-formacion-de-opec-page\\\/#primaryimage\"},\"thumbnailUrl\":\"https:\\\/\\\/osu-wams-blogs-uploads.s3.amazonaws.com\\\/blogs.dir\\\/7986\\\/files\\\/2025\\\/08\\\/Academia-.png\",\"datePublished\":\"2025-08-07T23:37:34+00:00\",\"dateModified\":\"2025-09-29T18:42:47+00:00\",\"breadcrumb\":{\"@id\":\"https:\\\/\\\/blogs.oregonstate.edu\\\/opecenespanol\\\/academia-de-formacion-de-opec-page\\\/#breadcrumb\"},\"inLanguage\":\"en-US\",\"potentialAction\":[{\"@type\":\"ReadAction\",\"target\":[\"https:\\\/\\\/blogs.oregonstate.edu\\\/opecenespanol\\\/academia-de-formacion-de-opec-page\\\/\"]}]},{\"@type\":\"ImageObject\",\"inLanguage\":\"en-US\",\"@id\":\"https:\\\/\\\/blogs.oregonstate.edu\\\/opecenespanol\\\/academia-de-formacion-de-opec-page\\\/#primaryimage\",\"url\":\"https:\\\/\\\/osu-wams-blogs-uploads.s3.amazonaws.com\\\/blogs.dir\\\/7986\\\/files\\\/2025\\\/08\\\/Academia-.png\",\"contentUrl\":\"https:\\\/\\\/osu-wams-blogs-uploads.s3.amazonaws.com\\\/blogs.dir\\\/7986\\\/files\\\/2025\\\/08\\\/Academia-.png\",\"width\":1920,\"height\":480},{\"@type\":\"BreadcrumbList\",\"@id\":\"https:\\\/\\\/blogs.oregonstate.edu\\\/opecenespanol\\\/academia-de-formacion-de-opec-page\\\/#breadcrumb\",\"itemListElement\":[{\"@type\":\"ListItem\",\"position\":1,\"name\":\"Home\",\"item\":\"https:\\\/\\\/blogs.oregonstate.edu\\\/opecenespanol\\\/\"},{\"@type\":\"ListItem\",\"position\":2,\"name\":\"Academia de formaci\u00f3n de OPEC\"}]},{\"@type\":\"WebSite\",\"@id\":\"https:\\\/\\\/blogs.oregonstate.edu\\\/opecenespanol\\\/#website\",\"url\":\"https:\\\/\\\/blogs.oregonstate.edu\\\/opecenespanol\\\/\",\"name\":\"OPEC\",\"description\":\"Colaborativo de educaci\u00f3n para padres de Oregon (OPEC por sus siglas en ingl\u00e9s) \",\"publisher\":{\"@id\":\"https:\\\/\\\/blogs.oregonstate.edu\\\/opecenespanol\\\/#organization\"},\"potentialAction\":[{\"@type\":\"SearchAction\",\"target\":{\"@type\":\"EntryPoint\",\"urlTemplate\":\"https:\\\/\\\/blogs.oregonstate.edu\\\/opecenespanol\\\/?s={search_term_string}\"},\"query-input\":{\"@type\":\"PropertyValueSpecification\",\"valueRequired\":true,\"valueName\":\"search_term_string\"}}],\"inLanguage\":\"en-US\"},{\"@type\":\"Organization\",\"@id\":\"https:\\\/\\\/blogs.oregonstate.edu\\\/opecenespanol\\\/#organization\",\"name\":\"OPEC\",\"url\":\"https:\\\/\\\/blogs.oregonstate.edu\\\/opecenespanol\\\/\",\"logo\":{\"@type\":\"ImageObject\",\"inLanguage\":\"en-US\",\"@id\":\"https:\\\/\\\/blogs.oregonstate.edu\\\/opecenespanol\\\/#\\\/schema\\\/logo\\\/image\\\/\",\"url\":\"https:\\\/\\\/osu-wams-blogs-uploads.s3.amazonaws.com\\\/blogs.dir\\\/7986\\\/files\\\/2024\\\/09\\\/OPEC-Horizontal-BW-1.png\",\"contentUrl\":\"https:\\\/\\\/osu-wams-blogs-uploads.s3.amazonaws.com\\\/blogs.dir\\\/7986\\\/files\\\/2024\\\/09\\\/OPEC-Horizontal-BW-1.png\",\"width\":838,\"height\":332,\"caption\":\"OPEC\"},\"image\":{\"@id\":\"https:\\\/\\\/blogs.oregonstate.edu\\\/opecenespanol\\\/#\\\/schema\\\/logo\\\/image\\\/\"},\"sameAs\":[\"https:\\\/\\\/www.facebook.com\\\/OPECParentingEd\\\/about\\\/\"]}]}<\/script>\n<!-- \/ Yoast SEO plugin. -->","yoast_head_json":{"title":"Academia de formaci\u00f3n de OPEC - OPEC","robots":{"index":"index","follow":"follow","max-snippet":"max-snippet:-1","max-image-preview":"max-image-preview:large","max-video-preview":"max-video-preview:-1"},"canonical":"https:\/\/blogs.oregonstate.edu\/opecenespanol\/academia-de-formacion-de-opec-page\/","og_locale":"en_US","og_type":"article","og_title":"Academia de formaci\u00f3n de OPEC - OPEC","og_description":"El colaborativo de educaci\u00f3n para padres de Oregon (OPEC por sus siglas en ingl\u00e9s) Sobre nosotros La Academia de formaci\u00f3n de OPEC ofrece capacitaciones virtuales gratuitas para profesionales de la educaci\u00f3n padres y familias sobre diversos temas, como el desarrollo &hellip; Continue reading &rarr;","og_url":"https:\/\/blogs.oregonstate.edu\/opecenespanol\/academia-de-formacion-de-opec-page\/","og_site_name":"OPEC","article_publisher":"https:\/\/www.facebook.com\/OPECParentingEd\/about\/","article_modified_time":"2025-09-29T18:42:47+00:00","og_image":[{"width":1920,"height":480,"url":"https:\/\/osu-wams-blogs-uploads.s3.amazonaws.com\/blogs.dir\/7986\/files\/2025\/08\/Academia-.png","type":"image\/png"}],"twitter_card":"summary_large_image","twitter_misc":{"Est. reading time":"4 minutes"},"schema":{"@context":"https:\/\/schema.org","@graph":[{"@type":"WebPage","@id":"https:\/\/blogs.oregonstate.edu\/opecenespanol\/academia-de-formacion-de-opec-page\/","url":"https:\/\/blogs.oregonstate.edu\/opecenespanol\/academia-de-formacion-de-opec-page\/","name":"Academia de formaci\u00f3n de OPEC - OPEC","isPartOf":{"@id":"https:\/\/blogs.oregonstate.edu\/opecenespanol\/#website"},"primaryImageOfPage":{"@id":"https:\/\/blogs.oregonstate.edu\/opecenespanol\/academia-de-formacion-de-opec-page\/#primaryimage"},"image":{"@id":"https:\/\/blogs.oregonstate.edu\/opecenespanol\/academia-de-formacion-de-opec-page\/#primaryimage"},"thumbnailUrl":"https:\/\/osu-wams-blogs-uploads.s3.amazonaws.com\/blogs.dir\/7986\/files\/2025\/08\/Academia-.png","datePublished":"2025-08-07T23:37:34+00:00","dateModified":"2025-09-29T18:42:47+00:00","breadcrumb":{"@id":"https:\/\/blogs.oregonstate.edu\/opecenespanol\/academia-de-formacion-de-opec-page\/#breadcrumb"},"inLanguage":"en-US","potentialAction":[{"@type":"ReadAction","target":["https:\/\/blogs.oregonstate.edu\/opecenespanol\/academia-de-formacion-de-opec-page\/"]}]},{"@type":"ImageObject","inLanguage":"en-US","@id":"https:\/\/blogs.oregonstate.edu\/opecenespanol\/academia-de-formacion-de-opec-page\/#primaryimage","url":"https:\/\/osu-wams-blogs-uploads.s3.amazonaws.com\/blogs.dir\/7986\/files\/2025\/08\/Academia-.png","contentUrl":"https:\/\/osu-wams-blogs-uploads.s3.amazonaws.com\/blogs.dir\/7986\/files\/2025\/08\/Academia-.png","width":1920,"height":480},{"@type":"BreadcrumbList","@id":"https:\/\/blogs.oregonstate.edu\/opecenespanol\/academia-de-formacion-de-opec-page\/#breadcrumb","itemListElement":[{"@type":"ListItem","position":1,"name":"Home","item":"https:\/\/blogs.oregonstate.edu\/opecenespanol\/"},{"@type":"ListItem","position":2,"name":"Academia de formaci\u00f3n de OPEC"}]},{"@type":"WebSite","@id":"https:\/\/blogs.oregonstate.edu\/opecenespanol\/#website","url":"https:\/\/blogs.oregonstate.edu\/opecenespanol\/","name":"OPEC","description":"Colaborativo de educaci\u00f3n para padres de Oregon (OPEC por sus siglas en ingl\u00e9s) ","publisher":{"@id":"https:\/\/blogs.oregonstate.edu\/opecenespanol\/#organization"},"potentialAction":[{"@type":"SearchAction","target":{"@type":"EntryPoint","urlTemplate":"https:\/\/blogs.oregonstate.edu\/opecenespanol\/?s={search_term_string}"},"query-input":{"@type":"PropertyValueSpecification","valueRequired":true,"valueName":"search_term_string"}}],"inLanguage":"en-US"},{"@type":"Organization","@id":"https:\/\/blogs.oregonstate.edu\/opecenespanol\/#organization","name":"OPEC","url":"https:\/\/blogs.oregonstate.edu\/opecenespanol\/","logo":{"@type":"ImageObject","inLanguage":"en-US","@id":"https:\/\/blogs.oregonstate.edu\/opecenespanol\/#\/schema\/logo\/image\/","url":"https:\/\/osu-wams-blogs-uploads.s3.amazonaws.com\/blogs.dir\/7986\/files\/2024\/09\/OPEC-Horizontal-BW-1.png","contentUrl":"https:\/\/osu-wams-blogs-uploads.s3.amazonaws.com\/blogs.dir\/7986\/files\/2024\/09\/OPEC-Horizontal-BW-1.png","width":838,"height":332,"caption":"OPEC"},"image":{"@id":"https:\/\/blogs.oregonstate.edu\/opecenespanol\/#\/schema\/logo\/image\/"},"sameAs":["https:\/\/www.facebook.com\/OPECParentingEd\/about\/"]}]}},"post_mailing_queue_ids":[],"_links":{"self":[{"href":"https:\/\/blogs.oregonstate.edu\/opecenespanol\/wp-json\/wp\/v2\/pages\/633","targetHints":{"allow":["GET"]}}],"collection":[{"href":"https:\/\/blogs.oregonstate.edu\/opecenespanol\/wp-json\/wp\/v2\/pages"}],"about":[{"href":"https:\/\/blogs.oregonstate.edu\/opecenespanol\/wp-json\/wp\/v2\/types\/page"}],"author":[{"embeddable":true,"href":"https:\/\/blogs.oregonstate.edu\/opecenespanol\/wp-json\/wp\/v2\/users\/14320"}],"replies":[{"embeddable":true,"href":"https:\/\/blogs.oregonstate.edu\/opecenespanol\/wp-json\/wp\/v2\/comments?post=633"}],"version-history":[{"count":4,"href":"https:\/\/blogs.oregonstate.edu\/opecenespanol\/wp-json\/wp\/v2\/pages\/633\/revisions"}],"predecessor-version":[{"id":960,"href":"https:\/\/blogs.oregonstate.edu\/opecenespanol\/wp-json\/wp\/v2\/pages\/633\/revisions\/960"}],"wp:featuredmedia":[{"embeddable":true,"href":"https:\/\/blogs.oregonstate.edu\/opecenespanol\/wp-json\/wp\/v2\/media\/822"}],"wp:attachment":[{"href":"https:\/\/blogs.oregonstate.edu\/opecenespanol\/wp-json\/wp\/v2\/media?parent=633"}],"curies":[{"name":"wp","href":"https:\/\/api.w.org\/{rel}","templated":true}]}}