{"id":606,"date":"2025-08-07T14:34:02","date_gmt":"2025-08-07T21:34:02","guid":{"rendered":"https:\/\/blogs.oregonstate.edu\/opecenespanol\/?page_id=606"},"modified":"2026-02-02T15:12:02","modified_gmt":"2026-02-02T23:12:02","slug":"conecta-y-aprende-2","status":"publish","type":"page","link":"https:\/\/blogs.oregonstate.edu\/opecenespanol\/conecta-y-aprende-2\/","title":{"rendered":"Conecta y Aprende"},"content":{"rendered":"<div class=\"wp-block-image\">\n<figure class=\"alignleft size-large is-resized\"><img loading=\"lazy\" decoding=\"async\" width=\"1024\" height=\"1024\" src=\"https:\/\/osu-wams-blogs-uploads.s3.amazonaws.com\/blogs.dir\/7986\/files\/2025\/08\/48-1024x1024.png\" alt=\"\" class=\"wp-image-482\" style=\"width:286px;height:auto\" srcset=\"https:\/\/osu-wams-blogs-uploads.s3.amazonaws.com\/blogs.dir\/7986\/files\/2025\/08\/48-1024x1024.png 1024w, https:\/\/osu-wams-blogs-uploads.s3.amazonaws.com\/blogs.dir\/7986\/files\/2025\/08\/48-300x300.png 300w, https:\/\/osu-wams-blogs-uploads.s3.amazonaws.com\/blogs.dir\/7986\/files\/2025\/08\/48-150x150.png 150w, https:\/\/osu-wams-blogs-uploads.s3.amazonaws.com\/blogs.dir\/7986\/files\/2025\/08\/48-768x768.png 768w, https:\/\/osu-wams-blogs-uploads.s3.amazonaws.com\/blogs.dir\/7986\/files\/2025\/08\/48.png 1080w\" sizes=\"auto, (max-width: 1024px) 100vw, 1024px\" \/><\/figure>\n<\/div>\n\n\n<p class=\"has-black-color has-text-color has-link-color has-small-font-size wp-elements-1bab6b1ca19d38b5fc78d7a56a61a2ed\" style=\"font-style:normal;font-weight:400\"><strong>Fortaleciendo el Liderazgo Comunitario<br \/><\/strong>Conectar y Aprender es una comunidad de aprendizaje que promueve el liderazgo y la participaci\u00f3n activa de todos los miembros. Este espacio est\u00e1 abierto a l\u00edderes, educadores y facilitadores de nuestra red, as\u00ed como a l\u00edderes comunitarios que trabajan con padres. Dirigido por el personal de OPEC, el grupo ofrece acceso a diversas formas de aprendizaje, como clubes de lectura, lecciones guiadas, materiales educativos y recursos que facilitan las discusiones grupales. En este espacio, las sugerencias de los participantes juegan un papel fundamental, ya que nos permiten ajustar los temas y recursos de manera que respondan a las necesidades e intereses reales de la comunidad. A trav\u00e9s de la colaboraci\u00f3n y el intercambio de experiencias, buscamos fortalecer las capacidades de liderazgo y apoyo a las familias.<\/p>\n\n\n\n<h2 class=\"wp-block-heading\">Las inscripciones de invierno 2026 ya est\u00e1n abiertas. <\/h2>\n\n\n\n<div class=\"wp-block-buttons is-layout-flex wp-block-buttons-is-layout-flex\">\n<div class=\"wp-block-button is-style-fill\"><a class=\"wp-block-button__link wp-element-button\" href=\"https:\/\/beav.es\/training-academy\" target=\"_blank\" rel=\"noreferrer noopener nofollow\">Inscr\u00edbase aqu\u00ed. Ir a la Academia de OPEC<\/a><\/div>\n<\/div>\n\n\n\n<figure class=\"wp-block-gallery has-nested-images columns-default is-cropped wp-block-gallery-1 is-layout-flex wp-block-gallery-is-layout-flex\">\n<figure class=\"wp-block-image size-large\"><img loading=\"lazy\" decoding=\"async\" width=\"791\" height=\"1024\" data-id=\"1005\" src=\"https:\/\/osu-wams-blogs-uploads.s3.amazonaws.com\/blogs.dir\/7986\/files\/2026\/02\/1-791x1024.png\" alt=\"\" class=\"wp-image-1005\" srcset=\"https:\/\/osu-wams-blogs-uploads.s3.amazonaws.com\/blogs.dir\/7986\/files\/2026\/02\/1-791x1024.png 791w, https:\/\/osu-wams-blogs-uploads.s3.amazonaws.com\/blogs.dir\/7986\/files\/2026\/02\/1-232x300.png 232w, https:\/\/osu-wams-blogs-uploads.s3.amazonaws.com\/blogs.dir\/7986\/files\/2026\/02\/1-768x994.png 768w, https:\/\/osu-wams-blogs-uploads.s3.amazonaws.com\/blogs.dir\/7986\/files\/2026\/02\/1-1187x1536.png 1187w, https:\/\/osu-wams-blogs-uploads.s3.amazonaws.com\/blogs.dir\/7986\/files\/2026\/02\/1.png 1545w\" sizes=\"auto, (max-width: 791px) 100vw, 791px\" \/><\/figure>\n\n\n\n<figure class=\"wp-block-image size-large\"><img loading=\"lazy\" decoding=\"async\" width=\"791\" height=\"1024\" data-id=\"1004\" src=\"https:\/\/osu-wams-blogs-uploads.s3.amazonaws.com\/blogs.dir\/7986\/files\/2026\/02\/2-791x1024.png\" alt=\"\" class=\"wp-image-1004\" srcset=\"https:\/\/osu-wams-blogs-uploads.s3.amazonaws.com\/blogs.dir\/7986\/files\/2026\/02\/2-791x1024.png 791w, https:\/\/osu-wams-blogs-uploads.s3.amazonaws.com\/blogs.dir\/7986\/files\/2026\/02\/2-232x300.png 232w, https:\/\/osu-wams-blogs-uploads.s3.amazonaws.com\/blogs.dir\/7986\/files\/2026\/02\/2-768x994.png 768w, https:\/\/osu-wams-blogs-uploads.s3.amazonaws.com\/blogs.dir\/7986\/files\/2026\/02\/2-1187x1536.png 1187w, https:\/\/osu-wams-blogs-uploads.s3.amazonaws.com\/blogs.dir\/7986\/files\/2026\/02\/2.png 1545w\" sizes=\"auto, (max-width: 791px) 100vw, 791px\" \/><\/figure>\n<\/figure>\n\n\n\n<div class=\"wp-block-group is-vertical is-layout-flex wp-container-core-group-is-layout-8cf370e7 wp-block-group-is-layout-flex\">\n<div data-wp-interactive=\"core\/file\" class=\"wp-block-file\"><object data-wp-bind--hidden=\"!state.hasPdfPreview\" hidden class=\"wp-block-file__embed\" data=\"https:\/\/osu-wams-blogs-uploads.s3.amazonaws.com\/blogs.dir\/7986\/files\/2026\/02\/Club-de-Lectura-Invierno-2026.pdf\" type=\"application\/pdf\" style=\"width:100%;height:600px\" aria-label=\"Embed of Club de Lectura Invierno 2026.\"><\/object><a id=\"wp-block-file--media-d123bd66-794d-459e-b8fb-53b499b8c1db\" href=\"https:\/\/osu-wams-blogs-uploads.s3.amazonaws.com\/blogs.dir\/7986\/files\/2026\/02\/Club-de-Lectura-Invierno-2026.pdf\">Club de Lectura Invierno 2026<\/a><a href=\"https:\/\/osu-wams-blogs-uploads.s3.amazonaws.com\/blogs.dir\/7986\/files\/2026\/02\/Club-de-Lectura-Invierno-2026.pdf\" class=\"wp-block-file__button wp-element-button\" download aria-describedby=\"wp-block-file--media-d123bd66-794d-459e-b8fb-53b499b8c1db\">Download<\/a><\/div>\n<\/div>\n\n\n\n<p><\/p>\n\n\n\n<details class=\"wp-block-details has-medium-font-size is-layout-flow wp-block-details-is-layout-flow\" open><summary>Conecta y Aprende. \u00a1Los esperamos!<\/summary>\n<p>CONECTA Y APRENDE:  En sesiones pasadas<\/p>\n\n\n\n<hr class=\"wp-block-separator has-alpha-channel-opacity\" \/>\n<\/details>\n\n\n\n<figure class=\"wp-block-gallery has-nested-images columns-default is-cropped wp-block-gallery-2 is-layout-flex wp-block-gallery-is-layout-flex\">\n<figure class=\"wp-block-image size-large\"><img loading=\"lazy\" decoding=\"async\" width=\"663\" height=\"1024\" data-id=\"1014\" src=\"https:\/\/osu-wams-blogs-uploads.s3.amazonaws.com\/blogs.dir\/7986\/files\/2026\/02\/1-1-663x1024.png\" alt=\"\" class=\"wp-image-1014\" srcset=\"https:\/\/osu-wams-blogs-uploads.s3.amazonaws.com\/blogs.dir\/7986\/files\/2026\/02\/1-1-663x1024.png 663w, https:\/\/osu-wams-blogs-uploads.s3.amazonaws.com\/blogs.dir\/7986\/files\/2026\/02\/1-1-194x300.png 194w, https:\/\/osu-wams-blogs-uploads.s3.amazonaws.com\/blogs.dir\/7986\/files\/2026\/02\/1-1-768x1187.png 768w, https:\/\/osu-wams-blogs-uploads.s3.amazonaws.com\/blogs.dir\/7986\/files\/2026\/02\/1-1-994x1536.png 994w, https:\/\/osu-wams-blogs-uploads.s3.amazonaws.com\/blogs.dir\/7986\/files\/2026\/02\/1-1.png 1294w\" sizes=\"auto, (max-width: 663px) 100vw, 663px\" \/><\/figure>\n\n\n\n<figure class=\"wp-block-image size-large is-style-default\"><img loading=\"lazy\" decoding=\"async\" width=\"663\" height=\"1024\" data-id=\"1015\" src=\"https:\/\/osu-wams-blogs-uploads.s3.amazonaws.com\/blogs.dir\/7986\/files\/2026\/02\/2-1-663x1024.png\" alt=\"\" class=\"wp-image-1015\" srcset=\"https:\/\/osu-wams-blogs-uploads.s3.amazonaws.com\/blogs.dir\/7986\/files\/2026\/02\/2-1-663x1024.png 663w, https:\/\/osu-wams-blogs-uploads.s3.amazonaws.com\/blogs.dir\/7986\/files\/2026\/02\/2-1-194x300.png 194w, https:\/\/osu-wams-blogs-uploads.s3.amazonaws.com\/blogs.dir\/7986\/files\/2026\/02\/2-1-768x1187.png 768w, https:\/\/osu-wams-blogs-uploads.s3.amazonaws.com\/blogs.dir\/7986\/files\/2026\/02\/2-1-994x1536.png 994w, https:\/\/osu-wams-blogs-uploads.s3.amazonaws.com\/blogs.dir\/7986\/files\/2026\/02\/2-1.png 1294w\" sizes=\"auto, (max-width: 663px) 100vw, 663px\" \/><\/figure>\n\n\n\n<figure class=\"wp-block-image size-large\"><img loading=\"lazy\" decoding=\"async\" width=\"663\" height=\"1024\" data-id=\"1018\" src=\"https:\/\/osu-wams-blogs-uploads.s3.amazonaws.com\/blogs.dir\/7986\/files\/2026\/02\/ES-663x1024.png\" alt=\"\" class=\"wp-image-1018\" srcset=\"https:\/\/osu-wams-blogs-uploads.s3.amazonaws.com\/blogs.dir\/7986\/files\/2026\/02\/ES-663x1024.png 663w, https:\/\/osu-wams-blogs-uploads.s3.amazonaws.com\/blogs.dir\/7986\/files\/2026\/02\/ES-194x300.png 194w, https:\/\/osu-wams-blogs-uploads.s3.amazonaws.com\/blogs.dir\/7986\/files\/2026\/02\/ES-768x1187.png 768w, https:\/\/osu-wams-blogs-uploads.s3.amazonaws.com\/blogs.dir\/7986\/files\/2026\/02\/ES-994x1536.png 994w, https:\/\/osu-wams-blogs-uploads.s3.amazonaws.com\/blogs.dir\/7986\/files\/2026\/02\/ES.png 1294w\" sizes=\"auto, (max-width: 663px) 100vw, 663px\" \/><\/figure>\n<\/figure>\n\n\n\n<div class=\"wp-block-columns is-layout-flex wp-container-core-columns-is-layout-9d6595d7 wp-block-columns-is-layout-flex\">\n<div class=\"wp-block-column is-layout-flow wp-block-column-is-layout-flow\">\n<figure class=\"wp-block-gallery has-nested-images columns-default is-cropped wp-block-gallery-3 is-layout-flex wp-block-gallery-is-layout-flex\">\n<figure class=\"wp-block-image size-large\"><img loading=\"lazy\" decoding=\"async\" width=\"663\" height=\"1024\" data-id=\"1019\" src=\"https:\/\/osu-wams-blogs-uploads.s3.amazonaws.com\/blogs.dir\/7986\/files\/2026\/02\/EN-663x1024.png\" alt=\"\" class=\"wp-image-1019\" srcset=\"https:\/\/osu-wams-blogs-uploads.s3.amazonaws.com\/blogs.dir\/7986\/files\/2026\/02\/EN-663x1024.png 663w, https:\/\/osu-wams-blogs-uploads.s3.amazonaws.com\/blogs.dir\/7986\/files\/2026\/02\/EN-194x300.png 194w, https:\/\/osu-wams-blogs-uploads.s3.amazonaws.com\/blogs.dir\/7986\/files\/2026\/02\/EN-768x1187.png 768w, https:\/\/osu-wams-blogs-uploads.s3.amazonaws.com\/blogs.dir\/7986\/files\/2026\/02\/EN-994x1536.png 994w, https:\/\/osu-wams-blogs-uploads.s3.amazonaws.com\/blogs.dir\/7986\/files\/2026\/02\/EN.png 1294w\" sizes=\"auto, (max-width: 663px) 100vw, 663px\" \/><\/figure>\n<\/figure>\n<\/div>\n\n\n\n<div class=\"wp-block-column is-layout-flow wp-block-column-is-layout-flow\"><\/div>\n\n\n\n<div class=\"wp-block-column is-layout-flow wp-block-column-is-layout-flow\"><\/div>\n<\/div>\n\n\n\n<p><\/p>\n","protected":false},"excerpt":{"rendered":"<p>Fortaleciendo el Liderazgo ComunitarioConectar y Aprender es una comunidad de aprendizaje que promueve el liderazgo y la participaci\u00f3n activa de todos los miembros. Este espacio est\u00e1 abierto a l\u00edderes, educadores y facilitadores de nuestra red, as\u00ed como a l\u00edderes comunitarios &hellip; <a href=\"https:\/\/blogs.oregonstate.edu\/opecenespanol\/conecta-y-aprende-2\/\">Continue reading <span class=\"meta-nav\">&rarr;<\/span><\/a><\/p>\n","protected":false},"author":14320,"featured_media":786,"parent":0,"menu_order":0,"comment_status":"closed","ping_status":"closed","template":"sidebar-page.php","meta":{"footnotes":""},"class_list":["post-606","page","type-page","status-publish","has-post-thumbnail","hentry"],"yoast_head":"<!-- This site is optimized with the Yoast SEO plugin v27.4 - https:\/\/yoast.com\/product\/yoast-seo-wordpress\/ -->\n<title>Conecta y Aprende - OPEC<\/title>\n<meta name=\"robots\" content=\"index, follow, max-snippet:-1, max-image-preview:large, max-video-preview:-1\" \/>\n<link rel=\"canonical\" href=\"https:\/\/blogs.oregonstate.edu\/opecenespanol\/conecta-y-aprende-2\/\" \/>\n<meta property=\"og:locale\" content=\"en_US\" \/>\n<meta property=\"og:type\" content=\"article\" \/>\n<meta property=\"og:title\" content=\"Conecta y Aprende - OPEC\" \/>\n<meta property=\"og:description\" content=\"Fortaleciendo el Liderazgo ComunitarioConectar y Aprender es una comunidad de aprendizaje que promueve el liderazgo y la participaci\u00f3n activa de todos los miembros. Este espacio est\u00e1 abierto a l\u00edderes, educadores y facilitadores de nuestra red, as\u00ed como a l\u00edderes comunitarios &hellip; Continue reading &rarr;\" \/>\n<meta property=\"og:url\" content=\"https:\/\/blogs.oregonstate.edu\/opecenespanol\/conecta-y-aprende-2\/\" \/>\n<meta property=\"og:site_name\" content=\"OPEC\" \/>\n<meta property=\"article:publisher\" content=\"https:\/\/www.facebook.com\/OPECParentingEd\/about\/\" \/>\n<meta property=\"article:modified_time\" content=\"2026-02-02T23:12:02+00:00\" \/>\n<meta property=\"og:image\" content=\"https:\/\/osu-wams-blogs-uploads.s3.amazonaws.com\/blogs.dir\/7986\/files\/2025\/08\/Conecta-y-Aprende-e1754950359799.png\" \/>\n\t<meta property=\"og:image:width\" content=\"1798\" \/>\n\t<meta property=\"og:image:height\" content=\"467\" \/>\n\t<meta property=\"og:image:type\" content=\"image\/png\" \/>\n<meta name=\"twitter:card\" content=\"summary_large_image\" \/>\n<meta name=\"twitter:label1\" content=\"Est. reading time\" \/>\n\t<meta name=\"twitter:data1\" content=\"3 minutes\" \/>\n<script type=\"application\/ld+json\" class=\"yoast-schema-graph\">{\"@context\":\"https:\\\/\\\/schema.org\",\"@graph\":[{\"@type\":\"WebPage\",\"@id\":\"https:\\\/\\\/blogs.oregonstate.edu\\\/opecenespanol\\\/conecta-y-aprende-2\\\/\",\"url\":\"https:\\\/\\\/blogs.oregonstate.edu\\\/opecenespanol\\\/conecta-y-aprende-2\\\/\",\"name\":\"Conecta y Aprende - OPEC\",\"isPartOf\":{\"@id\":\"https:\\\/\\\/blogs.oregonstate.edu\\\/opecenespanol\\\/#website\"},\"primaryImageOfPage\":{\"@id\":\"https:\\\/\\\/blogs.oregonstate.edu\\\/opecenespanol\\\/conecta-y-aprende-2\\\/#primaryimage\"},\"image\":{\"@id\":\"https:\\\/\\\/blogs.oregonstate.edu\\\/opecenespanol\\\/conecta-y-aprende-2\\\/#primaryimage\"},\"thumbnailUrl\":\"https:\\\/\\\/osu-wams-blogs-uploads.s3.amazonaws.com\\\/blogs.dir\\\/7986\\\/files\\\/2025\\\/08\\\/Conecta-y-Aprende-e1754950359799.png\",\"datePublished\":\"2025-08-07T21:34:02+00:00\",\"dateModified\":\"2026-02-02T23:12:02+00:00\",\"breadcrumb\":{\"@id\":\"https:\\\/\\\/blogs.oregonstate.edu\\\/opecenespanol\\\/conecta-y-aprende-2\\\/#breadcrumb\"},\"inLanguage\":\"en-US\",\"potentialAction\":[{\"@type\":\"ReadAction\",\"target\":[\"https:\\\/\\\/blogs.oregonstate.edu\\\/opecenespanol\\\/conecta-y-aprende-2\\\/\"]}]},{\"@type\":\"ImageObject\",\"inLanguage\":\"en-US\",\"@id\":\"https:\\\/\\\/blogs.oregonstate.edu\\\/opecenespanol\\\/conecta-y-aprende-2\\\/#primaryimage\",\"url\":\"https:\\\/\\\/osu-wams-blogs-uploads.s3.amazonaws.com\\\/blogs.dir\\\/7986\\\/files\\\/2025\\\/08\\\/Conecta-y-Aprende-e1754950359799.png\",\"contentUrl\":\"https:\\\/\\\/osu-wams-blogs-uploads.s3.amazonaws.com\\\/blogs.dir\\\/7986\\\/files\\\/2025\\\/08\\\/Conecta-y-Aprende-e1754950359799.png\",\"width\":1798,\"height\":467},{\"@type\":\"BreadcrumbList\",\"@id\":\"https:\\\/\\\/blogs.oregonstate.edu\\\/opecenespanol\\\/conecta-y-aprende-2\\\/#breadcrumb\",\"itemListElement\":[{\"@type\":\"ListItem\",\"position\":1,\"name\":\"Home\",\"item\":\"https:\\\/\\\/blogs.oregonstate.edu\\\/opecenespanol\\\/\"},{\"@type\":\"ListItem\",\"position\":2,\"name\":\"Conecta y Aprende\"}]},{\"@type\":\"WebSite\",\"@id\":\"https:\\\/\\\/blogs.oregonstate.edu\\\/opecenespanol\\\/#website\",\"url\":\"https:\\\/\\\/blogs.oregonstate.edu\\\/opecenespanol\\\/\",\"name\":\"OPEC\",\"description\":\"Colaborativo de educaci\u00f3n para padres de Oregon (OPEC por sus siglas en ingl\u00e9s) \",\"publisher\":{\"@id\":\"https:\\\/\\\/blogs.oregonstate.edu\\\/opecenespanol\\\/#organization\"},\"potentialAction\":[{\"@type\":\"SearchAction\",\"target\":{\"@type\":\"EntryPoint\",\"urlTemplate\":\"https:\\\/\\\/blogs.oregonstate.edu\\\/opecenespanol\\\/?s={search_term_string}\"},\"query-input\":{\"@type\":\"PropertyValueSpecification\",\"valueRequired\":true,\"valueName\":\"search_term_string\"}}],\"inLanguage\":\"en-US\"},{\"@type\":\"Organization\",\"@id\":\"https:\\\/\\\/blogs.oregonstate.edu\\\/opecenespanol\\\/#organization\",\"name\":\"OPEC\",\"url\":\"https:\\\/\\\/blogs.oregonstate.edu\\\/opecenespanol\\\/\",\"logo\":{\"@type\":\"ImageObject\",\"inLanguage\":\"en-US\",\"@id\":\"https:\\\/\\\/blogs.oregonstate.edu\\\/opecenespanol\\\/#\\\/schema\\\/logo\\\/image\\\/\",\"url\":\"https:\\\/\\\/osu-wams-blogs-uploads.s3.amazonaws.com\\\/blogs.dir\\\/7986\\\/files\\\/2024\\\/09\\\/OPEC-Horizontal-BW-1.png\",\"contentUrl\":\"https:\\\/\\\/osu-wams-blogs-uploads.s3.amazonaws.com\\\/blogs.dir\\\/7986\\\/files\\\/2024\\\/09\\\/OPEC-Horizontal-BW-1.png\",\"width\":838,\"height\":332,\"caption\":\"OPEC\"},\"image\":{\"@id\":\"https:\\\/\\\/blogs.oregonstate.edu\\\/opecenespanol\\\/#\\\/schema\\\/logo\\\/image\\\/\"},\"sameAs\":[\"https:\\\/\\\/www.facebook.com\\\/OPECParentingEd\\\/about\\\/\"]}]}<\/script>\n<!-- \/ Yoast SEO plugin. -->","yoast_head_json":{"title":"Conecta y Aprende - OPEC","robots":{"index":"index","follow":"follow","max-snippet":"max-snippet:-1","max-image-preview":"max-image-preview:large","max-video-preview":"max-video-preview:-1"},"canonical":"https:\/\/blogs.oregonstate.edu\/opecenespanol\/conecta-y-aprende-2\/","og_locale":"en_US","og_type":"article","og_title":"Conecta y Aprende - OPEC","og_description":"Fortaleciendo el Liderazgo ComunitarioConectar y Aprender es una comunidad de aprendizaje que promueve el liderazgo y la participaci\u00f3n activa de todos los miembros. Este espacio est\u00e1 abierto a l\u00edderes, educadores y facilitadores de nuestra red, as\u00ed como a l\u00edderes comunitarios &hellip; Continue reading &rarr;","og_url":"https:\/\/blogs.oregonstate.edu\/opecenespanol\/conecta-y-aprende-2\/","og_site_name":"OPEC","article_publisher":"https:\/\/www.facebook.com\/OPECParentingEd\/about\/","article_modified_time":"2026-02-02T23:12:02+00:00","og_image":[{"width":1798,"height":467,"url":"https:\/\/osu-wams-blogs-uploads.s3.amazonaws.com\/blogs.dir\/7986\/files\/2025\/08\/Conecta-y-Aprende-e1754950359799.png","type":"image\/png"}],"twitter_card":"summary_large_image","twitter_misc":{"Est. reading time":"3 minutes"},"schema":{"@context":"https:\/\/schema.org","@graph":[{"@type":"WebPage","@id":"https:\/\/blogs.oregonstate.edu\/opecenespanol\/conecta-y-aprende-2\/","url":"https:\/\/blogs.oregonstate.edu\/opecenespanol\/conecta-y-aprende-2\/","name":"Conecta y Aprende - OPEC","isPartOf":{"@id":"https:\/\/blogs.oregonstate.edu\/opecenespanol\/#website"},"primaryImageOfPage":{"@id":"https:\/\/blogs.oregonstate.edu\/opecenespanol\/conecta-y-aprende-2\/#primaryimage"},"image":{"@id":"https:\/\/blogs.oregonstate.edu\/opecenespanol\/conecta-y-aprende-2\/#primaryimage"},"thumbnailUrl":"https:\/\/osu-wams-blogs-uploads.s3.amazonaws.com\/blogs.dir\/7986\/files\/2025\/08\/Conecta-y-Aprende-e1754950359799.png","datePublished":"2025-08-07T21:34:02+00:00","dateModified":"2026-02-02T23:12:02+00:00","breadcrumb":{"@id":"https:\/\/blogs.oregonstate.edu\/opecenespanol\/conecta-y-aprende-2\/#breadcrumb"},"inLanguage":"en-US","potentialAction":[{"@type":"ReadAction","target":["https:\/\/blogs.oregonstate.edu\/opecenespanol\/conecta-y-aprende-2\/"]}]},{"@type":"ImageObject","inLanguage":"en-US","@id":"https:\/\/blogs.oregonstate.edu\/opecenespanol\/conecta-y-aprende-2\/#primaryimage","url":"https:\/\/osu-wams-blogs-uploads.s3.amazonaws.com\/blogs.dir\/7986\/files\/2025\/08\/Conecta-y-Aprende-e1754950359799.png","contentUrl":"https:\/\/osu-wams-blogs-uploads.s3.amazonaws.com\/blogs.dir\/7986\/files\/2025\/08\/Conecta-y-Aprende-e1754950359799.png","width":1798,"height":467},{"@type":"BreadcrumbList","@id":"https:\/\/blogs.oregonstate.edu\/opecenespanol\/conecta-y-aprende-2\/#breadcrumb","itemListElement":[{"@type":"ListItem","position":1,"name":"Home","item":"https:\/\/blogs.oregonstate.edu\/opecenespanol\/"},{"@type":"ListItem","position":2,"name":"Conecta y Aprende"}]},{"@type":"WebSite","@id":"https:\/\/blogs.oregonstate.edu\/opecenespanol\/#website","url":"https:\/\/blogs.oregonstate.edu\/opecenespanol\/","name":"OPEC","description":"Colaborativo de educaci\u00f3n para padres de Oregon (OPEC por sus siglas en ingl\u00e9s) ","publisher":{"@id":"https:\/\/blogs.oregonstate.edu\/opecenespanol\/#organization"},"potentialAction":[{"@type":"SearchAction","target":{"@type":"EntryPoint","urlTemplate":"https:\/\/blogs.oregonstate.edu\/opecenespanol\/?s={search_term_string}"},"query-input":{"@type":"PropertyValueSpecification","valueRequired":true,"valueName":"search_term_string"}}],"inLanguage":"en-US"},{"@type":"Organization","@id":"https:\/\/blogs.oregonstate.edu\/opecenespanol\/#organization","name":"OPEC","url":"https:\/\/blogs.oregonstate.edu\/opecenespanol\/","logo":{"@type":"ImageObject","inLanguage":"en-US","@id":"https:\/\/blogs.oregonstate.edu\/opecenespanol\/#\/schema\/logo\/image\/","url":"https:\/\/osu-wams-blogs-uploads.s3.amazonaws.com\/blogs.dir\/7986\/files\/2024\/09\/OPEC-Horizontal-BW-1.png","contentUrl":"https:\/\/osu-wams-blogs-uploads.s3.amazonaws.com\/blogs.dir\/7986\/files\/2024\/09\/OPEC-Horizontal-BW-1.png","width":838,"height":332,"caption":"OPEC"},"image":{"@id":"https:\/\/blogs.oregonstate.edu\/opecenespanol\/#\/schema\/logo\/image\/"},"sameAs":["https:\/\/www.facebook.com\/OPECParentingEd\/about\/"]}]}},"post_mailing_queue_ids":[],"_links":{"self":[{"href":"https:\/\/blogs.oregonstate.edu\/opecenespanol\/wp-json\/wp\/v2\/pages\/606","targetHints":{"allow":["GET"]}}],"collection":[{"href":"https:\/\/blogs.oregonstate.edu\/opecenespanol\/wp-json\/wp\/v2\/pages"}],"about":[{"href":"https:\/\/blogs.oregonstate.edu\/opecenespanol\/wp-json\/wp\/v2\/types\/page"}],"author":[{"embeddable":true,"href":"https:\/\/blogs.oregonstate.edu\/opecenespanol\/wp-json\/wp\/v2\/users\/14320"}],"replies":[{"embeddable":true,"href":"https:\/\/blogs.oregonstate.edu\/opecenespanol\/wp-json\/wp\/v2\/comments?post=606"}],"version-history":[{"count":5,"href":"https:\/\/blogs.oregonstate.edu\/opecenespanol\/wp-json\/wp\/v2\/pages\/606\/revisions"}],"predecessor-version":[{"id":1022,"href":"https:\/\/blogs.oregonstate.edu\/opecenespanol\/wp-json\/wp\/v2\/pages\/606\/revisions\/1022"}],"wp:featuredmedia":[{"embeddable":true,"href":"https:\/\/blogs.oregonstate.edu\/opecenespanol\/wp-json\/wp\/v2\/media\/786"}],"wp:attachment":[{"href":"https:\/\/blogs.oregonstate.edu\/opecenespanol\/wp-json\/wp\/v2\/media?parent=606"}],"curies":[{"name":"wp","href":"https:\/\/api.w.org\/{rel}","templated":true}]}}