{"id":1166,"date":"2023-03-13T23:13:19","date_gmt":"2023-03-13T23:13:19","guid":{"rendered":"https:\/\/blogs.oregonstate.edu\/nanospd\/?page_id=1166"},"modified":"2025-12-24T22:45:58","modified_gmt":"2025-12-24T22:45:58","slug":"spd-review-overview-papers","status":"publish","type":"page","link":"https:\/\/blogs.oregonstate.edu\/nanospd\/spd-review-overview-papers\/","title":{"rendered":"SPD Review &amp; Overview Papers"},"content":{"rendered":"\n<p class=\"has-text-align-center\"><a href=\"https:\/\/blogs.oregonstate.edu\/nanospd\/spd-books\/\" data-type=\"URL\" data-id=\"https:\/\/blogs.oregonstate.edu\/nanospd\/spd-books\/\">SPD Books<\/a>   \/   <a href=\"https:\/\/blogs.oregonstate.edu\/nanospd\/spd-review-overview-papers\/\">SPD Papers<\/a>   \/   <a href=\"https:\/\/blogs.oregonstate.edu\/nanospd\/spd-special-issues\/\" data-type=\"URL\" data-id=\"https:\/\/blogs.oregonstate.edu\/nanospd\/spd-special-issues\/\">SPD Special Issues<\/a>   \/   <a href=\"https:\/\/blogs.oregonstate.edu\/nanospd\/spd-patents\/\" data-type=\"URL\" data-id=\"https:\/\/blogs.oregonstate.edu\/nanospd\/spd-patents\/\">SPD Patents<\/a>   \/   <a href=\"https:\/\/blogs.oregonstate.edu\/nanospd\/spd-techniques\/\" data-type=\"URL\" data-id=\"https:\/\/blogs.oregonstate.edu\/nanospd\/spd-techniques\/\">SPD Techniques<\/a><\/p>\n\n\n\n<p class=\"has-medium-font-size\"><strong>SPD Review &amp; Overview Papers<\/strong><\/p>\n\n\n\n<ul class=\"wp-block-list\">\n<li>Valery I. Levitas, <a href=\"https:\/\/doi.org\/10.1016\/j.pmatsci.2025.101625\" data-type=\"link\" data-id=\"https:\/\/doi.org\/10.1016\/j.pmatsci.2025.101625\">Strain-induced phase transformations, chemical reactions, microstructure evolution, and severe plastic deformation under high pressure<\/a>, Prog. Mater. Sci. 158 (2026)\u00a0101625.<\/li>\n\n\n\n<li>A.K. Chandan, K. Kishore, M. Kawasaki, T.G. Langdon, J Gubicza, <a href=\"https:\/\/doi.org\/10.1016\/j.pmatsci.2025.101620\" target=\"_blank\" rel=\"noreferrer noopener\">High-pressure torsion of face-centered cubic multi-principal element alloys: Nanostructuring and its influence on properties<\/a>, Prog. Mater. Sci. 158 (2026)&nbsp;101620.<\/li>\n\n\n\n<li>T.G. Langdon, <a href=\"http:\/\/DOI\thttps:\/\/doi.org\/10.1039\/D5NR01886B\" data-type=\"link\" data-id=\"DOI\thttps:\/\/doi.org\/10.1039\/D5NR01886B\">Recent advances in using severe plastic deformation for the processing of nanomaterials<\/a>, Nanoscale, 17 (2025) 17417-17427.&nbsp;<\/li>\n\n\n\n<li>K. Edalati, J. Hidalgo-Jim\u00e9nez, T.T. Nguyen, H. Sena, N. Enikeev, G. Rogl, V.I. Levitas, Z. Horita, M.J. Zehetbauer, R.Z. Valiev, T.G. Langdon, <a href=\"https:\/\/www.annualreviews.org\/content\/journals\/10.1146\/annurev-matsci-080423-122701#abstract_content\" data-type=\"link\" data-id=\"https:\/\/www.annualreviews.org\/content\/journals\/10.1146\/annurev-matsci-080423-122701#abstract_content\">Severe plastic deformation of ceramics by high-pressure torsion: Review of principles and applications<\/a>,&nbsp;Annual Review of Materials Research, 55 (2025) 89-124.<\/li>\n\n\n\n<li>K. Edalati, A.Q. Ahmed, S. Akrami, K. Ameyama, V. Aptukov, R.N. Asfandiyarov, M. Ashida, V. Astanin, A. Bachmaier, V.A. Beloshenko, E.V. Bobruk, K. Bry\u0142a, J.M. Cabrera, A.P. Carvalho, N.Q. Chinh, I.-C. Choi, R. Chulist, J.M. Cubero-Sesin, G. Davdian, M. Demirtas, S. Divinski, K. Durst, J. Dvorak, P. Edalati, S. Emura, N.A.&nbsp;Enikeev, G. Faraji, R.B. Figueiredo, R.&nbsp;Floriano, M. Fouladvind, D. Fruchart, M. Fuji, H. Fujiwara, M. Gajdics, D. Gheorghe, L. Gondek, J.E. Gonz\u00e1lez-Hern\u00e1ndez, A. Gornakova, T. Grosdidier, J. Gubicza, D.V. Gunderov, L. He, O.F. Higuera, S. Hirosawa, A. Hohenwarter, Z. Horita, J. Horky, Y. Huang, J. Huot, Y. Ikoma, T. Ishihara, Y. Ivanisenko, J.-i. Jang, A.M. Jorge, M. Kawabata-Ota, M.&nbsp;Kawasaki, T. Khelfa, J. Kobayashi, L. Kommel, A. Korneva, P. Kral, N. Kudriashova, S. Kuramoto, T.G. Langdon, D.-H. Lee, V.I. Levitas, C. Li, H.-W. Li, Y. Li, Z. Li, H.-J. Lin, K.-D. Liss, Y. Liu, D.M. Marulanda Cardona, K. Matsuda, A. Mazilkin, Y. Mine, H. Miyamoto, S.-C. Moon, M. M\u00fcller, J.A. Mu\u00f1oz, M.Y. Murashkin, M. Naeem, M.&nbsp;Novelli, D. Olasz, R. Pippan, V. Popov, E.N. Popova, G. Purcek, P. de Rango, O. Renk, D. Retraint, \u00c1. R\u00e9v\u00e9sz, V. Roche, P. Rodriguez-Calvillo, L. Romero-Resendiz, X. Sauvage, T. Sawaguchi, H. Sena, H.&nbsp;Shahmir, X.&nbsp;Shi, V. Sklenicka, W. Skrotzki, N. Skryabina, F. Staab, B. Straumal, Z. Sun, M. Szczerba, Y. Takizawa, Y.&nbsp;Tang, R.Z. Valiev, A. Vozniak, A.&nbsp;Voznyak, B. Wang, J.T. Wang, G. Wilde, F. Zhang, M. Zhang, P. Zhang, J. Zhou, X. Zhu and Y.T. Zhu, <a href=\"https:\/\/doi.org\/10.1016\/j.jallcom.2024.174667\" data-type=\"link\" data-id=\"https:\/\/doi.org\/10.1016\/j.jallcom.2024.174667\">Severe plastic deformation for producing superfunctional ultrafine-grained and heterostructured materials: An interdisciplinary review<\/a>, J. Alloys and Compounds, 1002 (2024) 174667(1-150).<\/li>\n\n\n\n<li>R.B. Figueiredo, M. Kawasaki, T.G. Langdon, <a href=\"https:\/\/www.sciencedirect.com\/science\/article\/pii\/S0079642523000634\">Seventy years of Hall-Petch, ninety years of superplasticity and a generalized approach to the effect of grain size on flow stress<\/a>, Prog. Mater. Sci. 137 (2023) 101131.<\/li>\n\n\n\n<li>Y. Zhu &amp; X. Wu, <a href=\"https:\/\/doi.org\/10.1016\/j.pmatsci.2022.101019\" data-type=\"URL\" data-id=\"https:\/\/doi.org\/10.1016\/j.pmatsci.2022.101019\">Heterostructured materials<\/a>, Prog. Mater. Sci. 131 (2023) 101019.<\/li>\n\n\n\n<li>H.Shahmir, M.S. Mehranpour, S.A.A. Shams, T.G. Langdon, <a href=\"https:\/\/doi.org\/10.1016\/j.jmrt.2023.01.181\" data-type=\"URL\" data-id=\"https:\/\/doi.org\/10.1016\/j.jmrt.2023.01.181\">Twenty years of the CoCrFeNiMn high-entropy alloy: achieving exceptional mechanical properties through microstructure engineering<\/a>, J. Mater. Res. Technol. 23 (2023) 3362-3423.<\/li>\n\n\n\n<li>M.P. Medeiros, D.R. Lopes, M. Kawasaki, T.G. Langdon and R.B. Figueiredo, <a href=\"https:\/\/doi.org\/10.3390\/ma16062401\" data-type=\"URL\" data-id=\"https:\/\/doi.org\/10.3390\/ma16062401\">An Overview on the Effect of Severe Plastic Deformation on the Performance of Magnesium for Biomedical Applications<\/a>,&nbsp;Materials,&nbsp;16 (2023) 2401(1-24).<\/li>\n\n\n\n<li>M. Hashemi, R. Alizadeh and T.G. Langdon, <a href=\"https:\/\/doi.org\/10.1016\/j.jma.2023.07.009\" data-type=\"link\" data-id=\"https:\/\/doi.org\/10.1016\/j.jma.2023.07.009\">Review: Recent Advances using Equal-Channel Angular Pressing to Improve the Properties of Biodegradable Mg-Zn Alloys<\/a>, J. Magnesium and Alloys, 11 (2023) 2260-2284.<\/li>\n\n\n\n<li>K. Edalati, A. Bachmaier, V. A. Beloshenko, Y. Beygelzimer, V.D. Blank, W.J. Botta, K. Bry\u0142a, J. \u010c\u00ed\u017eek, S. Divinski, N.A. Enikeev, Y. Estrin, G. Faraji, R.B. Figueiredo, M. Fuji, T. Furuta, T. Grosdidier, J. Gubicza, A. Hohenwarter, Z. Horita, J. Huot, Y. Ikoma, M. Jane\u010dek, M. Kawasaki, P. Kr\u00e1l, S. Kuramoto, T.G. Langdon, D.R. Leiva, V.I. Levitas, A. Mazilkin, M. Mito, H. Miyamoto, T. Nishizaki, R. Pippan, V.V. Popov, E.N. Popova, G. Purcek, O. Renk, \u00c1. R\u00e9v\u00e9sz, X. Sauvage, V. Sklenicka, W. Skrotzki, B.B. Straumal, S. Suwas, L.S. Toth, N. Tsuji, R.Z. Valiev, G. Wilde, M.J. Zehetbauer, X. Zhu, &#8220;<a href=\"https:\/\/doi.org\/10.1080\/21663831.2022.2029779\" target=\"_blank\" rel=\"noreferrer noopener\">Nanomaterials by severe plastic deformation: Review of historical developments and recent advances<\/a>&#8220;, Mater. Res. Lett. 10(4) (2022) 163-256.<\/li>\n\n\n\n<li>L. Romero-Resendiz, M. El-Tahawy, T. Zhang, M.C. Rossi, D.M. Marulanda-Cardona, T. Yang, V. Amig\u00f3-Borr\u00e1s, Y. Huang, H. Mirzadeh, I.J. Beyerlein, J.C. Huang, T.G. Langdon, Y.T. Zhu, <a href=\"https:\/\/doi.org\/10.1016\/j.mser.2022.100691\" data-type=\"URL\" data-id=\"https:\/\/doi.org\/10.1016\/j.mser.2022.100691\">Heterostructured Stainless Steel: Properties, Current Trends, and Future Perspectives<\/a>, Mater. Sci. Eng. R 150, (2022) 100691(1-55).<\/li>\n\n\n\n<li>H. Azzeddine, D. Bradai, T. Baudin, T.G. Langdon, <a href=\"https:\/\/doi.org\/10.1016\/j.pmatsci.2021.100886\" data-type=\"URL\" data-id=\"https:\/\/doi.org\/10.1016\/j.pmatsci.2021.100886\">Texture evolution in high-pressure torsion processing<\/a>, Prog. Mater. Sci. 125 (2022) 100886.<\/li>\n\n\n\n<li>Y. Shi, W. Shang, T. Wang, X. Zhang, S. Liang, Z. Lu, L. Wang, H. Liu, Z. Xing, D. Xu, <a href=\"https:\/\/doi.org\/10.1080\/02670836.2022.2037060\" data-type=\"URL\" data-id=\"https:\/\/doi.org\/10.1080\/02670836.2022.2037060\">Enhancing mechanical properties of metallic materials by architecturing gradient structures<\/a>, Mater. Sci. Technol. 38 (2022) 254-267.<\/li>\n\n\n\n<li>K. Edalati et al. (49 co-authors), <a href=\"https:\/\/doi.org\/10.1080\/21663831.2022.2029779\" data-type=\"URL\" data-id=\"https:\/\/doi.org\/10.1080\/21663831.2022.2029779\">Nanomaterials by severe plastic deformation: review of historical developments and recent advances<\/a>, Mater. Res. Lett. 10 (2022) 163-256.<\/li>\n\n\n\n<li>R.Z. Valiev, B. Straumal, T.G. Langdon, <a href=\"http:\/\/www.issp.ac.ru\/libm\/assets\/files\/414.pdf\" data-type=\"URL\" data-id=\"http:\/\/www.issp.ac.ru\/libm\/assets\/files\/414.pdf\">Using severe plastic deformation to produce nanostructured materials with superior properties<\/a>, Ann. Rev. Mater. Res.&nbsp; 52 (2022) 357-382.<\/li>\n\n\n\n<li>E. Gerashi, R. Alizadeh, T.G. Langdon, <a href=\"https:\/\/doi.org\/10.1016\/j.jma.2021.09.009\" data-type=\"link\" data-id=\"https:\/\/doi.org\/10.1016\/j.jma.2021.09.009\">Effect of Crystallographic Texture and Twinning on the Corrosion Behavior of Mg Alloys: A Review<\/a>, J. Magnesium and Alloys 10 (2022) 313-325.<\/li>\n\n\n\n<li>D. Hern\u00e1ndez-Escobar, M. Kawasaki, C.J. Boehlert, <a href=\"https:\/\/doi.org\/10.1080\/09506608.2021.1922807\" data-type=\"URL\" data-id=\"https:\/\/doi.org\/10.1080\/09506608.2021.1922807\">Metal hybrids processed by high-pressure torsion: synthesis, microstructure, mechanical properties and developing trends<\/a>, Int. Mater. Rev. 67 (2021) 231-265.<\/li>\n\n\n\n<li>F.Z. Utyashev, Y.E. Beygelzimer, R.Z. Valiev, <a href=\"https:\/\/doi.org\/10.1002\/adem.202100110\" data-type=\"URL\" data-id=\"https:\/\/doi.org\/10.1002\/adem.202100110\">Large and severe plastic deformation of metals: similarities and differences in flow mechanics and structure formation<\/a>, Adv. Eng. Mater. 23 (2021) 2100110<\/li>\n\n\n\n<li>R.B. Figueiredo &amp; T.G. Langdon, <a href=\"https:\/\/doi.org\/10.1016\/j.jmrt.2021.06.016\" data-type=\"URL\" data-id=\"https:\/\/doi.org\/10.1016\/j.jmrt.2021.06.016\">Deformation mechanisms in ultrafine-grained metals with an emphasis on the Hall-Petch relationship and strain rate sensitivity<\/a>, J. Mater. Res. Technol. 14 (2021) 137-159<\/li>\n\n\n\n<li>Y. Estrin, Y. Beygelzimer, R. Kulagin, P. Gumbsch, P. Fratzl, Y. Zhu, H. Hahn, <a href=\"https:\/\/doi.org\/10.1080\/21663831.2021.1961908\" data-type=\"URL\" data-id=\"https:\/\/doi.org\/10.1080\/21663831.2021.1961908\">Architecturing materials at mesoscale: some current trends<\/a>, Mater. Res. Lett. 9 (2021) 399-421.<\/li>\n\n\n\n<li>A. Vinogradov &amp; Y. Estrin, <a href=\"https:\/\/doi.org\/10.1016\/j.pmatsci.2018.02.001\" data-type=\"URL\" data-id=\"https:\/\/doi.org\/10.1016\/j.pmatsci.2018.02.001\">Analytical and numerical approaches to modelling severe plastic deformation<\/a>, Prog. Mater. Sci. 95 (2018) 172-242.<\/li>\n\n\n\n<li>I.A. Ovid&#8217;ko, R.Z. Valiev, Y.T. Zhu, <a href=\"https:\/\/doi.org\/10.1016\/j.pmatsci.2018.02.002\" data-type=\"URL\" data-id=\"https:\/\/doi.org\/10.1016\/j.pmatsci.2018.02.002\">Review on superior strength and enhanced ductility of metallic nanomaterials<\/a>, Prog. Mater. Sci. 94 (2018) 462-540.<\/li>\n\n\n\n<li>E. Bruder, <a href=\"https:\/\/doi.org\/10.1002\/adem.201800316\" data-type=\"URL\" data-id=\"https:\/\/doi.org\/10.1002\/adem.201800316\">Formability of ultrafine grained metals produced by severe plastic deformation \u2013 an overview<\/a>, Adv. Eng. Mater. 21 (2018) 1800316.<\/li>\n\n\n\n<li>Y. Cao, S. Ni, X. Liao, M. Song, Y. Zhu, <a href=\"https:\/\/doi.org\/10.1016\/j.mser.2018.06.001\" data-type=\"URL\" data-id=\"https:\/\/doi.org\/10.1016\/j.mser.2018.06.001\">Structural evolutions of metallic materials processed by severe plastic deformation<\/a>, Mater. Sci. Eng. R 133 (2018) 1-59.<\/li>\n\n\n\n<li>A. Vinogradov &amp; Y. Estrin, <a href=\"https:\/\/doi.org\/10.1016\/j.pmatsci.2018.02.001\" data-type=\"URL\" data-id=\"https:\/\/doi.org\/10.1016\/j.pmatsci.2018.02.001\">Analytical and numerical approaches to modelling severe plastic deformation<\/a>, Prog. Mater. Sci. 95 (2018) 172-242.<\/li>\n\n\n\n<li>R.Z. Valiev, Y. Estrin, Z. Horita, T.G. Langdon, M.J. Zehetbauer, Y.T. Zhu, <a href=\"https:\/\/doi.org\/10.1007\/s11837-016-1820-6\" data-type=\"URL\" data-id=\"https:\/\/doi.org\/10.1007\/s11837-016-1820-6\">Producing Bulk Ultrafine-Grained Materials by Severe Plastic Deformation: Ten Years Later<\/a>, <em>JOM<\/em> 68(4) (2016) 1216-1226.<\/li>\n\n\n\n<li>P. Kumar, M. Kawasaki, T.G. Langdon, <a href=\"https:\/\/doi.org\/10.1007\/s10853-015-9143-5\" data-type=\"URL\" data-id=\"https:\/\/doi.org\/10.1007\/s10853-015-9143-5\">Review: Overcoming the paradox of strength and ductility in ultrafine-grained materials at low temperatures<\/a>, J. Mater. Sci. 51 (2016) 7-18.<\/li>\n\n\n\n<li>M. Kawasaki, T.G. Langdon, <a href=\"https:\/\/doi.org\/10.1007\/s10853-015-9176-9\" data-type=\"URL\" data-id=\"https:\/\/doi.org\/10.1007\/s10853-015-9176-9\">Review: achieving superplastic properties in ultrafine-grained materials at high temperatures<\/a>, J. Mater. Sci. 51 (2016) 19-32.<\/li>\n\n\n\n<li>R.Z. Valiev, Y. Estrin, Z. Horita, T.G. Langdon, M.J. Zehetbauer, and Y.T. Zhu, <a href=\"https:\/\/doi.org\/10.1007\/s11837-016-1820-6\" data-type=\"URL\" data-id=\"https:\/\/doi.org\/10.1007\/s11837-016-1820-6\">Fundamentals of Superior Properties in Bulk nanoSPD Materials<\/a>, Mater. Res. Lett., 4 (2016) 1-21.<\/li>\n\n\n\n<li>T.G. Langdon, <a href=\"https:\/\/doi.org\/10.1016\/j.actamat.2013.08.018\" data-type=\"URL\" data-id=\"https:\/\/doi.org\/10.1016\/j.actamat.2013.08.018\">Twenty-five Years of Ultrafine-Grained Materials: Achieving Exceptional Properties through Grain Refinement<\/a>, Acta Mater. 61 (2013) 7035-7059.<\/li>\n\n\n\n<li>Y. Estrin &amp; A. Vinogradov, <a href=\"https:\/\/doi.org\/10.1016\/j.actamat.2012.10.038\" data-type=\"URL\" data-id=\"https:\/\/doi.org\/10.1016\/j.actamat.2012.10.038\">Extreme grain refinement by severe plastic deformation: A wealth of challenging science<\/a>, Acta Mater. 61 (2013) 782-817.<\/li>\n\n\n\n<li>A.P. Zhilyaev &amp; T.G. Langdon, <a href=\"https:\/\/doi.org\/10.1016\/j.pmatsci.2008.03.002\" data-type=\"URL\" data-id=\"https:\/\/doi.org\/10.1016\/j.pmatsci.2008.03.002\">Using High-Pressure Torsion for Metal Processing: Fundamentals and Applications<\/a>, Prog. Mater. Sci. 53 (2008) 893-979.<\/li>\n\n\n\n<li>R.Z. Valiev &amp; T.G. Langdon, <a href=\"https:\/\/doi.org\/10.1016\/j.pmatsci.2006.02.003\" data-type=\"URL\" data-id=\"https:\/\/doi.org\/10.1016\/j.pmatsci.2006.02.003\">Principles of Equal-Channel Angular Pressing as a Processing Tool for Grain Refinement<\/a>, Prog. Mater. Sci. 51 (2006) 881-981.<\/li>\n\n\n\n<li>R.Z. Valiev, Y. Estrin, Z. Horita, T.G. Langdon, <a href=\"https:\/\/doi.org\/10.1007\/s11837-016-1820-6\" data-type=\"URL\" data-id=\"https:\/\/doi.org\/10.1007\/s11837-016-1820-6\">M.J. Zehetbauer, Y.T. Zhu, Producing Bulk Ultrafine-Grained Materials by Severe Plastic Deformation<\/a>, JOM 58 (4) (2006) 33-39.<\/li>\n\n\n\n<li>A. Rosochowski, <a href=\"https:\/\/citeseerx.ist.psu.edu\/document?repid=rep1&amp;type=pdf&amp;doi=e7594c0bd4ee68266517a17df59806811ef694cd\" data-type=\"URL\" data-id=\"https:\/\/citeseerx.ist.psu.edu\/document?repid=rep1&amp;type=pdf&amp;doi=e7594c0bd4ee68266517a17df59806811ef694cd\">Processing metals by severe plastic deformation<\/a>, Solid State Phenomena 101-102 (2005) 13-22.<\/li>\n\n\n\n<li>Y.T. Zhu and D.P. Butt, Nanomaterials by Severe Plastic Deformation, <a href=\"http:\/\/www.aspbs.com\/enna-z.html\" data-type=\"URL\" data-id=\"http:\/\/www.aspbs.com\/enna-z.html\">Encyclopedia of Nanotechnology<\/a>, American Scientific Publishers, Stevenson Ranch, CA, volume 6, (2004), pp. 843-856.<\/li>\n\n\n\n<li>Y.T. Zhu &amp; T.G. Langdon, <a href=\"https:\/\/doi.org\/10.1007\/s11837-004-0294-0\" data-type=\"URL\" data-id=\"https:\/\/doi.org\/10.1007\/s11837-004-0294-0\">The Fundamentals of Nanostructured Materials by Severe Plastic Deformation<\/a>, JOM 56 (2004) 58-63.<\/li>\n\n\n\n<li>T.C. Lowe &amp; R.Z. Valiev, <a href=\"https:\/\/doi.org\/10.1007\/s11837-004-0295-z\" data-type=\"URL\" data-id=\"https:\/\/doi.org\/10.1007\/s11837-004-0295-z\">The Use of Severe Plastic Deformation Techniques in Grain Refinement<\/a>, JOM 56 (2004) 64-68.<\/li>\n\n\n\n<li>S.L. Semiatin, A.A. Salem, M.J. Saran, <a href=\"https:\/\/doi.org\/10.1007\/s11837-004-0296-y\" data-type=\"URL\" data-id=\"https:\/\/doi.org\/10.1007\/s11837-004-0296-y\">Models for Severe Plastic Deformation by Equal-Channel Angular Extrusion<\/a>, JOM 56 (2004) 58-63.<\/li>\n\n\n\n<li>T.C. Lowe &amp; Y.T. Zhu, <a href=\"https:\/\/doi.org\/10.1002\/adem.200310076\" data-type=\"URL\" data-id=\"https:\/\/doi.org\/10.1002\/adem.200310076\">Commercialization of Nanostructured Metals Produced by Severe Plastic Deformation Processing<\/a>, Adv. Eng. Mater. 5 (2003) 373-378.<\/li>\n\n\n\n<li>M. Furukawa, Z. Horita, M. Nemoto, T.G. Langdon, <a href=\"https:\/\/doi.org\/10.1023\/A:1017932417043\" data-type=\"URL\" data-id=\"https:\/\/doi.org\/10.1023\/A:1017932417043\">Review: Processing of Metals by Equal-Channel Angular Pressing<\/a>, J. Mater. Sci. 36 (2001) 2835-2843.<\/li>\n\n\n\n<li>R.Z. Valiev, R.K. Islamgaliev, I.V. Alexandrov, <a href=\"https:\/\/doi.org\/10.1016\/S0965-9773(99)00061-6\" data-type=\"URL\" data-id=\"https:\/\/doi.org\/10.1016\/S0965-9773(99)00061-6\">Bulk Nanostructured Materials from Severe Plastic Deformation<\/a>, Prog. Mater. Sci. 45 (2000) 103-189.<\/li>\n<\/ul>\n\n\n\n<p><\/p>\n","protected":false},"excerpt":{"rendered":"<p>SPD Books \/ SPD Papers \/ SPD Special Issues \/ SPD Patents \/ SPD Techniques SPD Review &amp; Overview Papers<\/p>\n","protected":false},"author":13330,"featured_media":0,"parent":0,"menu_order":0,"comment_status":"closed","ping_status":"closed","template":"onecolumn-page.php","meta":{"footnotes":""},"class_list":["post-1166","page","type-page","status-publish","hentry"],"_links":{"self":[{"href":"https:\/\/blogs.oregonstate.edu\/nanospd\/wp-json\/wp\/v2\/pages\/1166","targetHints":{"allow":["GET"]}}],"collection":[{"href":"https:\/\/blogs.oregonstate.edu\/nanospd\/wp-json\/wp\/v2\/pages"}],"about":[{"href":"https:\/\/blogs.oregonstate.edu\/nanospd\/wp-json\/wp\/v2\/types\/page"}],"author":[{"embeddable":true,"href":"https:\/\/blogs.oregonstate.edu\/nanospd\/wp-json\/wp\/v2\/users\/13330"}],"replies":[{"embeddable":true,"href":"https:\/\/blogs.oregonstate.edu\/nanospd\/wp-json\/wp\/v2\/comments?post=1166"}],"version-history":[{"count":5,"href":"https:\/\/blogs.oregonstate.edu\/nanospd\/wp-json\/wp\/v2\/pages\/1166\/revisions"}],"predecessor-version":[{"id":1759,"href":"https:\/\/blogs.oregonstate.edu\/nanospd\/wp-json\/wp\/v2\/pages\/1166\/revisions\/1759"}],"wp:attachment":[{"href":"https:\/\/blogs.oregonstate.edu\/nanospd\/wp-json\/wp\/v2\/media?parent=1166"}],"curies":[{"name":"wp","href":"https:\/\/api.w.org\/{rel}","templated":true}]}}