{"id":13,"date":"2023-03-15T22:06:32","date_gmt":"2023-03-15T22:06:32","guid":{"rendered":"https:\/\/blogs.oregonstate.edu\/ent599botflies\/?page_id=13"},"modified":"2023-03-15T22:06:32","modified_gmt":"2023-03-15T22:06:32","slug":"works-cited","status":"publish","type":"page","link":"https:\/\/blogs.oregonstate.edu\/ent599botflies\/works-cited\/","title":{"rendered":"Works Cited"},"content":{"rendered":"\n<p>Balashov, Y. S. (2006). Types of parasitism of acarines and insects on terrestrial vertebrates. <em>Entomological Review<\/em>, <em>86<\/em>, 957\u2013971. https:\/\/doi.org\/10.1134\/S0013873806080112<\/p>\n\n\n\n<p>Cepeda-Palacios, R., Angulo Valadez, C. E., Scholl, J. P., Ramirez-Orduna, R., Jacquiet, P. P., &amp; Dorchies, P. (2011). Ecobiology of the sheep nose bot fly (Oestrus ovis L.): A review. <em>Revue de M\u00e9decine V\u00e9t\u00e9rinaire<\/em>, <em>162<\/em>(11), 503\u2013507. https:\/\/doi.org\/hal-02651191f<\/p>\n\n\n\n<p>Cogley, T. P., Anderson, J. R., &amp; Cogley, L. J. (1982). Migration of Gasterophilus intestinalis larvae (Diptera: Gasterophilidae) in the equine oral cavity. <em>International Journal for Parasitology<\/em>, <em>12<\/em>(5), 473\u2013480. https:\/\/doi.org\/10.1016\/0020-7519(82)90079-0<\/p>\n\n\n\n<p>Colwell, D. D. (1991). Ultrastructure of the Integument of First-Instar Hypoderma lineatum and H. bovis (Diptera: Oestridae). <em>Journal of Medical Entomology<\/em>, <em>28<\/em>(1), 86\u201394. https:\/\/doi.org\/10.1093\/jmedent\/28.1.86<\/p>\n\n\n\n<p>Cowell, D.D., et al.&nbsp;<em>Oestrid Flies : Biology, Host-Parasite Relationships, Impact and Management<\/em>, CABI, 2006.<em>&nbsp;ProQuest Ebook Central<\/em>, https:\/\/ebookcentral.proquest.com\/lib\/osu\/detail.action?docID=289452.<\/p>\n\n\n\n<p>De Filippis, T., &amp; Leite, A. C. R. (1998). Morphology of the second- and third-instar larvae of Dermatobia hominis by scanning electron microscopy. <em>Medical and Veterinary Entomology<\/em>, <em>12<\/em>, 160\u2013168. https:\/\/doi.org\/10.1046\/j.1365-2915.1998.00096.x.<\/p>\n\n\n\n<p>Innocenti, L., Lucchesi, P., &amp; Giorgi, F. (1997). Integument ultrastructure of Oestrus ovis (L.) (Diptera: Oestridae) larvae: Host immune response to various cuticular components. <em>International Journal for Parasitology<\/em>, <em>27<\/em>(5), 495\u2013506. https:\/\/doi.org\/10.1016\/S0020-7519(96)00186-5<\/p>\n\n\n\n<p>Li, X. Y., Pape, T., Colwell, D., Dewhurst, C., &amp; Zhang, D. (2021). Three-dimensional characterization of first instar horse and rhinoceros stomach bot fly larvae (Oestridae: Gasterophilinae: Gasterophilus, Gyrostigma): Novel morphology and evolutionary implications. <em>Zoological Journal of the Linnean Society<\/em>, <em>193<\/em>, 939\u2013952. https:\/\/doi.org\/10.1093\/zoolinnean\/zlaa164<\/p>\n\n\n\n<p>Otranto, D. (2001). The immunology of myiasis: Parasite survival and host defense strategies. <em>Trends in Parasitology<\/em>, <em>17<\/em>(4), 176\u2013182. https:\/\/doi.org\/10.1016\/S1471-4922(00)01943-7<\/p>\n\n\n\n<p>Scholl, P. J., Colwell, D. D., &amp; Cepeda-Palacios, R. (2019). Myiasis (Muscoidea, Oestroidea). In <em>Medical and Veterinary Entomology<\/em> (3rd ed., pp. 383\u2013419). Academic Press. https:\/\/doi.org\/10.1016\/B978-0-12-814043-7.00019-4<\/p>\n\n\n\n<p>Slansky, F. (2007). Insect\/Mammal Associations: Effects of Cuterebrid Bot Fly Parasites on Their Hosts. <em>Annual Review of Entomology<\/em>, <em>52<\/em>, 17\u201336. https:\/\/doi.org\/10.1146\/annurev.ento.51.110104.151017<\/p>\n\n\n\n<p>Wall, R., &amp; Shearer, D. (1997). Myiasis. In <em>Veterinary Entomology: Arthropod Ectoparasites of Veterinary Importance<\/em> (1st ed., p. 454). Springer-Science + Business Media, B.V.<\/p>\n\n\n\n<p>Wang, C., &amp; St. Leger, R. J. (2006). A collagenous protective coat enables Metarhizium anisopliae to evade insect immune responses. <em>PNAS<\/em>, <em>103<\/em>(17), 6647\u20136652. https:\/\/doi.org\/10.1073\/pnas.0601951103<\/p>\n\n\n\n<p>Yan, L., Pape, T., Elgar, M. A., Gao, Y., &amp; Zhang, D. (2019). Evolutionary history of stomach bot flies in the light of mitogenomics. <em>Systematic Entomology<\/em>, <em>44<\/em>(4), 797\u2013809. https:\/\/doi.org\/\/10.1111\/syen.12356<\/p>\n\n\n\n<p>Yousef, H. A. (2004). CHARACTERIZATION OF CUTICULAR PROTEINS OF THE HORSE BOT FLY, GASTROPHILUS INTESTINALIS DURING LARVAL-PUPAL DEVELOPMENT. <em>Efflatounia<\/em>, <em>4<\/em>, 41\u201348.<\/p>\n","protected":false},"excerpt":{"rendered":"<p>Balashov, Y. S. (2006). Types of parasitism of acarines and insects on terrestrial vertebrates. Entomological Review, 86, 957\u2013971. https:\/\/doi.org\/10.1134\/S0013873806080112 Cepeda-Palacios, R., Angulo Valadez, C. E., Scholl, J. P., Ramirez-Orduna, R., Jacquiet, P. P., &amp; Dorchies, P. (2011). Ecobiology of the sheep nose bot fly (Oestrus ovis L.): A review. Revue de M\u00e9decine V\u00e9t\u00e9rinaire, 162(11), 503\u2013507. &hellip; <a href=\"https:\/\/blogs.oregonstate.edu\/ent599botflies\/works-cited\/\" class=\"more-link\">Continue reading<span class=\"screen-reader-text\"> &#8220;Works Cited&#8221;<\/span><\/a><\/p>\n","protected":false},"author":12162,"featured_media":0,"parent":0,"menu_order":0,"comment_status":"closed","ping_status":"closed","template":"","meta":{"footnotes":""},"class_list":["post-13","page","type-page","status-publish","hentry"],"_links":{"self":[{"href":"https:\/\/blogs.oregonstate.edu\/ent599botflies\/wp-json\/wp\/v2\/pages\/13","targetHints":{"allow":["GET"]}}],"collection":[{"href":"https:\/\/blogs.oregonstate.edu\/ent599botflies\/wp-json\/wp\/v2\/pages"}],"about":[{"href":"https:\/\/blogs.oregonstate.edu\/ent599botflies\/wp-json\/wp\/v2\/types\/page"}],"author":[{"embeddable":true,"href":"https:\/\/blogs.oregonstate.edu\/ent599botflies\/wp-json\/wp\/v2\/users\/12162"}],"replies":[{"embeddable":true,"href":"https:\/\/blogs.oregonstate.edu\/ent599botflies\/wp-json\/wp\/v2\/comments?post=13"}],"version-history":[{"count":4,"href":"https:\/\/blogs.oregonstate.edu\/ent599botflies\/wp-json\/wp\/v2\/pages\/13\/revisions"}],"predecessor-version":[{"id":141,"href":"https:\/\/blogs.oregonstate.edu\/ent599botflies\/wp-json\/wp\/v2\/pages\/13\/revisions\/141"}],"wp:attachment":[{"href":"https:\/\/blogs.oregonstate.edu\/ent599botflies\/wp-json\/wp\/v2\/media?parent=13"}],"curies":[{"name":"wp","href":"https:\/\/api.w.org\/{rel}","templated":true}]}}